

{"id":9775,"date":"2025-12-24T08:36:47","date_gmt":"2025-12-24T08:36:47","guid":{"rendered":"https:\/\/boztuna.com\/product\/tcl-elite-tac-18chsd-xa51i-a-18000-btu-inverter-duvar-tipi-klima-2\/"},"modified":"2026-04-20T13:07:49","modified_gmt":"2026-04-20T13:07:49","slug":"tcl-elite-tac-18chsd-xa51i-a-18000-btu-inverter-duvar-tipi-klima-2","status":"publish","type":"product","link":"https:\/\/boztuna.com\/en\/product\/tcl-elite-tac-18chsd-xa51i-a-18000-btu-inverter-duvar-tipi-klima-2\/","title":{"rendered":"TCL Elite TAC-18CHSD\/XA51I A++ 18000 BTU Inverter Duvar Tipi Klima"},"content":{"rendered":"<h2>\n<span>\u00a0<\/span>TCL Elite TAC-18CHSD\/XA51I A++ 18000 BTU Inverter Duvar Tipi Klima \u00d6zellikleri<\/h2>\n<div id=\"DT_w\" class=\"wbb_v8\">\n<div class=\"ppts_v8\">\n<table class=\"ppt\" border=\"1\">\n<tbody>\n<tr>\n<td>\u0130nverter<\/td>\n<td>:var<i><\/i>\n<\/td>\n<\/tr>\n<tr>\n<td>Wi-Fi<\/td>\n<td>:var<i><\/i>\n<\/td>\n<\/tr>\n<tr>\n<td>Nem Alma<\/td>\n<td>:var<i><\/i>\n<\/td>\n<\/tr>\n<tr>\n<td>Sessiz<\/td>\n<td>:var<i><\/i>\n<\/td>\n<\/tr>\n<tr>\n<td>Tipi<\/td>\n<td>: \u00a0 Duvar Tipi (Split)<\/td>\n<\/tr>\n<tr>\n<td>BTU De\u011feri<\/td>\n<td>: \u00a0 12.000 BTU<\/td>\n<\/tr>\n<\/tbody>\n<\/table>\n<\/div>\n<div class=\"ppts_v8\">\n<table class=\"ppt\" border=\"1\">\n<tbody>\n<tr>\n<td>Ses Seviyesi<\/td>\n<td>: \u00a0 50 dB<\/td>\n<\/tr>\n<tr>\n<td>Buz \u00c7\u00f6zme<\/td>\n<td>:var<i><\/i>\n<\/td>\n<\/tr>\n<tr>\n<td>Turbo Mod<\/td>\n<td>:var<i><\/i>\n<\/td>\n<\/tr>\n<tr>\n<td>Uyku Modu<\/td>\n<td>:var<i><\/i>\n<\/td>\n<\/tr>\n<tr>\n<td>Zamanlay\u0131c\u0131<\/td>\n<td>:var<i><\/i>\n<\/td>\n<\/tr>\n<tr>\n<td>iFeel<\/td>\n<td>:var<i><\/i>\n<\/td>\n<\/tr>\n<\/tbody>\n<\/table>\n<\/div>\n<div class=\"ppts_v8\">\n<table class=\"ppt\" border=\"1\" style=\"width: 100%; height: 90.969px;\">\n<tbody>\n<tr style=\"height: 19.5938px;\">\n<td style=\"width: 64.5704%; height: 19.5938px;\">Eco Mod<\/td>\n<td style=\"width: 32.5725%; height: 19.5938px;\">:var<i><\/i>\n<\/td>\n<\/tr>\n<tr style=\"height: 19.5938px;\">\n<td style=\"width: 64.5704%; height: 19.5938px;\">S\u0131cakl\u0131k G\u00f6stergeli<\/td>\n<td style=\"width: 32.5725%; height: 19.5938px;\">:var<i><\/i>\n<\/td>\n<\/tr>\n<tr style=\"height: 19.5938px;\">\n<td style=\"width: 64.5704%; height: 19.5938px;\">Sal\u0131n\u0131m<\/td>\n<td style=\"width: 32.5725%; height: 19.5938px;\">: \u00a0 4 Y\u00f6nl\u00fc<\/td>\n<\/tr>\n<tr style=\"height: 12.5938px;\">\n<td style=\"width: 64.5704%; height: 12.5938px;\">Yapay Zeka Destekli<\/td>\n<td style=\"width: 32.5725%; height: 12.5938px;\">:<i><\/i>\n<\/td>\n<\/tr>\n<tr style=\"height: 19.5938px;\">\n<td style=\"width: 64.5704%; height: 19.5938px;\">Enerji S\u0131n\u0131f\u0131<\/td>\n<td style=\"width: 32.5725%; height: 19.5938px;\">: \u00a0 A++<\/td>\n<\/tr>\n<\/tbody>\n<\/table>\n<\/div>\n<\/div>","protected":false},"excerpt":{"rendered":"<p>\u00a0TCL Elite TAC-18CHSD\/XA51I A++ 18000 BTU Inverter Duvar Tipi Klima \u00d6zellikleri \u0130nverter :var Wi-Fi :var Nem Alma :var Sessiz :var Tipi : \u00a0 Duvar Tipi (Split) BTU De\u011feri : \u00a0 12.000 BTU Ses Seviyesi : \u00a0 50 dB Buz \u00c7\u00f6zme :var Turbo Mod :var Uyku Modu :var Zamanlay\u0131c\u0131 :var iFeel :var Eco Mod :var S\u0131cakl\u0131k [&hellip;]<\/p>","protected":false},"featured_media":9981,"comment_status":"open","ping_status":"closed","template":"","meta":{"_joinchat":[]},"product_brand":[],"product_cat":[298],"product_tag":[],"class_list":{"0":"post-9775","1":"product","2":"type-product","3":"status-publish","4":"has-post-thumbnail","6":"product_cat-beyaz-esya-ve-klimalar","8":"first","9":"instock","10":"sale","11":"shipping-taxable","12":"purchasable","13":"product-type-simple"},"yoast_head":"<!-- This site is optimized with the Yoast SEO plugin v27.4 - https:\/\/yoast.com\/product\/yoast-seo-wordpress\/ -->\n<title>TCL Elite TAC-18CHSD\/XA51I A++ 18000 BTU Inverter Duvar Tipi Klima - Boztuna Group<\/title>\n<meta name=\"robots\" content=\"index, follow, max-snippet:-1, max-image-preview:large, max-video-preview:-1\" \/>\n<link rel=\"canonical\" href=\"https:\/\/boztuna.com\/en\/product\/tcl-elite-tac-18chsd-xa51i-a-18000-btu-inverter-duvar-tipi-klima-2\/\" \/>\n<meta property=\"og:locale\" content=\"en_GB\" \/>\n<meta property=\"og:type\" content=\"article\" \/>\n<meta property=\"og:title\" content=\"TCL Elite TAC-18CHSD\/XA51I A++ 18000 BTU Inverter Duvar Tipi Klima - Boztuna Group\" \/>\n<meta property=\"og:description\" content=\"\u00a0TCL Elite TAC-18CHSD\/XA51I A++ 18000 BTU Inverter Duvar Tipi Klima \u00d6zellikleri \u0130nverter :var Wi-Fi :var Nem Alma :var Sessiz :var Tipi : \u00a0 Duvar Tipi (Split) BTU De\u011feri : \u00a0 12.000 BTU Ses Seviyesi : \u00a0 50 dB Buz \u00c7\u00f6zme :var Turbo Mod :var Uyku Modu :var Zamanlay\u0131c\u0131 :var iFeel :var Eco Mod :var S\u0131cakl\u0131k [&hellip;]\" \/>\n<meta property=\"og:url\" content=\"https:\/\/boztuna.com\/en\/product\/tcl-elite-tac-18chsd-xa51i-a-18000-btu-inverter-duvar-tipi-klima-2\/\" \/>\n<meta property=\"og:site_name\" content=\"Boztuna Group\" \/>\n<meta property=\"article:publisher\" content=\"https:\/\/www.facebook.com\/boztunagroup\" \/>\n<meta property=\"article:modified_time\" content=\"2026-04-20T13:07:49+00:00\" \/>\n<meta property=\"og:image\" content=\"https:\/\/boztuna.com\/wp-content\/uploads\/2025\/12\/tcl_4_80e0e417-b48f-45ec-94a4-03fe74d46be8.png\" \/>\n\t<meta property=\"og:image:width\" content=\"800\" \/>\n\t<meta property=\"og:image:height\" content=\"800\" \/>\n\t<meta property=\"og:image:type\" content=\"image\/png\" \/>\n<meta name=\"twitter:card\" content=\"summary_large_image\" \/>\n<script type=\"application\/ld+json\" class=\"yoast-schema-graph\">{\"@context\":\"https:\\\/\\\/schema.org\",\"@graph\":[{\"@type\":\"WebPage\",\"@id\":\"https:\\\/\\\/boztuna.com\\\/urun\\\/tcl-elite-tac-18chsd-xa51i-a-18000-btu-inverter-duvar-tipi-klima-2\\\/\",\"url\":\"https:\\\/\\\/boztuna.com\\\/urun\\\/tcl-elite-tac-18chsd-xa51i-a-18000-btu-inverter-duvar-tipi-klima-2\\\/\",\"name\":\"TCL Elite TAC-18CHSD\\\/XA51I A++ 18000 BTU Inverter Duvar Tipi Klima - Boztuna Group\",\"isPartOf\":{\"@id\":\"https:\\\/\\\/boztuna.com\\\/#website\"},\"primaryImageOfPage\":{\"@id\":\"https:\\\/\\\/boztuna.com\\\/urun\\\/tcl-elite-tac-18chsd-xa51i-a-18000-btu-inverter-duvar-tipi-klima-2\\\/#primaryimage\"},\"image\":{\"@id\":\"https:\\\/\\\/boztuna.com\\\/urun\\\/tcl-elite-tac-18chsd-xa51i-a-18000-btu-inverter-duvar-tipi-klima-2\\\/#primaryimage\"},\"thumbnailUrl\":\"https:\\\/\\\/boztuna.com\\\/wp-content\\\/uploads\\\/2025\\\/12\\\/tcl_4_80e0e417-b48f-45ec-94a4-03fe74d46be8.png\",\"datePublished\":\"2025-12-24T08:36:47+00:00\",\"dateModified\":\"2026-04-20T13:07:49+00:00\",\"breadcrumb\":{\"@id\":\"https:\\\/\\\/boztuna.com\\\/urun\\\/tcl-elite-tac-18chsd-xa51i-a-18000-btu-inverter-duvar-tipi-klima-2\\\/#breadcrumb\"},\"inLanguage\":\"en-GB\",\"potentialAction\":[{\"@type\":\"ReadAction\",\"target\":[\"https:\\\/\\\/boztuna.com\\\/urun\\\/tcl-elite-tac-18chsd-xa51i-a-18000-btu-inverter-duvar-tipi-klima-2\\\/\"]}]},{\"@type\":\"ImageObject\",\"inLanguage\":\"en-GB\",\"@id\":\"https:\\\/\\\/boztuna.com\\\/urun\\\/tcl-elite-tac-18chsd-xa51i-a-18000-btu-inverter-duvar-tipi-klima-2\\\/#primaryimage\",\"url\":\"https:\\\/\\\/boztuna.com\\\/wp-content\\\/uploads\\\/2025\\\/12\\\/tcl_4_80e0e417-b48f-45ec-94a4-03fe74d46be8.png\",\"contentUrl\":\"https:\\\/\\\/boztuna.com\\\/wp-content\\\/uploads\\\/2025\\\/12\\\/tcl_4_80e0e417-b48f-45ec-94a4-03fe74d46be8.png\",\"width\":800,\"height\":800},{\"@type\":\"BreadcrumbList\",\"@id\":\"https:\\\/\\\/boztuna.com\\\/urun\\\/tcl-elite-tac-18chsd-xa51i-a-18000-btu-inverter-duvar-tipi-klima-2\\\/#breadcrumb\",\"itemListElement\":[{\"@type\":\"ListItem\",\"position\":1,\"name\":\"Home\",\"item\":\"https:\\\/\\\/boztuna.com\\\/\"},{\"@type\":\"ListItem\",\"position\":2,\"name\":\"Ma\u011faza\",\"item\":\"https:\\\/\\\/boztuna.com\\\/shop\\\/\"},{\"@type\":\"ListItem\",\"position\":3,\"name\":\"TCL Elite TAC-18CHSD\\\/XA51I A++ 18000 BTU Inverter Duvar Tipi Klima\"}]},{\"@type\":\"WebSite\",\"@id\":\"https:\\\/\\\/boztuna.com\\\/#website\",\"url\":\"https:\\\/\\\/boztuna.com\\\/\",\"name\":\"Boztuna Group\",\"description\":\"Boztuna Group Resmi Web Sitesi\",\"publisher\":{\"@id\":\"https:\\\/\\\/boztuna.com\\\/#organization\"},\"potentialAction\":[{\"@type\":\"SearchAction\",\"target\":{\"@type\":\"EntryPoint\",\"urlTemplate\":\"https:\\\/\\\/boztuna.com\\\/?s={search_term_string}\"},\"query-input\":{\"@type\":\"PropertyValueSpecification\",\"valueRequired\":true,\"valueName\":\"search_term_string\"}}],\"inLanguage\":\"en-GB\"},{\"@type\":\"Organization\",\"@id\":\"https:\\\/\\\/boztuna.com\\\/#organization\",\"name\":\"Boztuna Group\",\"url\":\"https:\\\/\\\/boztuna.com\\\/\",\"logo\":{\"@type\":\"ImageObject\",\"inLanguage\":\"en-GB\",\"@id\":\"https:\\\/\\\/boztuna.com\\\/#\\\/schema\\\/logo\\\/image\\\/\",\"url\":\"https:\\\/\\\/boztuna.com\\\/wp-content\\\/uploads\\\/2023\\\/12\\\/Boztuna-Flash.png\",\"contentUrl\":\"https:\\\/\\\/boztuna.com\\\/wp-content\\\/uploads\\\/2023\\\/12\\\/Boztuna-Flash.png\",\"width\":1080,\"height\":1080,\"caption\":\"Boztuna Group\"},\"image\":{\"@id\":\"https:\\\/\\\/boztuna.com\\\/#\\\/schema\\\/logo\\\/image\\\/\"},\"sameAs\":[\"https:\\\/\\\/www.facebook.com\\\/boztunagroup\",\"https:\\\/\\\/www.instagram.com\\\/boztuna.trading\\\/\"]}]}<\/script>\n<!-- \/ Yoast SEO plugin. -->","yoast_head_json":{"title":"TCL Elite TAC-18CHSD\/XA51I A++ 18000 BTU Inverter Duvar Tipi Klima - Boztuna Group","robots":{"index":"index","follow":"follow","max-snippet":"max-snippet:-1","max-image-preview":"max-image-preview:large","max-video-preview":"max-video-preview:-1"},"canonical":"https:\/\/boztuna.com\/en\/product\/tcl-elite-tac-18chsd-xa51i-a-18000-btu-inverter-duvar-tipi-klima-2\/","og_locale":"en_GB","og_type":"article","og_title":"TCL Elite TAC-18CHSD\/XA51I A++ 18000 BTU Inverter Duvar Tipi Klima - Boztuna Group","og_description":"\u00a0TCL Elite TAC-18CHSD\/XA51I A++ 18000 BTU Inverter Duvar Tipi Klima \u00d6zellikleri \u0130nverter :var Wi-Fi :var Nem Alma :var Sessiz :var Tipi : \u00a0 Duvar Tipi (Split) BTU De\u011feri : \u00a0 12.000 BTU Ses Seviyesi : \u00a0 50 dB Buz \u00c7\u00f6zme :var Turbo Mod :var Uyku Modu :var Zamanlay\u0131c\u0131 :var iFeel :var Eco Mod :var S\u0131cakl\u0131k [&hellip;]","og_url":"https:\/\/boztuna.com\/en\/product\/tcl-elite-tac-18chsd-xa51i-a-18000-btu-inverter-duvar-tipi-klima-2\/","og_site_name":"Boztuna Group","article_publisher":"https:\/\/www.facebook.com\/boztunagroup","article_modified_time":"2026-04-20T13:07:49+00:00","og_image":[{"width":800,"height":800,"url":"https:\/\/boztuna.com\/wp-content\/uploads\/2025\/12\/tcl_4_80e0e417-b48f-45ec-94a4-03fe74d46be8.png","type":"image\/png"}],"twitter_card":"summary_large_image","schema":{"@context":"https:\/\/schema.org","@graph":[{"@type":"WebPage","@id":"https:\/\/boztuna.com\/urun\/tcl-elite-tac-18chsd-xa51i-a-18000-btu-inverter-duvar-tipi-klima-2\/","url":"https:\/\/boztuna.com\/urun\/tcl-elite-tac-18chsd-xa51i-a-18000-btu-inverter-duvar-tipi-klima-2\/","name":"TCL Elite TAC-18CHSD\/XA51I A++ 18000 BTU Inverter Duvar Tipi Klima - Boztuna Group","isPartOf":{"@id":"https:\/\/boztuna.com\/#website"},"primaryImageOfPage":{"@id":"https:\/\/boztuna.com\/urun\/tcl-elite-tac-18chsd-xa51i-a-18000-btu-inverter-duvar-tipi-klima-2\/#primaryimage"},"image":{"@id":"https:\/\/boztuna.com\/urun\/tcl-elite-tac-18chsd-xa51i-a-18000-btu-inverter-duvar-tipi-klima-2\/#primaryimage"},"thumbnailUrl":"https:\/\/boztuna.com\/wp-content\/uploads\/2025\/12\/tcl_4_80e0e417-b48f-45ec-94a4-03fe74d46be8.png","datePublished":"2025-12-24T08:36:47+00:00","dateModified":"2026-04-20T13:07:49+00:00","breadcrumb":{"@id":"https:\/\/boztuna.com\/urun\/tcl-elite-tac-18chsd-xa51i-a-18000-btu-inverter-duvar-tipi-klima-2\/#breadcrumb"},"inLanguage":"en-GB","potentialAction":[{"@type":"ReadAction","target":["https:\/\/boztuna.com\/urun\/tcl-elite-tac-18chsd-xa51i-a-18000-btu-inverter-duvar-tipi-klima-2\/"]}]},{"@type":"ImageObject","inLanguage":"en-GB","@id":"https:\/\/boztuna.com\/urun\/tcl-elite-tac-18chsd-xa51i-a-18000-btu-inverter-duvar-tipi-klima-2\/#primaryimage","url":"https:\/\/boztuna.com\/wp-content\/uploads\/2025\/12\/tcl_4_80e0e417-b48f-45ec-94a4-03fe74d46be8.png","contentUrl":"https:\/\/boztuna.com\/wp-content\/uploads\/2025\/12\/tcl_4_80e0e417-b48f-45ec-94a4-03fe74d46be8.png","width":800,"height":800},{"@type":"BreadcrumbList","@id":"https:\/\/boztuna.com\/urun\/tcl-elite-tac-18chsd-xa51i-a-18000-btu-inverter-duvar-tipi-klima-2\/#breadcrumb","itemListElement":[{"@type":"ListItem","position":1,"name":"Home","item":"https:\/\/boztuna.com\/"},{"@type":"ListItem","position":2,"name":"Ma\u011faza","item":"https:\/\/boztuna.com\/shop\/"},{"@type":"ListItem","position":3,"name":"TCL Elite TAC-18CHSD\/XA51I A++ 18000 BTU Inverter Duvar Tipi Klima"}]},{"@type":"WebSite","@id":"https:\/\/boztuna.com\/#website","url":"https:\/\/boztuna.com\/","name":"Boztuna Group","description":"Boztuna Group Resmi Web Sitesi","publisher":{"@id":"https:\/\/boztuna.com\/#organization"},"potentialAction":[{"@type":"SearchAction","target":{"@type":"EntryPoint","urlTemplate":"https:\/\/boztuna.com\/?s={search_term_string}"},"query-input":{"@type":"PropertyValueSpecification","valueRequired":true,"valueName":"search_term_string"}}],"inLanguage":"en-GB"},{"@type":"Organization","@id":"https:\/\/boztuna.com\/#organization","name":"Boztuna Group","url":"https:\/\/boztuna.com\/","logo":{"@type":"ImageObject","inLanguage":"en-GB","@id":"https:\/\/boztuna.com\/#\/schema\/logo\/image\/","url":"https:\/\/boztuna.com\/wp-content\/uploads\/2023\/12\/Boztuna-Flash.png","contentUrl":"https:\/\/boztuna.com\/wp-content\/uploads\/2023\/12\/Boztuna-Flash.png","width":1080,"height":1080,"caption":"Boztuna Group"},"image":{"@id":"https:\/\/boztuna.com\/#\/schema\/logo\/image\/"},"sameAs":["https:\/\/www.facebook.com\/boztunagroup","https:\/\/www.instagram.com\/boztuna.trading\/"]}]}},"_links":{"self":[{"href":"https:\/\/boztuna.com\/en\/wp-json\/wp\/v2\/product\/9775","targetHints":{"allow":["GET"]}}],"collection":[{"href":"https:\/\/boztuna.com\/en\/wp-json\/wp\/v2\/product"}],"about":[{"href":"https:\/\/boztuna.com\/en\/wp-json\/wp\/v2\/types\/product"}],"replies":[{"embeddable":true,"href":"https:\/\/boztuna.com\/en\/wp-json\/wp\/v2\/comments?post=9775"}],"version-history":[{"count":1,"href":"https:\/\/boztuna.com\/en\/wp-json\/wp\/v2\/product\/9775\/revisions"}],"predecessor-version":[{"id":10320,"href":"https:\/\/boztuna.com\/en\/wp-json\/wp\/v2\/product\/9775\/revisions\/10320"}],"wp:featuredmedia":[{"embeddable":true,"href":"https:\/\/boztuna.com\/en\/wp-json\/wp\/v2\/media\/9981"}],"wp:attachment":[{"href":"https:\/\/boztuna.com\/en\/wp-json\/wp\/v2\/media?parent=9775"}],"wp:term":[{"taxonomy":"product_brand","embeddable":true,"href":"https:\/\/boztuna.com\/en\/wp-json\/wp\/v2\/product_brand?post=9775"},{"taxonomy":"product_cat","embeddable":true,"href":"https:\/\/boztuna.com\/en\/wp-json\/wp\/v2\/product_cat?post=9775"},{"taxonomy":"product_tag","embeddable":true,"href":"https:\/\/boztuna.com\/en\/wp-json\/wp\/v2\/product_tag?post=9775"}],"curies":[{"name":"wp","href":"https:\/\/api.w.org\/{rel}","templated":true}]}}