

{"id":9770,"date":"2025-12-24T08:36:40","date_gmt":"2025-12-24T08:36:40","guid":{"rendered":"https:\/\/boztuna.com\/product\/tcl-50p615-50-inc-127-ekran-4k-ultra-hd-android-led-tv-2\/"},"modified":"2026-04-20T13:08:16","modified_gmt":"2026-04-20T13:08:16","slug":"tcl-50p615-50-inc-127-ekran-4k-ultra-hd-android-led-tv-2","status":"publish","type":"product","link":"https:\/\/boztuna.com\/en\/product\/tcl-50p615-50-inc-127-ekran-4k-ultra-hd-android-led-tv-2\/","title":{"rendered":"TCL 50P615 50 in\u00e7 127 Ekran 4K Ultra HD Android LED TV"},"content":{"rendered":"<div class=\"clearfix row tListImg\">\n<article class=\"dText full text\">\n<ul>\n<li>\n<p><span class=\"c1\"><span>Cep telefonlar\u0131ndaki Android i\u015fletim sistemine sahip.\u00a0Google Play Store&#8217;daki TV uygulamalar\u0131, Google Store uygulamalar\u0131ndan farkl\u0131l\u0131k g\u00f6sterebilir.<\/span><\/span><\/p>\n<p><span class=\"c1\"><\/span>\n<\/li>\n<\/ul>\n<\/article>\n<\/div>\n<div class=\"clearfix row tCol2\">\n<div class=\"left image\"><img decoding=\"async\" class=\"lazyimg lazy-init\" loading=\"lazy\" src=\"https:\/\/cdn.vatanbilgisayar.com\/Upload\/HTML\/CELTV\/TCL\/123317\/1.jpg\"><\/div>\n<div class=\"right padding\">\n<h2><strong><span>TCL 50P615 4K UHD ANDROID<\/span><\/strong><\/h2>\n<h2><strong><span>SMART TV<\/span><\/strong><\/h2>\n<div class=\"dText\">\n<p>\u00a0<\/p>\n<div><span>\u0130nce 4K TV HDR 10 ve Android TV \u00f6zellikli<\/span><\/div>\n<div>\u00a0<\/div>\n<div><span>P61 Serisi; ince bir tasar\u0131m, 4K HDR 10 g\u00f6r\u00fcnt\u00fc kalitesi ve Android TV&#8217;yi bir araya getirir.<\/span><\/div>\n<div>\u00a0<\/div>\n<div><span>Zarafet, g\u00f6r\u00fcnt\u00fc kalitesi ve sevdikleri i\u00e7eri\u011fe kolay eri\u015fimden \u00f6d\u00fcn vermek istemeyenler i\u00e7in tasarlanan P61 Serisi, i\u00e7 mek\u00e2n\u0131n\u0131za uyacak ve ailenizin t\u00fcm \u00fcyelerinin favori i\u00e7eriklerinin ola\u011fan\u00fcst\u00fc bir g\u00f6r\u00fcnt\u00fc kalitesiyle keyfini \u00e7\u0131karmas\u0131na olanak tan\u0131yacak.<\/span><\/div>\n<\/div>\n<\/div>\n<\/div>\n<div class=\"clearfix\">\n<div class=\"clearfix row tCol2\">\n<div class=\"left padding\">\n<h3><strong><span>4K HDR: Geli\u015fmi\u015f Kar\u015f\u0131tl\u0131k, Renkler ve En \u0130yi Ayr\u0131nt\u0131lar<\/span><\/strong><\/h3>\n<div class=\"dText\">\n<div><span>4K UHD i\u00e7eri\u011fi i\u00e7in en son standart Y\u00fcksek Dinamik Aral\u0131kt\u0131r. Hem kar\u015f\u0131tl\u0131k hem de renk aral\u0131\u011f\u0131n\u0131 \u00f6nemli \u00f6l\u00e7\u00fcde geni\u015fletir. HDR, hassas renkler ve g\u00f6z kama\u015ft\u0131r\u0131c\u0131 ayr\u0131nt\u0131l\u0131 g\u00f6r\u00fcnt\u00fclerle a\u00e7\u0131k ve koyu tonlar\u0131 do\u011fru bir \u015fekilde yeniden \u00fcretir.<\/span><\/div>\n<\/div>\n<\/div>\n<div class=\"right image\"><img decoding=\"async\" class=\"lazyimg lazy-init\" loading=\"lazy\" src=\"https:\/\/cdn.vatanbilgisayar.com\/Upload\/HTML\/CELTV\/TCL\/123317\/2.jpg\"><\/div>\n<\/div>\n<div class=\"clearfix row tCol2\">\n<div class=\"left image\"><img decoding=\"async\" class=\"lazyimg lazy-init\" loading=\"lazy\" src=\"https:\/\/cdn.vatanbilgisayar.com\/Upload\/HTML\/CELTV\/TCL\/123317\/3.jpg\"><\/div>\n<div class=\"right padding\">\n<h3><strong><span>SMART HDR g\u00f6r\u00fcnt\u00fc kalitesini y\u00fckseltir.<\/span><\/strong><\/h3>\n<div class=\"dText\">\n<div><span>HDR i\u00e7eri\u011fi ve zirvedeki pop\u00fcler kaynaklar\u0131 ile SMART HDR, Standart Dinamik Aral\u0131k (SDR) i\u00e7eri\u011fini HDR benzeri g\u00f6r\u00fcnt\u00fc kalitesine y\u00fckselterek izleyicilerin t\u00fcm favori i\u00e7eriklerinin m\u00fcmk\u00fcn olan en y\u00fcksek g\u00f6r\u00fcnt\u00fc kalitesiyle keyfini \u00e7\u0131karmas\u0131na olanak sa\u011flar. Ek olarak, yerel HDR i\u00e7eri\u011finde SMART HDR, i\u00e7eri\u011fi dinamik olarak iyile\u015ftirir ve ekran \u00f6zelliklerine uyarlar. AI ve HDR sahne tan\u0131mlama sayesinde SMART HDR, hem karanl\u0131k hem de parlak sahneleri iyile\u015ftirir. Karanl\u0131k sahnelerde, daha koyu g\u00f6lgelerde gizlenmi\u015f nesneleri ifade etmek i\u00e7in parlakl\u0131k seviyesine ekleme yapar. Daha parlak i\u00e7erik sahnelerinde SMART HDR, nesneleri arka plandan ay\u0131rt etmek i\u00e7in kar\u015f\u0131tl\u0131k oran\u0131n\u0131 art\u0131r\u0131r. G\u00f6r\u00fcnt\u00fcy\u00fc daha katmanl\u0131 ve zengin h\u00e2le getirerek genel olarak daha ger\u00e7ek\u00e7i bir g\u00f6r\u00fcnt\u00fc i\u00e7in ekranda daha fazla g\u00f6r\u00fcnt\u00fc detay\u0131 elde edilmesini sa\u011flar.<\/span><\/div>\n<\/div>\n<\/div>\n<\/div>\n<div class=\"clearfix\">\n<div class=\"clearfix row tCol2\">\n<div class=\"left padding\">\n<h3><strong><span>Mikro Dimming<\/span><\/strong><\/h3>\n<div class=\"dText\">\n<div><span>Mikro Dimming, parlakl\u0131\u011f\u0131 uyarlamak i\u00e7in TV g\u00f6r\u00fcnt\u00fcs\u00fcn\u00fc yakla\u015f\u0131k y\u00fcz farkl\u0131 b\u00f6lgede analiz eder. \u00d6zellikle karanl\u0131k alanlarda ola\u011fan\u00fcst\u00fc bir g\u00f6rsel deneyim i\u00e7in g\u00f6r\u00fcnt\u00fc kalitesi \u00f6nemli \u00f6l\u00e7\u00fcde iyile\u015ftirilir.<\/span><\/div>\n<\/div>\n<\/div>\n<div class=\"right image\"><img decoding=\"async\" class=\"lazyimg lazy-init\" loading=\"lazy\" src=\"https:\/\/cdn.vatanbilgisayar.com\/Upload\/HTML\/CELTV\/TCL\/123317\/4.jpg\"><\/div>\n<\/div>\n<div class=\"clearfix row tText\">\n<div class=\"dText full text\">\n<h3><strong><span>Dolby Audio, TV&#8217;nizde zengin, net ve g\u00fc\u00e7l\u00fc ses sa\u011flar.<\/span><\/strong><\/h3>\n<div><span>Dolby Audio ile dinamik, y\u00fcksek kaliteli \u00e7evresel ses ile i\u00e7eri\u011finizden en iyi \u015fekilde yararlan\u0131n. \u0130ster film, TV program\u0131, \u00e7evrimi\u00e7i video ya da isterseniz konser izleyin Dolby Audio, beklentilerinizi kar\u015f\u0131layan ses kalitesini garanti eder.<\/span><\/div>\n<p>\u00a0<\/p>\n<p><img decoding=\"async\" class=\"lazyimg lazy-init\" loading=\"lazy\" src=\"https:\/\/cdn.vatanbilgisayar.com\/Upload\/HTML\/CELTV\/TCL\/123317\/5.jpg\"><\/p>\n<\/div>\n<\/div>\n<div class=\"clearfix row tCol2\">\n<div class=\"left image\"><img decoding=\"async\" class=\"lazyimg lazy-init\" loading=\"lazy\" src=\"https:\/\/cdn.vatanbilgisayar.com\/Upload\/HTML\/CELTV\/TCL\/123317\/6.jpg\"><\/div>\n<div class=\"right padding\">\n<h3><strong><span>Kolay ve s\u0131n\u0131rs\u0131z e\u011flence i\u00e7in Android TV<\/span><\/strong><\/h3>\n<div class=\"dText\">\n<div><span>Android TV&#8217;de Google Home ve Google Asistan* yerle\u015fik olarak gelir. En son gi\u015fe rekorlar\u0131 k\u0131ran filmi bulun, b\u00fcy\u00fck ma\u00e7\u0131n skoruna bak\u0131n; bunlar\u0131n hepsini izledi\u011finiz i\u00e7erikten ayr\u0131lmadan yap\u0131n. Android TV ayr\u0131ca, UHD i\u00e7eri\u011fini do\u011frudan TV&#8217;nize aktarman\u0131za ve b\u00fcy\u00fck ekran\u0131n\u0131zda yerel 4K HDR uygulamalar\u0131n\u0131n keyfini \u00e7\u0131karman\u0131za olanak tan\u0131r. Resim \u0130\u00e7inde Resim (PIP), kolay g\u00f6rev de\u011fi\u015ftirme, \u00e7ok kullan\u0131c\u0131l\u0131 hesaplar veya yan ayarlar gibi yenilik\u00e7i \u00f6zellikler, t\u00fcm ailenin favori i\u00e7eri\u011finin her zaman \u00f6n planda ve ortada olmas\u0131n\u0131 sa\u011flar.<\/span><\/div>\n<div>\u00a0<\/div>\n<div><span>* Google Asistan baz\u0131 dillerde ve \u00fclkelerde kullan\u0131labilir de\u011fildir. Google Asistan, bir internet\/veri ba\u011flant\u0131s\u0131 gerektirir. Veri \u00fccretleri uygulanabilir. Belirli \u00f6zelliklerin ve hizmetlerin kullan\u0131labilirli\u011fi ve performans\u0131 hizmete, cihaza ve a\u011fa ba\u011fl\u0131d\u0131r ve t\u00fcm b\u00f6lgelerde kullan\u0131lamayabilir.<\/span><\/div>\n<\/div>\n<\/div>\n<\/div>\n<div class=\"clearfix\">\n<div class=\"clearfix row tCol2\">\n<div class=\"left padding\">\n<h3><strong><span>Google Asistan\u0131n\u0131zla* Tan\u0131\u015f\u0131n<\/span><\/strong><\/h3>\n<div class=\"dText\">\n<div><span>Sorular sorun. Bir \u015feyler yapmas\u0131n\u0131 s\u00f6yleyin. Kendi ki\u015fisel Google&#8217;\u0131n\u0131z, 1 milyondan fazla i\u015flemle her zaman yard\u0131ma haz\u0131rd\u0131r.<\/span><\/div>\n<div>\u00a0<\/div>\n<div><span>Herhangi \u015feyi sorun.<br \/>Bir \u015feyler yapmas\u0131n\u0131 s\u00f6yleyin.<br \/>Ev cihazlar\u0131n\u0131 kontrol edin.<\/span><\/div>\n<div>\u00a0<\/div>\n<div><span>* Google Asistan baz\u0131 dillerde ve \u00fclkelerde kullan\u0131labilir de\u011fildir. Google Asistan, bir internet\/veri ba\u011flant\u0131s\u0131 gerektirir. Veri \u00fccretleri uygulanabilir. Belirli \u00f6zelliklerin ve hizmetlerin kullan\u0131labilirli\u011fi ve performans\u0131 hizmete, cihaza ve a\u011fa ba\u011fl\u0131d\u0131r ve t\u00fcm b\u00f6lgelerde kullan\u0131lamayabilir.<\/span><\/div>\n<\/div>\n<\/div>\n<div class=\"right image\"><img decoding=\"async\" class=\"lazyimg lazy-init\" loading=\"lazy\" src=\"https:\/\/cdn.vatanbilgisayar.com\/Upload\/HTML\/CELTV\/TCL\/123317\/7.jpg\"><\/div>\n<\/div>\n<div class=\"clearfix row tText\">\n<div class=\"dText full text\">\n<h3><strong><span>Alexa, sesinizin d\u00fcnyan\u0131z\u0131 kontrol etmesine olanak sa\u011flar*<\/span><\/strong><\/h3>\n<div><span>Amazon Alexa bulut bazl\u0131d\u0131r ve her zaman daha ak\u0131ll\u0131 h\u00e2le gelmektedir. Alexa&#8217;dan m\u00fczik \u00e7almas\u0131n\u0131, haberleri almas\u0131n\u0131, hava durumunu kontrol etmesini, TV sesini ayarlamas\u0131n\u0131, TV kanal\u0131n\u0131 de\u011fi\u015ftirmesini, ak\u0131ll\u0131 evinizi kontrol etmesini ve daha fazlas\u0131n\u0131 yapmas\u0131n\u0131 isteyin.<\/span><\/div>\n<div>\u00a0<\/div>\n<div><span>*Alexa uyumlulu\u011fu, TV&#8217;nizi kontrol etmek i\u00e7in Amazon Echo, Echo Dot, Echo Show, Echo Spot ve Echo Plus (ayr\u0131ca sat\u0131n al\u0131n\u0131r) dahil olmak \u00fczere Amazon Alexa cihazlar\u0131n\u0131z\u0131 kullanman\u0131z\u0131 sa\u011flar.<\/span><\/div>\n<p>\u00a0<\/p>\n<p><img decoding=\"async\" class=\"lazyimg lazy-init\" loading=\"lazy\" src=\"https:\/\/cdn.vatanbilgisayar.com\/Upload\/HTML\/CELTV\/TCL\/123317\/8.jpg\"><\/p>\n<\/div>\n<\/div>\n<div class=\"clearfix row tCol2\">\n<div class=\"left image\"><img decoding=\"async\" class=\"lazyimg lazy-init\" loading=\"lazy\" src=\"https:\/\/cdn.vatanbilgisayar.com\/Upload\/HTML\/CELTV\/TCL\/123317\/9.jpg\"><\/div>\n<div class=\"right padding\">\n<h3><strong><span>4K HDR Kalitesinde Netflix \u0130zleyin<\/span><\/strong><\/h3>\n<div class=\"dText\">\n<div><span>Netflix*, herkes i\u00e7in bir \u015feyler sunmak \u00fczere tasarlanm\u0131\u015f \u00e7e\u015fitli programlarla d\u00fcnyan\u0131n en b\u00fcy\u00fck internet TV kanallar\u0131ndan biridir. Netflix orijinal dizileri ile \u00f6d\u00fcll\u00fc filmler ve belgeseller d\u00e2hil sadece sizin i\u00e7in planlanm\u0131\u015f programlar\u0131 izleyin. \u015eimdi 4K UHD HDR kalitesinde kullan\u0131labilir.<\/span><\/div>\n<div>\u00a0<\/div>\n<div><span>* Yerel olarak bulunabilirlik durumuna ve aboneli\u011fe tabidir.<\/span><\/div>\n<\/div>\n<\/div>\n<\/div>\n<div class=\"clearfix\">\n<div class=\"clearfix row tCol2\">\n<div class=\"left padding\">\n<h3><strong><span>4K Kalitesinde Youtube \u0130zleyin<\/span><\/strong><\/h3>\n<div class=\"dText\">\n<div><span>YouTube ile en pop\u00fcler m\u00fczik videolar\u0131, video oyunlar\u0131ndan pop\u00fcler e\u011flence programlar\u0131na ve yeni ve \u00e7ok daha fazlas\u0131na kadar t\u00fcm d\u00fcnyan\u0131n neler izledi\u011fini g\u00f6rebilirsiniz. Be\u011fendi\u011finiz kanallara abone olun, arkada\u015flar\u0131n\u0131zla payla\u015f\u0131n ve i\u00e7eri\u011fi herhangi bir cihazda \u015fimdi 4K UHD kalitesinde izleyin.<\/span><\/div>\n<\/div>\n<\/div>\n<div class=\"right image\"><img decoding=\"async\" class=\"lazyimg lazy-init\" loading=\"lazy\" src=\"https:\/\/cdn.vatanbilgisayar.com\/Upload\/HTML\/CELTV\/TCL\/123317\/10.jpg\"><\/div>\n<\/div>\n<\/div>\n<div class=\"clearfix row tText\">\n<div class=\"dText full text\">\n<h3><span class=\"c1\"><strong><span>Amazon Prime Video<\/span><\/strong><\/span><\/h3>\n<div><span>Binlerce pop\u00fcler film ve TV \u015fovu, \u00f6d\u00fcll\u00fc Prime Orijinal \u0130\u00e7erikleri ve canl\u0131 spor ma\u00e7lar\u0131. Ayr\u0131ca milyonlarca \u00fcr\u00fcnde \u00dcCRETS\u0130Z Bir G\u00fcnde Teslimat. \u0130stedi\u011finiz yerde izleyin. \u0130stedi\u011finiz zaman iptal edin.<\/span><\/div>\n<div>\u00a0<\/div>\n<div><span>* Yerel olarak bulunabilirlik durumuna ve aboneli\u011fe tabidir.<\/span><\/div>\n<div>\u00a0<\/div>\n<h3><strong><span>Disney+. D\u00fcnyan\u0131n en iyi hikayeleri tek bir yerde.<\/span><\/strong><\/h3>\n<div><span>Disney, Pixar, Marvel, Star Wars ve National Geographic&#8217;ten en iyi hikayeleri tek bir yerde ke\u015ffedin. Pop\u00fcler filmlerden eskimeyen klasiklere ve yeni orijinallere kadar herkes i\u00e7in bir \u015feyler vard\u0131r.<\/span><\/div>\n<div>\u00a0<\/div>\n<div><span>\u00a9 Disnes \u00a9 Disney Pixar. T\u00fcm Haklar\u0131 Sakl\u0131d\u0131r. Kullan\u0131labilirlik ve tarife \u00fclkeye g\u00f6re de\u011fi\u015febilir.<\/span><\/div>\n<div>\u00a0<\/div>\n<h3><strong><span>\u0130nce ve Dar Tasar\u0131m<\/span><\/strong><\/h3>\n<div><span>\u0130nce \u00e7er\u00e7eve, hayal etti\u011finizden daha fazla bir g\u00fczellik ve dinginlik hissi verir. Basit ve zarif olup pratikte i\u015flevselli\u011fi ve inceli\u011fi m\u00fckemmel bir \u015fekilde birle\u015ftirir.<\/span><\/div>\n<\/div>\n<\/div>\n<\/div>\n<\/div>\n<\/div>","protected":false},"excerpt":{"rendered":"<p>Cep telefonlar\u0131ndaki Android i\u015fletim sistemine sahip.\u00a0Google Play Store&#8217;daki TV uygulamalar\u0131, Google Store uygulamalar\u0131ndan farkl\u0131l\u0131k g\u00f6sterebilir. TCL 50P615 4K UHD ANDROID SMART TV \u00a0 \u0130nce 4K TV HDR 10 ve Android TV \u00f6zellikli \u00a0 P61 Serisi; ince bir tasar\u0131m, 4K HDR 10 g\u00f6r\u00fcnt\u00fc kalitesi ve Android TV&#8217;yi bir araya getirir. \u00a0 Zarafet, g\u00f6r\u00fcnt\u00fc kalitesi ve sevdikleri [&hellip;]<\/p>","protected":false},"featured_media":9973,"comment_status":"open","ping_status":"closed","template":"","meta":{"_joinchat":[]},"product_brand":[],"product_cat":[153],"product_tag":[],"class_list":{"0":"post-9770","1":"product","2":"type-product","3":"status-publish","4":"has-post-thumbnail","6":"product_cat-televizyonlar","8":"first","9":"instock","10":"sale","11":"shipping-taxable","12":"purchasable","13":"product-type-simple"},"yoast_head":"<!-- This site is optimized with the Yoast SEO plugin v27.4 - https:\/\/yoast.com\/product\/yoast-seo-wordpress\/ -->\n<title>TCL 50P615 50 in\u00e7 127 Ekran 4K Ultra HD Android LED TV - Boztuna Group<\/title>\n<meta name=\"robots\" content=\"index, follow, max-snippet:-1, max-image-preview:large, max-video-preview:-1\" \/>\n<link rel=\"canonical\" href=\"https:\/\/boztuna.com\/en\/product\/tcl-50p615-50-inc-127-ekran-4k-ultra-hd-android-led-tv-2\/\" \/>\n<meta property=\"og:locale\" content=\"en_GB\" \/>\n<meta property=\"og:type\" content=\"article\" \/>\n<meta property=\"og:title\" content=\"TCL 50P615 50 in\u00e7 127 Ekran 4K Ultra HD Android LED TV - Boztuna Group\" \/>\n<meta property=\"og:description\" content=\"Cep telefonlar\u0131ndaki Android i\u015fletim sistemine sahip.\u00a0Google Play Store&#8217;daki TV uygulamalar\u0131, Google Store uygulamalar\u0131ndan farkl\u0131l\u0131k g\u00f6sterebilir. TCL 50P615 4K UHD ANDROID SMART TV \u00a0 \u0130nce 4K TV HDR 10 ve Android TV \u00f6zellikli \u00a0 P61 Serisi; ince bir tasar\u0131m, 4K HDR 10 g\u00f6r\u00fcnt\u00fc kalitesi ve Android TV&#8217;yi bir araya getirir. \u00a0 Zarafet, g\u00f6r\u00fcnt\u00fc kalitesi ve sevdikleri [&hellip;]\" \/>\n<meta property=\"og:url\" content=\"https:\/\/boztuna.com\/en\/product\/tcl-50p615-50-inc-127-ekran-4k-ultra-hd-android-led-tv-2\/\" \/>\n<meta property=\"og:site_name\" content=\"Boztuna Group\" \/>\n<meta property=\"article:publisher\" content=\"https:\/\/www.facebook.com\/boztunagroup\" \/>\n<meta property=\"article:modified_time\" content=\"2026-04-20T13:08:16+00:00\" \/>\n<meta property=\"og:image\" content=\"https:\/\/boztuna.com\/wp-content\/uploads\/2025\/12\/TCL_1.png\" \/>\n\t<meta property=\"og:image:width\" content=\"800\" \/>\n\t<meta property=\"og:image:height\" content=\"800\" \/>\n\t<meta property=\"og:image:type\" content=\"image\/png\" \/>\n<meta name=\"twitter:card\" content=\"summary_large_image\" \/>\n<meta name=\"twitter:label1\" content=\"Estimated reading time\" \/>\n\t<meta name=\"twitter:data1\" content=\"5 minutes\" \/>\n<script type=\"application\/ld+json\" class=\"yoast-schema-graph\">{\"@context\":\"https:\\\/\\\/schema.org\",\"@graph\":[{\"@type\":\"WebPage\",\"@id\":\"https:\\\/\\\/boztuna.com\\\/urun\\\/tcl-50p615-50-inc-127-ekran-4k-ultra-hd-android-led-tv-2\\\/\",\"url\":\"https:\\\/\\\/boztuna.com\\\/urun\\\/tcl-50p615-50-inc-127-ekran-4k-ultra-hd-android-led-tv-2\\\/\",\"name\":\"TCL 50P615 50 in\u00e7 127 Ekran 4K Ultra HD Android LED TV - Boztuna Group\",\"isPartOf\":{\"@id\":\"https:\\\/\\\/boztuna.com\\\/#website\"},\"primaryImageOfPage\":{\"@id\":\"https:\\\/\\\/boztuna.com\\\/urun\\\/tcl-50p615-50-inc-127-ekran-4k-ultra-hd-android-led-tv-2\\\/#primaryimage\"},\"image\":{\"@id\":\"https:\\\/\\\/boztuna.com\\\/urun\\\/tcl-50p615-50-inc-127-ekran-4k-ultra-hd-android-led-tv-2\\\/#primaryimage\"},\"thumbnailUrl\":\"https:\\\/\\\/boztuna.com\\\/wp-content\\\/uploads\\\/2025\\\/12\\\/TCL_1.png\",\"datePublished\":\"2025-12-24T08:36:40+00:00\",\"dateModified\":\"2026-04-20T13:08:16+00:00\",\"breadcrumb\":{\"@id\":\"https:\\\/\\\/boztuna.com\\\/urun\\\/tcl-50p615-50-inc-127-ekran-4k-ultra-hd-android-led-tv-2\\\/#breadcrumb\"},\"inLanguage\":\"en-GB\",\"potentialAction\":[{\"@type\":\"ReadAction\",\"target\":[\"https:\\\/\\\/boztuna.com\\\/urun\\\/tcl-50p615-50-inc-127-ekran-4k-ultra-hd-android-led-tv-2\\\/\"]}]},{\"@type\":\"ImageObject\",\"inLanguage\":\"en-GB\",\"@id\":\"https:\\\/\\\/boztuna.com\\\/urun\\\/tcl-50p615-50-inc-127-ekran-4k-ultra-hd-android-led-tv-2\\\/#primaryimage\",\"url\":\"https:\\\/\\\/boztuna.com\\\/wp-content\\\/uploads\\\/2025\\\/12\\\/TCL_1.png\",\"contentUrl\":\"https:\\\/\\\/boztuna.com\\\/wp-content\\\/uploads\\\/2025\\\/12\\\/TCL_1.png\",\"width\":800,\"height\":800},{\"@type\":\"BreadcrumbList\",\"@id\":\"https:\\\/\\\/boztuna.com\\\/urun\\\/tcl-50p615-50-inc-127-ekran-4k-ultra-hd-android-led-tv-2\\\/#breadcrumb\",\"itemListElement\":[{\"@type\":\"ListItem\",\"position\":1,\"name\":\"Home\",\"item\":\"https:\\\/\\\/boztuna.com\\\/\"},{\"@type\":\"ListItem\",\"position\":2,\"name\":\"Ma\u011faza\",\"item\":\"https:\\\/\\\/boztuna.com\\\/shop\\\/\"},{\"@type\":\"ListItem\",\"position\":3,\"name\":\"TCL 50P615 50 in\u00e7 127 Ekran 4K Ultra HD Android LED TV\"}]},{\"@type\":\"WebSite\",\"@id\":\"https:\\\/\\\/boztuna.com\\\/#website\",\"url\":\"https:\\\/\\\/boztuna.com\\\/\",\"name\":\"Boztuna Group\",\"description\":\"Boztuna Group Resmi Web Sitesi\",\"publisher\":{\"@id\":\"https:\\\/\\\/boztuna.com\\\/#organization\"},\"potentialAction\":[{\"@type\":\"SearchAction\",\"target\":{\"@type\":\"EntryPoint\",\"urlTemplate\":\"https:\\\/\\\/boztuna.com\\\/?s={search_term_string}\"},\"query-input\":{\"@type\":\"PropertyValueSpecification\",\"valueRequired\":true,\"valueName\":\"search_term_string\"}}],\"inLanguage\":\"en-GB\"},{\"@type\":\"Organization\",\"@id\":\"https:\\\/\\\/boztuna.com\\\/#organization\",\"name\":\"Boztuna Group\",\"url\":\"https:\\\/\\\/boztuna.com\\\/\",\"logo\":{\"@type\":\"ImageObject\",\"inLanguage\":\"en-GB\",\"@id\":\"https:\\\/\\\/boztuna.com\\\/#\\\/schema\\\/logo\\\/image\\\/\",\"url\":\"https:\\\/\\\/boztuna.com\\\/wp-content\\\/uploads\\\/2023\\\/12\\\/Boztuna-Flash.png\",\"contentUrl\":\"https:\\\/\\\/boztuna.com\\\/wp-content\\\/uploads\\\/2023\\\/12\\\/Boztuna-Flash.png\",\"width\":1080,\"height\":1080,\"caption\":\"Boztuna Group\"},\"image\":{\"@id\":\"https:\\\/\\\/boztuna.com\\\/#\\\/schema\\\/logo\\\/image\\\/\"},\"sameAs\":[\"https:\\\/\\\/www.facebook.com\\\/boztunagroup\",\"https:\\\/\\\/www.instagram.com\\\/boztuna.trading\\\/\"]}]}<\/script>\n<!-- \/ Yoast SEO plugin. -->","yoast_head_json":{"title":"TCL 50P615 50 in\u00e7 127 Ekran 4K Ultra HD Android LED TV - Boztuna Group","robots":{"index":"index","follow":"follow","max-snippet":"max-snippet:-1","max-image-preview":"max-image-preview:large","max-video-preview":"max-video-preview:-1"},"canonical":"https:\/\/boztuna.com\/en\/product\/tcl-50p615-50-inc-127-ekran-4k-ultra-hd-android-led-tv-2\/","og_locale":"en_GB","og_type":"article","og_title":"TCL 50P615 50 in\u00e7 127 Ekran 4K Ultra HD Android LED TV - Boztuna Group","og_description":"Cep telefonlar\u0131ndaki Android i\u015fletim sistemine sahip.\u00a0Google Play Store&#8217;daki TV uygulamalar\u0131, Google Store uygulamalar\u0131ndan farkl\u0131l\u0131k g\u00f6sterebilir. TCL 50P615 4K UHD ANDROID SMART TV \u00a0 \u0130nce 4K TV HDR 10 ve Android TV \u00f6zellikli \u00a0 P61 Serisi; ince bir tasar\u0131m, 4K HDR 10 g\u00f6r\u00fcnt\u00fc kalitesi ve Android TV&#8217;yi bir araya getirir. \u00a0 Zarafet, g\u00f6r\u00fcnt\u00fc kalitesi ve sevdikleri [&hellip;]","og_url":"https:\/\/boztuna.com\/en\/product\/tcl-50p615-50-inc-127-ekran-4k-ultra-hd-android-led-tv-2\/","og_site_name":"Boztuna Group","article_publisher":"https:\/\/www.facebook.com\/boztunagroup","article_modified_time":"2026-04-20T13:08:16+00:00","og_image":[{"width":800,"height":800,"url":"https:\/\/boztuna.com\/wp-content\/uploads\/2025\/12\/TCL_1.png","type":"image\/png"}],"twitter_card":"summary_large_image","twitter_misc":{"Estimated reading time":"5 minutes"},"schema":{"@context":"https:\/\/schema.org","@graph":[{"@type":"WebPage","@id":"https:\/\/boztuna.com\/urun\/tcl-50p615-50-inc-127-ekran-4k-ultra-hd-android-led-tv-2\/","url":"https:\/\/boztuna.com\/urun\/tcl-50p615-50-inc-127-ekran-4k-ultra-hd-android-led-tv-2\/","name":"TCL 50P615 50 in\u00e7 127 Ekran 4K Ultra HD Android LED TV - Boztuna Group","isPartOf":{"@id":"https:\/\/boztuna.com\/#website"},"primaryImageOfPage":{"@id":"https:\/\/boztuna.com\/urun\/tcl-50p615-50-inc-127-ekran-4k-ultra-hd-android-led-tv-2\/#primaryimage"},"image":{"@id":"https:\/\/boztuna.com\/urun\/tcl-50p615-50-inc-127-ekran-4k-ultra-hd-android-led-tv-2\/#primaryimage"},"thumbnailUrl":"https:\/\/boztuna.com\/wp-content\/uploads\/2025\/12\/TCL_1.png","datePublished":"2025-12-24T08:36:40+00:00","dateModified":"2026-04-20T13:08:16+00:00","breadcrumb":{"@id":"https:\/\/boztuna.com\/urun\/tcl-50p615-50-inc-127-ekran-4k-ultra-hd-android-led-tv-2\/#breadcrumb"},"inLanguage":"en-GB","potentialAction":[{"@type":"ReadAction","target":["https:\/\/boztuna.com\/urun\/tcl-50p615-50-inc-127-ekran-4k-ultra-hd-android-led-tv-2\/"]}]},{"@type":"ImageObject","inLanguage":"en-GB","@id":"https:\/\/boztuna.com\/urun\/tcl-50p615-50-inc-127-ekran-4k-ultra-hd-android-led-tv-2\/#primaryimage","url":"https:\/\/boztuna.com\/wp-content\/uploads\/2025\/12\/TCL_1.png","contentUrl":"https:\/\/boztuna.com\/wp-content\/uploads\/2025\/12\/TCL_1.png","width":800,"height":800},{"@type":"BreadcrumbList","@id":"https:\/\/boztuna.com\/urun\/tcl-50p615-50-inc-127-ekran-4k-ultra-hd-android-led-tv-2\/#breadcrumb","itemListElement":[{"@type":"ListItem","position":1,"name":"Home","item":"https:\/\/boztuna.com\/"},{"@type":"ListItem","position":2,"name":"Ma\u011faza","item":"https:\/\/boztuna.com\/shop\/"},{"@type":"ListItem","position":3,"name":"TCL 50P615 50 in\u00e7 127 Ekran 4K Ultra HD Android LED TV"}]},{"@type":"WebSite","@id":"https:\/\/boztuna.com\/#website","url":"https:\/\/boztuna.com\/","name":"Boztuna Group","description":"Boztuna Group Resmi Web Sitesi","publisher":{"@id":"https:\/\/boztuna.com\/#organization"},"potentialAction":[{"@type":"SearchAction","target":{"@type":"EntryPoint","urlTemplate":"https:\/\/boztuna.com\/?s={search_term_string}"},"query-input":{"@type":"PropertyValueSpecification","valueRequired":true,"valueName":"search_term_string"}}],"inLanguage":"en-GB"},{"@type":"Organization","@id":"https:\/\/boztuna.com\/#organization","name":"Boztuna Group","url":"https:\/\/boztuna.com\/","logo":{"@type":"ImageObject","inLanguage":"en-GB","@id":"https:\/\/boztuna.com\/#\/schema\/logo\/image\/","url":"https:\/\/boztuna.com\/wp-content\/uploads\/2023\/12\/Boztuna-Flash.png","contentUrl":"https:\/\/boztuna.com\/wp-content\/uploads\/2023\/12\/Boztuna-Flash.png","width":1080,"height":1080,"caption":"Boztuna Group"},"image":{"@id":"https:\/\/boztuna.com\/#\/schema\/logo\/image\/"},"sameAs":["https:\/\/www.facebook.com\/boztunagroup","https:\/\/www.instagram.com\/boztuna.trading\/"]}]}},"_links":{"self":[{"href":"https:\/\/boztuna.com\/en\/wp-json\/wp\/v2\/product\/9770","targetHints":{"allow":["GET"]}}],"collection":[{"href":"https:\/\/boztuna.com\/en\/wp-json\/wp\/v2\/product"}],"about":[{"href":"https:\/\/boztuna.com\/en\/wp-json\/wp\/v2\/types\/product"}],"replies":[{"embeddable":true,"href":"https:\/\/boztuna.com\/en\/wp-json\/wp\/v2\/comments?post=9770"}],"version-history":[{"count":1,"href":"https:\/\/boztuna.com\/en\/wp-json\/wp\/v2\/product\/9770\/revisions"}],"predecessor-version":[{"id":10321,"href":"https:\/\/boztuna.com\/en\/wp-json\/wp\/v2\/product\/9770\/revisions\/10321"}],"wp:featuredmedia":[{"embeddable":true,"href":"https:\/\/boztuna.com\/en\/wp-json\/wp\/v2\/media\/9973"}],"wp:attachment":[{"href":"https:\/\/boztuna.com\/en\/wp-json\/wp\/v2\/media?parent=9770"}],"wp:term":[{"taxonomy":"product_brand","embeddable":true,"href":"https:\/\/boztuna.com\/en\/wp-json\/wp\/v2\/product_brand?post=9770"},{"taxonomy":"product_cat","embeddable":true,"href":"https:\/\/boztuna.com\/en\/wp-json\/wp\/v2\/product_cat?post=9770"},{"taxonomy":"product_tag","embeddable":true,"href":"https:\/\/boztuna.com\/en\/wp-json\/wp\/v2\/product_tag?post=9770"}],"curies":[{"name":"wp","href":"https:\/\/api.w.org\/{rel}","templated":true}]}}