

{"id":9593,"date":"2025-12-24T08:34:24","date_gmt":"2025-12-24T08:34:24","guid":{"rendered":"https:\/\/boztuna.com\/product\/regal-rgk4800-a-kombi-buzdolabi-beyaz-2\/"},"modified":"2026-04-24T11:43:38","modified_gmt":"2026-04-24T11:43:38","slug":"regal-rgk4800-a-kombi-buzdolabi-beyaz-2","status":"publish","type":"product","link":"https:\/\/boztuna.com\/en\/product\/regal-rgk4800-a-kombi-buzdolabi-beyaz-2\/","title":{"rendered":"REGAL RGK4800 A+ KOMBI BUZDOLABI BEYAZ"},"content":{"rendered":"<h2>Regal 483 Lt. Beyaz No-Frost Kombi Buzdolab\u0131 RGK 4800 \u00d6zellikleri<\/h2>\n<h3><strong>Regal 483 Lt. Beyaz No-Frost Kombi Buzdolab\u0131 RGK 4800<\/strong><\/h3>\n<ul>\n<li>\n<h3><strong>Ak\u0131ll\u0131 Hava Sistemi<\/strong><\/h3>\n<\/li>\n<li>\n<h3><strong>De\u011fi\u015ftirilebilir Kap\u0131 A\u00e7\u0131l\u0131\u015f Y\u00f6n\u00fc<\/strong><\/h3>\n<\/li>\n<li>\n<h3><strong>Hareket Kolayl\u0131\u011f\u0131 Sa\u011flayan Tekerlekler<\/strong><\/h3>\n<\/li>\n<li>\n<h3><strong>Ayarlanabilir Cam Raf<\/strong><\/h3>\n<\/li>\n<li>\n<h3><strong>Temperli Cam Raflar<\/strong><\/h3>\n<\/li>\n<li>\n<h3><strong>Kokular\u0131 Birbirine Kar\u0131\u015ft\u0131rmayan Sistem<\/strong><\/h3>\n<\/li>\n<li>\n<h3><strong>H\u0131zl\u0131 Dondurucu Modu<\/strong><\/h3>\n<\/li>\n<li>\n<h3><strong>Ekonomi Modu<\/strong><\/h3>\n<\/li>\n<li>\n<h3><strong>\u00e7ok Y\u00f6nl\u00fc So\u011futma Sistemi<\/strong><\/h3>\n<\/li>\n<li>\n<h3><strong>Elektronik Kontrol Paneli<\/strong><\/h3>\n<\/li>\n<li>\n<h3><strong>0 \u00b0C B\u00f6lmesi<\/strong><\/h3>\n<\/li>\n<li>\n<h3><strong>No-Frost Teknolojisi<\/strong><\/h3>\n<\/li>\n<li><strong>173*70*71cm<\/strong><\/li>\n<\/ul>\n<p>\u00a0<\/p>","protected":false},"excerpt":{"rendered":"<p>Regal 483 Lt. Beyaz No-Frost Kombi Buzdolab\u0131 RGK 4800 \u00d6zellikleri Regal 483 Lt. Beyaz No-Frost Kombi Buzdolab\u0131 RGK 4800 Ak\u0131ll\u0131 Hava Sistemi De\u011fi\u015ftirilebilir Kap\u0131 A\u00e7\u0131l\u0131\u015f Y\u00f6n\u00fc Hareket Kolayl\u0131\u011f\u0131 Sa\u011flayan Tekerlekler Ayarlanabilir Cam Raf Temperli Cam Raflar Kokular\u0131 Birbirine Kar\u0131\u015ft\u0131rmayan Sistem H\u0131zl\u0131 Dondurucu Modu Ekonomi Modu \u00e7ok Y\u00f6nl\u00fc So\u011futma Sistemi Elektronik Kontrol Paneli 0 \u00b0C B\u00f6lmesi [&hellip;]<\/p>","protected":false},"featured_media":9922,"comment_status":"open","ping_status":"closed","template":"","meta":{"_joinchat":[]},"product_brand":[],"product_cat":[298],"product_tag":[],"class_list":{"0":"post-9593","1":"product","2":"type-product","3":"status-publish","4":"has-post-thumbnail","6":"product_cat-beyaz-esya-ve-klimalar","8":"first","9":"instock","10":"sale","11":"shipping-taxable","12":"purchasable","13":"product-type-simple"},"yoast_head":"<!-- This site is optimized with the Yoast SEO plugin v27.4 - https:\/\/yoast.com\/product\/yoast-seo-wordpress\/ -->\n<title>REGAL RGK4800 A+ KOMBI BUZDOLABI BEYAZ - Boztuna Group<\/title>\n<meta name=\"robots\" content=\"index, follow, max-snippet:-1, max-image-preview:large, max-video-preview:-1\" \/>\n<link rel=\"canonical\" href=\"https:\/\/boztuna.com\/en\/product\/regal-rgk4800-a-kombi-buzdolabi-beyaz-2\/\" \/>\n<meta property=\"og:locale\" content=\"en_GB\" \/>\n<meta property=\"og:type\" content=\"article\" \/>\n<meta property=\"og:title\" content=\"REGAL RGK4800 A+ KOMBI BUZDOLABI BEYAZ - Boztuna Group\" \/>\n<meta property=\"og:description\" content=\"Regal 483 Lt. Beyaz No-Frost Kombi Buzdolab\u0131 RGK 4800 \u00d6zellikleri Regal 483 Lt. Beyaz No-Frost Kombi Buzdolab\u0131 RGK 4800 Ak\u0131ll\u0131 Hava Sistemi De\u011fi\u015ftirilebilir Kap\u0131 A\u00e7\u0131l\u0131\u015f Y\u00f6n\u00fc Hareket Kolayl\u0131\u011f\u0131 Sa\u011flayan Tekerlekler Ayarlanabilir Cam Raf Temperli Cam Raflar Kokular\u0131 Birbirine Kar\u0131\u015ft\u0131rmayan Sistem H\u0131zl\u0131 Dondurucu Modu Ekonomi Modu \u00e7ok Y\u00f6nl\u00fc So\u011futma Sistemi Elektronik Kontrol Paneli 0 \u00b0C B\u00f6lmesi [&hellip;]\" \/>\n<meta property=\"og:url\" content=\"https:\/\/boztuna.com\/en\/product\/regal-rgk4800-a-kombi-buzdolabi-beyaz-2\/\" \/>\n<meta property=\"og:site_name\" content=\"Boztuna Group\" \/>\n<meta property=\"article:publisher\" content=\"https:\/\/www.facebook.com\/boztunagroup\" \/>\n<meta property=\"article:modified_time\" content=\"2026-04-24T11:43:38+00:00\" \/>\n<meta property=\"og:image\" content=\"https:\/\/boztuna.com\/wp-content\/uploads\/2025\/12\/REGALRGK4800A_KOMBIBUZDOLABIBEYAZ_1.png\" \/>\n\t<meta property=\"og:image:width\" content=\"800\" \/>\n\t<meta property=\"og:image:height\" content=\"800\" \/>\n\t<meta property=\"og:image:type\" content=\"image\/png\" \/>\n<meta name=\"twitter:card\" content=\"summary_large_image\" \/>\n<script type=\"application\/ld+json\" class=\"yoast-schema-graph\">{\"@context\":\"https:\\\/\\\/schema.org\",\"@graph\":[{\"@type\":\"WebPage\",\"@id\":\"https:\\\/\\\/boztuna.com\\\/urun\\\/regal-rgk4800-a-kombi-buzdolabi-beyaz-2\\\/\",\"url\":\"https:\\\/\\\/boztuna.com\\\/urun\\\/regal-rgk4800-a-kombi-buzdolabi-beyaz-2\\\/\",\"name\":\"REGAL RGK4800 A+ KOMBI BUZDOLABI BEYAZ - Boztuna Group\",\"isPartOf\":{\"@id\":\"https:\\\/\\\/boztuna.com\\\/#website\"},\"primaryImageOfPage\":{\"@id\":\"https:\\\/\\\/boztuna.com\\\/urun\\\/regal-rgk4800-a-kombi-buzdolabi-beyaz-2\\\/#primaryimage\"},\"image\":{\"@id\":\"https:\\\/\\\/boztuna.com\\\/urun\\\/regal-rgk4800-a-kombi-buzdolabi-beyaz-2\\\/#primaryimage\"},\"thumbnailUrl\":\"https:\\\/\\\/boztuna.com\\\/wp-content\\\/uploads\\\/2025\\\/12\\\/REGALRGK4800A_KOMBIBUZDOLABIBEYAZ_1.png\",\"datePublished\":\"2025-12-24T08:34:24+00:00\",\"dateModified\":\"2026-04-24T11:43:38+00:00\",\"breadcrumb\":{\"@id\":\"https:\\\/\\\/boztuna.com\\\/urun\\\/regal-rgk4800-a-kombi-buzdolabi-beyaz-2\\\/#breadcrumb\"},\"inLanguage\":\"en-GB\",\"potentialAction\":[{\"@type\":\"ReadAction\",\"target\":[\"https:\\\/\\\/boztuna.com\\\/urun\\\/regal-rgk4800-a-kombi-buzdolabi-beyaz-2\\\/\"]}]},{\"@type\":\"ImageObject\",\"inLanguage\":\"en-GB\",\"@id\":\"https:\\\/\\\/boztuna.com\\\/urun\\\/regal-rgk4800-a-kombi-buzdolabi-beyaz-2\\\/#primaryimage\",\"url\":\"https:\\\/\\\/boztuna.com\\\/wp-content\\\/uploads\\\/2025\\\/12\\\/REGALRGK4800A_KOMBIBUZDOLABIBEYAZ_1.png\",\"contentUrl\":\"https:\\\/\\\/boztuna.com\\\/wp-content\\\/uploads\\\/2025\\\/12\\\/REGALRGK4800A_KOMBIBUZDOLABIBEYAZ_1.png\",\"width\":800,\"height\":800},{\"@type\":\"BreadcrumbList\",\"@id\":\"https:\\\/\\\/boztuna.com\\\/urun\\\/regal-rgk4800-a-kombi-buzdolabi-beyaz-2\\\/#breadcrumb\",\"itemListElement\":[{\"@type\":\"ListItem\",\"position\":1,\"name\":\"Home\",\"item\":\"https:\\\/\\\/boztuna.com\\\/\"},{\"@type\":\"ListItem\",\"position\":2,\"name\":\"Ma\u011faza\",\"item\":\"https:\\\/\\\/boztuna.com\\\/shop\\\/\"},{\"@type\":\"ListItem\",\"position\":3,\"name\":\"REGAL RGK4800 A+ KOMBI BUZDOLABI BEYAZ\"}]},{\"@type\":\"WebSite\",\"@id\":\"https:\\\/\\\/boztuna.com\\\/#website\",\"url\":\"https:\\\/\\\/boztuna.com\\\/\",\"name\":\"Boztuna Group\",\"description\":\"Boztuna Group Resmi Web Sitesi\",\"publisher\":{\"@id\":\"https:\\\/\\\/boztuna.com\\\/#organization\"},\"potentialAction\":[{\"@type\":\"SearchAction\",\"target\":{\"@type\":\"EntryPoint\",\"urlTemplate\":\"https:\\\/\\\/boztuna.com\\\/?s={search_term_string}\"},\"query-input\":{\"@type\":\"PropertyValueSpecification\",\"valueRequired\":true,\"valueName\":\"search_term_string\"}}],\"inLanguage\":\"en-GB\"},{\"@type\":\"Organization\",\"@id\":\"https:\\\/\\\/boztuna.com\\\/#organization\",\"name\":\"Boztuna Group\",\"url\":\"https:\\\/\\\/boztuna.com\\\/\",\"logo\":{\"@type\":\"ImageObject\",\"inLanguage\":\"en-GB\",\"@id\":\"https:\\\/\\\/boztuna.com\\\/#\\\/schema\\\/logo\\\/image\\\/\",\"url\":\"https:\\\/\\\/boztuna.com\\\/wp-content\\\/uploads\\\/2023\\\/12\\\/Boztuna-Flash.png\",\"contentUrl\":\"https:\\\/\\\/boztuna.com\\\/wp-content\\\/uploads\\\/2023\\\/12\\\/Boztuna-Flash.png\",\"width\":1080,\"height\":1080,\"caption\":\"Boztuna Group\"},\"image\":{\"@id\":\"https:\\\/\\\/boztuna.com\\\/#\\\/schema\\\/logo\\\/image\\\/\"},\"sameAs\":[\"https:\\\/\\\/www.facebook.com\\\/boztunagroup\",\"https:\\\/\\\/www.instagram.com\\\/boztuna.trading\\\/\"]}]}<\/script>\n<!-- \/ Yoast SEO plugin. -->","yoast_head_json":{"title":"REGAL RGK4800 A+ KOMBI BUZDOLABI BEYAZ - Boztuna Group","robots":{"index":"index","follow":"follow","max-snippet":"max-snippet:-1","max-image-preview":"max-image-preview:large","max-video-preview":"max-video-preview:-1"},"canonical":"https:\/\/boztuna.com\/en\/product\/regal-rgk4800-a-kombi-buzdolabi-beyaz-2\/","og_locale":"en_GB","og_type":"article","og_title":"REGAL RGK4800 A+ KOMBI BUZDOLABI BEYAZ - Boztuna Group","og_description":"Regal 483 Lt. Beyaz No-Frost Kombi Buzdolab\u0131 RGK 4800 \u00d6zellikleri Regal 483 Lt. Beyaz No-Frost Kombi Buzdolab\u0131 RGK 4800 Ak\u0131ll\u0131 Hava Sistemi De\u011fi\u015ftirilebilir Kap\u0131 A\u00e7\u0131l\u0131\u015f Y\u00f6n\u00fc Hareket Kolayl\u0131\u011f\u0131 Sa\u011flayan Tekerlekler Ayarlanabilir Cam Raf Temperli Cam Raflar Kokular\u0131 Birbirine Kar\u0131\u015ft\u0131rmayan Sistem H\u0131zl\u0131 Dondurucu Modu Ekonomi Modu \u00e7ok Y\u00f6nl\u00fc So\u011futma Sistemi Elektronik Kontrol Paneli 0 \u00b0C B\u00f6lmesi [&hellip;]","og_url":"https:\/\/boztuna.com\/en\/product\/regal-rgk4800-a-kombi-buzdolabi-beyaz-2\/","og_site_name":"Boztuna Group","article_publisher":"https:\/\/www.facebook.com\/boztunagroup","article_modified_time":"2026-04-24T11:43:38+00:00","og_image":[{"width":800,"height":800,"url":"https:\/\/boztuna.com\/wp-content\/uploads\/2025\/12\/REGALRGK4800A_KOMBIBUZDOLABIBEYAZ_1.png","type":"image\/png"}],"twitter_card":"summary_large_image","schema":{"@context":"https:\/\/schema.org","@graph":[{"@type":"WebPage","@id":"https:\/\/boztuna.com\/urun\/regal-rgk4800-a-kombi-buzdolabi-beyaz-2\/","url":"https:\/\/boztuna.com\/urun\/regal-rgk4800-a-kombi-buzdolabi-beyaz-2\/","name":"REGAL RGK4800 A+ KOMBI BUZDOLABI BEYAZ - Boztuna Group","isPartOf":{"@id":"https:\/\/boztuna.com\/#website"},"primaryImageOfPage":{"@id":"https:\/\/boztuna.com\/urun\/regal-rgk4800-a-kombi-buzdolabi-beyaz-2\/#primaryimage"},"image":{"@id":"https:\/\/boztuna.com\/urun\/regal-rgk4800-a-kombi-buzdolabi-beyaz-2\/#primaryimage"},"thumbnailUrl":"https:\/\/boztuna.com\/wp-content\/uploads\/2025\/12\/REGALRGK4800A_KOMBIBUZDOLABIBEYAZ_1.png","datePublished":"2025-12-24T08:34:24+00:00","dateModified":"2026-04-24T11:43:38+00:00","breadcrumb":{"@id":"https:\/\/boztuna.com\/urun\/regal-rgk4800-a-kombi-buzdolabi-beyaz-2\/#breadcrumb"},"inLanguage":"en-GB","potentialAction":[{"@type":"ReadAction","target":["https:\/\/boztuna.com\/urun\/regal-rgk4800-a-kombi-buzdolabi-beyaz-2\/"]}]},{"@type":"ImageObject","inLanguage":"en-GB","@id":"https:\/\/boztuna.com\/urun\/regal-rgk4800-a-kombi-buzdolabi-beyaz-2\/#primaryimage","url":"https:\/\/boztuna.com\/wp-content\/uploads\/2025\/12\/REGALRGK4800A_KOMBIBUZDOLABIBEYAZ_1.png","contentUrl":"https:\/\/boztuna.com\/wp-content\/uploads\/2025\/12\/REGALRGK4800A_KOMBIBUZDOLABIBEYAZ_1.png","width":800,"height":800},{"@type":"BreadcrumbList","@id":"https:\/\/boztuna.com\/urun\/regal-rgk4800-a-kombi-buzdolabi-beyaz-2\/#breadcrumb","itemListElement":[{"@type":"ListItem","position":1,"name":"Home","item":"https:\/\/boztuna.com\/"},{"@type":"ListItem","position":2,"name":"Ma\u011faza","item":"https:\/\/boztuna.com\/shop\/"},{"@type":"ListItem","position":3,"name":"REGAL RGK4800 A+ KOMBI BUZDOLABI BEYAZ"}]},{"@type":"WebSite","@id":"https:\/\/boztuna.com\/#website","url":"https:\/\/boztuna.com\/","name":"Boztuna Group","description":"Boztuna Group Resmi Web Sitesi","publisher":{"@id":"https:\/\/boztuna.com\/#organization"},"potentialAction":[{"@type":"SearchAction","target":{"@type":"EntryPoint","urlTemplate":"https:\/\/boztuna.com\/?s={search_term_string}"},"query-input":{"@type":"PropertyValueSpecification","valueRequired":true,"valueName":"search_term_string"}}],"inLanguage":"en-GB"},{"@type":"Organization","@id":"https:\/\/boztuna.com\/#organization","name":"Boztuna Group","url":"https:\/\/boztuna.com\/","logo":{"@type":"ImageObject","inLanguage":"en-GB","@id":"https:\/\/boztuna.com\/#\/schema\/logo\/image\/","url":"https:\/\/boztuna.com\/wp-content\/uploads\/2023\/12\/Boztuna-Flash.png","contentUrl":"https:\/\/boztuna.com\/wp-content\/uploads\/2023\/12\/Boztuna-Flash.png","width":1080,"height":1080,"caption":"Boztuna Group"},"image":{"@id":"https:\/\/boztuna.com\/#\/schema\/logo\/image\/"},"sameAs":["https:\/\/www.facebook.com\/boztunagroup","https:\/\/www.instagram.com\/boztuna.trading\/"]}]}},"_links":{"self":[{"href":"https:\/\/boztuna.com\/en\/wp-json\/wp\/v2\/product\/9593","targetHints":{"allow":["GET"]}}],"collection":[{"href":"https:\/\/boztuna.com\/en\/wp-json\/wp\/v2\/product"}],"about":[{"href":"https:\/\/boztuna.com\/en\/wp-json\/wp\/v2\/types\/product"}],"replies":[{"embeddable":true,"href":"https:\/\/boztuna.com\/en\/wp-json\/wp\/v2\/comments?post=9593"}],"version-history":[{"count":1,"href":"https:\/\/boztuna.com\/en\/wp-json\/wp\/v2\/product\/9593\/revisions"}],"predecessor-version":[{"id":11390,"href":"https:\/\/boztuna.com\/en\/wp-json\/wp\/v2\/product\/9593\/revisions\/11390"}],"wp:featuredmedia":[{"embeddable":true,"href":"https:\/\/boztuna.com\/en\/wp-json\/wp\/v2\/media\/9922"}],"wp:attachment":[{"href":"https:\/\/boztuna.com\/en\/wp-json\/wp\/v2\/media?parent=9593"}],"wp:term":[{"taxonomy":"product_brand","embeddable":true,"href":"https:\/\/boztuna.com\/en\/wp-json\/wp\/v2\/product_brand?post=9593"},{"taxonomy":"product_cat","embeddable":true,"href":"https:\/\/boztuna.com\/en\/wp-json\/wp\/v2\/product_cat?post=9593"},{"taxonomy":"product_tag","embeddable":true,"href":"https:\/\/boztuna.com\/en\/wp-json\/wp\/v2\/product_tag?post=9593"}],"curies":[{"name":"wp","href":"https:\/\/api.w.org\/{rel}","templated":true}]}}