

{"id":9585,"date":"2025-12-24T08:34:13","date_gmt":"2025-12-24T08:34:13","guid":{"rendered":"https:\/\/boztuna.com\/product\/regal-brand-rg3000-a-240lt-2\/"},"modified":"2026-04-20T13:18:23","modified_gmt":"2026-04-20T13:18:23","slug":"regal-brand-rg3000-a-240lt-2","status":"publish","type":"product","link":"https:\/\/boztuna.com\/en\/product\/regal-brand-rg3000-a-240lt-2\/","title":{"rendered":"REGAL BRAND RG3000 A+ 240LT"},"content":{"rendered":"<div class=\"ROSLJ\">\n<h3>Genel \u00d6zellikler<\/h3>\n<table>\n<thead>\n<tr>\n<th scope=\"col\">\u00d6zellik<\/th>\n<th scope=\"col\">De\u011fer<\/th>\n<\/tr>\n<\/thead>\n<tbody>\n<tr>\n<td data-label=\"\u00d6zellik\">\u00dcr\u00fcn Tipi<\/td>\n<td data-label=\"De\u011fer\">\n<div><a href=\"https:\/\/www.cimri.com\/cift-kapili-buzdolaplari\" title=\"\u00c7ift Kap\u0131l\u0131 Buzdolaplar\u0131\" aria-label=\"\u00dcr\u00fcn Tipi: \u00c7ift Kap\u0131l\u0131\">\u00c7ift Kap\u0131l\u0131<\/a><\/div>\n<\/td>\n<\/tr>\n<tr>\n<td data-label=\"\u00d6zellik\">Toplam Hacim<\/td>\n<td data-label=\"De\u011fer\">\n<div>253 lt<\/div>\n<\/td>\n<\/tr>\n<tr>\n<td data-label=\"\u00d6zellik\">Kullan\u0131m \u015eekli<\/td>\n<td data-label=\"De\u011fer\">\n<div><a href=\"https:\/\/www.cimri.com\/buzdolaplari\/solo\" title=\"Solo Buzdolab\u0131\" aria-label=\"Kullan\u0131m \u015eekli: Solo\">Solo<\/a><\/div>\n<\/td>\n<\/tr>\n<tr>\n<td data-label=\"\u00d6zellik\">G\u00f6sterge<\/td>\n<td data-label=\"De\u011fer\">\n<div>\n<span class=\"cimri-icon-clear-circle\" data-icon=\"yok\" aria-hidden=\"true\"><\/span>Yok<\/div>\n<\/td>\n<\/tr>\n<tr>\n<td data-label=\"\u00d6zellik\">Wi-Fi<\/td>\n<td data-label=\"De\u011fer\">\n<div>\n<span class=\"cimri-icon-clear-circle\" data-icon=\"yok\" aria-hidden=\"true\"><\/span>Yok<\/div>\n<\/td>\n<\/tr>\n<tr>\n<td data-label=\"\u00d6zellik\">Ak\u0131ll\u0131 Ev Sistemleri<\/td>\n<td data-label=\"De\u011fer\">\n<div>\n<span class=\"cimri-icon-clear-circle\" data-icon=\"yok\" aria-hidden=\"true\"><\/span>Yok<\/div>\n<\/td>\n<\/tr>\n<\/tbody>\n<\/table>\n<h3>Tasar\u0131m<\/h3>\n<table>\n<thead>\n<tr>\n<th scope=\"col\">\u00d6zellik<\/th>\n<th scope=\"col\">De\u011fer<\/th>\n<\/tr>\n<\/thead>\n<tbody>\n<tr>\n<td data-label=\"\u00d6zellik\">Kap\u0131 Say\u0131s\u0131<\/td>\n<td data-label=\"De\u011fer\">\n<div>2 adet<\/div>\n<\/td>\n<\/tr>\n<tr>\n<td data-label=\"\u00d6zellik\">Renk<\/td>\n<td data-label=\"De\u011fer\">\n<div><a href=\"https:\/\/www.cimri.com\/buzdolaplari\/beyaz\" title=\"Beyaz Buzdolab\u0131\" aria-label=\"Renk: Beyaz\">Beyaz<\/a><\/div>\n<\/td>\n<\/tr>\n<tr>\n<td data-label=\"\u00d6zellik\">Y\u00fckseklik<\/td>\n<td data-label=\"De\u011fer\">\n<div>160 cm<\/div>\n<\/td>\n<\/tr>\n<tr>\n<td data-label=\"\u00d6zellik\">Geni\u015flik<\/td>\n<td data-label=\"De\u011fer\">\n<div>64 cm<\/div>\n<\/td>\n<\/tr>\n<tr>\n<td data-label=\"\u00d6zellik\">Derinlik<\/td>\n<td data-label=\"De\u011fer\">\n<div>54 cm<\/div>\n<\/td>\n<\/tr>\n<tr>\n<td data-label=\"\u00d6zellik\">Kap\u0131 Y\u00f6n\u00fc<\/td>\n<td data-label=\"De\u011fer\">\n<div>De\u011fi\u015ftirilebilir<\/div>\n<\/td>\n<\/tr>\n<\/tbody>\n<\/table>\n<h3>So\u011futucu<\/h3>\n<table>\n<thead>\n<tr>\n<th scope=\"col\">\u00d6zellik<\/th>\n<th scope=\"col\">De\u011fer<\/th>\n<\/tr>\n<\/thead>\n<tbody>\n<tr>\n<td data-label=\"\u00d6zellik\">So\u011futucu Net Hacmi<\/td>\n<td data-label=\"De\u011fer\">\n<div>211 lt<\/div>\n<\/td>\n<\/tr>\n<tr>\n<td data-label=\"\u00d6zellik\">So\u011futucu Raf Adedi<\/td>\n<td data-label=\"De\u011fer\">\n<div>4<\/div>\n<\/td>\n<\/tr>\n<tr>\n<td data-label=\"\u00d6zellik\">Buz Makinesi<\/td>\n<td data-label=\"De\u011fer\">\n<div>\n<span class=\"cimri-icon-clear-circle\" data-icon=\"yok\" aria-hidden=\"true\"><\/span>Yok<\/div>\n<\/td>\n<\/tr>\n<tr>\n<td data-label=\"\u00d6zellik\">So\u011futucu Ayd\u0131nlatma<\/td>\n<td data-label=\"De\u011fer\">\n<div>\n<span class=\"cimri-icon-check-circle\" data-icon=\"var\" aria-hidden=\"true\"><\/span>Var<\/div>\n<\/td>\n<\/tr>\n<tr>\n<td data-label=\"\u00d6zellik\">Su&amp;Buz P\u0131nar\u0131<\/td>\n<td data-label=\"De\u011fer\">\n<div>\n<span class=\"cimri-icon-clear-circle\" data-icon=\"yok\" aria-hidden=\"true\"><\/span>Yok<\/div>\n<\/td>\n<\/tr>\n<\/tbody>\n<\/table>\n<\/div>\n<div class=\"ROSLJ\">\n<h3>Performans<\/h3>\n<table>\n<thead>\n<tr>\n<th scope=\"col\">\u00d6zellik<\/th>\n<th scope=\"col\">De\u011fer<\/th>\n<\/tr>\n<\/thead>\n<tbody>\n<tr>\n<td data-label=\"\u00d6zellik\">Enerji S\u0131n\u0131f\u0131<\/td>\n<td data-label=\"De\u011fer\">\n<div>A+<\/div>\n<\/td>\n<\/tr>\n<tr>\n<td data-label=\"\u00d6zellik\">Ses Seviyesi<\/td>\n<td data-label=\"De\u011fer\">\n<div>42 dB<\/div>\n<\/td>\n<\/tr>\n<tr>\n<td data-label=\"\u00d6zellik\">Enerji T\u00fcketimi<\/td>\n<td data-label=\"De\u011fer\">\n<div>0.70 kWh\/G\u00fcn<\/div>\n<\/td>\n<\/tr>\n<\/tbody>\n<\/table>\n<h3>Dondurucu<\/h3>\n<table>\n<thead>\n<tr>\n<th scope=\"col\">\u00d6zellik<\/th>\n<th scope=\"col\">De\u011fer<\/th>\n<\/tr>\n<\/thead>\n<tbody>\n<tr>\n<td data-label=\"\u00d6zellik\">So\u011futma Sistemi<\/td>\n<td data-label=\"De\u011fer\">\n<div><a href=\"https:\/\/www.cimri.com\/buzdolaplari\/statik\" title=\"Statik Buzdolab\u0131\" aria-label=\"So\u011futma Sistemi: Statik\">Statik<\/a><\/div>\n<\/td>\n<\/tr>\n<tr>\n<td data-label=\"\u00d6zellik\">Dondurucu Net Hacmi<\/td>\n<td data-label=\"De\u011fer\">\n<div>42 lt<\/div>\n<\/td>\n<\/tr>\n<tr>\n<td data-label=\"\u00d6zellik\">Dondurma Kapasitesi<\/td>\n<td data-label=\"De\u011fer\">\n<div>2 kg<\/div>\n<\/td>\n<\/tr>\n<\/tbody>\n<\/table>\n<\/div>","protected":false},"excerpt":{"rendered":"<p>Genel \u00d6zellikler \u00d6zellik De\u011fer \u00dcr\u00fcn Tipi \u00c7ift Kap\u0131l\u0131 Toplam Hacim 253 lt Kullan\u0131m \u015eekli Solo G\u00f6sterge Yok Wi-Fi Yok Ak\u0131ll\u0131 Ev Sistemleri Yok Tasar\u0131m \u00d6zellik De\u011fer Kap\u0131 Say\u0131s\u0131 2 adet Renk Beyaz Y\u00fckseklik 160 cm Geni\u015flik 64 cm Derinlik 54 cm Kap\u0131 Y\u00f6n\u00fc De\u011fi\u015ftirilebilir So\u011futucu \u00d6zellik De\u011fer So\u011futucu Net Hacmi 211 lt So\u011futucu Raf Adedi [&hellip;]<\/p>","protected":false},"featured_media":9914,"comment_status":"open","ping_status":"closed","template":"","meta":{"_joinchat":[]},"product_brand":[],"product_cat":[298],"product_tag":[],"class_list":{"0":"post-9585","1":"product","2":"type-product","3":"status-publish","4":"has-post-thumbnail","6":"product_cat-beyaz-esya-ve-klimalar","8":"first","9":"instock","10":"sale","11":"shipping-taxable","12":"purchasable","13":"product-type-simple"},"yoast_head":"<!-- This site is optimized with the Yoast SEO plugin v27.4 - https:\/\/yoast.com\/product\/yoast-seo-wordpress\/ -->\n<title>REGAL BRAND RG3000 A+ 240LT - Boztuna Group<\/title>\n<meta name=\"robots\" content=\"index, follow, max-snippet:-1, max-image-preview:large, max-video-preview:-1\" \/>\n<link rel=\"canonical\" href=\"https:\/\/boztuna.com\/en\/product\/regal-brand-rg3000-a-240lt-2\/\" \/>\n<meta property=\"og:locale\" content=\"en_GB\" \/>\n<meta property=\"og:type\" content=\"article\" \/>\n<meta property=\"og:title\" content=\"REGAL BRAND RG3000 A+ 240LT - Boztuna Group\" \/>\n<meta property=\"og:description\" content=\"Genel \u00d6zellikler \u00d6zellik De\u011fer \u00dcr\u00fcn Tipi \u00c7ift Kap\u0131l\u0131 Toplam Hacim 253 lt Kullan\u0131m \u015eekli Solo G\u00f6sterge Yok Wi-Fi Yok Ak\u0131ll\u0131 Ev Sistemleri Yok Tasar\u0131m \u00d6zellik De\u011fer Kap\u0131 Say\u0131s\u0131 2 adet Renk Beyaz Y\u00fckseklik 160 cm Geni\u015flik 64 cm Derinlik 54 cm Kap\u0131 Y\u00f6n\u00fc De\u011fi\u015ftirilebilir So\u011futucu \u00d6zellik De\u011fer So\u011futucu Net Hacmi 211 lt So\u011futucu Raf Adedi [&hellip;]\" \/>\n<meta property=\"og:url\" content=\"https:\/\/boztuna.com\/en\/product\/regal-brand-rg3000-a-240lt-2\/\" \/>\n<meta property=\"og:site_name\" content=\"Boztuna Group\" \/>\n<meta property=\"article:publisher\" content=\"https:\/\/www.facebook.com\/boztunagroup\" \/>\n<meta property=\"article:modified_time\" content=\"2026-04-20T13:18:23+00:00\" \/>\n<meta property=\"og:image\" content=\"https:\/\/boztuna.com\/wp-content\/uploads\/2025\/12\/REGALBRANDRG3000A_240LTBUZDOLABIBEYAZ_1.png\" \/>\n\t<meta property=\"og:image:width\" content=\"800\" \/>\n\t<meta property=\"og:image:height\" content=\"800\" \/>\n\t<meta property=\"og:image:type\" content=\"image\/png\" \/>\n<meta name=\"twitter:card\" content=\"summary_large_image\" \/>\n<meta name=\"twitter:label1\" content=\"Estimated reading time\" \/>\n\t<meta name=\"twitter:data1\" content=\"1 minute\" \/>\n<script type=\"application\/ld+json\" class=\"yoast-schema-graph\">{\"@context\":\"https:\\\/\\\/schema.org\",\"@graph\":[{\"@type\":\"WebPage\",\"@id\":\"https:\\\/\\\/boztuna.com\\\/urun\\\/regal-brand-rg3000-a-240lt-2\\\/\",\"url\":\"https:\\\/\\\/boztuna.com\\\/urun\\\/regal-brand-rg3000-a-240lt-2\\\/\",\"name\":\"REGAL BRAND RG3000 A+ 240LT - Boztuna Group\",\"isPartOf\":{\"@id\":\"https:\\\/\\\/boztuna.com\\\/#website\"},\"primaryImageOfPage\":{\"@id\":\"https:\\\/\\\/boztuna.com\\\/urun\\\/regal-brand-rg3000-a-240lt-2\\\/#primaryimage\"},\"image\":{\"@id\":\"https:\\\/\\\/boztuna.com\\\/urun\\\/regal-brand-rg3000-a-240lt-2\\\/#primaryimage\"},\"thumbnailUrl\":\"https:\\\/\\\/boztuna.com\\\/wp-content\\\/uploads\\\/2025\\\/12\\\/REGALBRANDRG3000A_240LTBUZDOLABIBEYAZ_1.png\",\"datePublished\":\"2025-12-24T08:34:13+00:00\",\"dateModified\":\"2026-04-20T13:18:23+00:00\",\"breadcrumb\":{\"@id\":\"https:\\\/\\\/boztuna.com\\\/urun\\\/regal-brand-rg3000-a-240lt-2\\\/#breadcrumb\"},\"inLanguage\":\"en-GB\",\"potentialAction\":[{\"@type\":\"ReadAction\",\"target\":[\"https:\\\/\\\/boztuna.com\\\/urun\\\/regal-brand-rg3000-a-240lt-2\\\/\"]}]},{\"@type\":\"ImageObject\",\"inLanguage\":\"en-GB\",\"@id\":\"https:\\\/\\\/boztuna.com\\\/urun\\\/regal-brand-rg3000-a-240lt-2\\\/#primaryimage\",\"url\":\"https:\\\/\\\/boztuna.com\\\/wp-content\\\/uploads\\\/2025\\\/12\\\/REGALBRANDRG3000A_240LTBUZDOLABIBEYAZ_1.png\",\"contentUrl\":\"https:\\\/\\\/boztuna.com\\\/wp-content\\\/uploads\\\/2025\\\/12\\\/REGALBRANDRG3000A_240LTBUZDOLABIBEYAZ_1.png\",\"width\":800,\"height\":800},{\"@type\":\"BreadcrumbList\",\"@id\":\"https:\\\/\\\/boztuna.com\\\/urun\\\/regal-brand-rg3000-a-240lt-2\\\/#breadcrumb\",\"itemListElement\":[{\"@type\":\"ListItem\",\"position\":1,\"name\":\"Home\",\"item\":\"https:\\\/\\\/boztuna.com\\\/\"},{\"@type\":\"ListItem\",\"position\":2,\"name\":\"Ma\u011faza\",\"item\":\"https:\\\/\\\/boztuna.com\\\/shop\\\/\"},{\"@type\":\"ListItem\",\"position\":3,\"name\":\"REGAL BRAND RG3000 A+ 240LT\"}]},{\"@type\":\"WebSite\",\"@id\":\"https:\\\/\\\/boztuna.com\\\/#website\",\"url\":\"https:\\\/\\\/boztuna.com\\\/\",\"name\":\"Boztuna Group\",\"description\":\"Boztuna Group Resmi Web Sitesi\",\"publisher\":{\"@id\":\"https:\\\/\\\/boztuna.com\\\/#organization\"},\"potentialAction\":[{\"@type\":\"SearchAction\",\"target\":{\"@type\":\"EntryPoint\",\"urlTemplate\":\"https:\\\/\\\/boztuna.com\\\/?s={search_term_string}\"},\"query-input\":{\"@type\":\"PropertyValueSpecification\",\"valueRequired\":true,\"valueName\":\"search_term_string\"}}],\"inLanguage\":\"en-GB\"},{\"@type\":\"Organization\",\"@id\":\"https:\\\/\\\/boztuna.com\\\/#organization\",\"name\":\"Boztuna Group\",\"url\":\"https:\\\/\\\/boztuna.com\\\/\",\"logo\":{\"@type\":\"ImageObject\",\"inLanguage\":\"en-GB\",\"@id\":\"https:\\\/\\\/boztuna.com\\\/#\\\/schema\\\/logo\\\/image\\\/\",\"url\":\"https:\\\/\\\/boztuna.com\\\/wp-content\\\/uploads\\\/2023\\\/12\\\/Boztuna-Flash.png\",\"contentUrl\":\"https:\\\/\\\/boztuna.com\\\/wp-content\\\/uploads\\\/2023\\\/12\\\/Boztuna-Flash.png\",\"width\":1080,\"height\":1080,\"caption\":\"Boztuna Group\"},\"image\":{\"@id\":\"https:\\\/\\\/boztuna.com\\\/#\\\/schema\\\/logo\\\/image\\\/\"},\"sameAs\":[\"https:\\\/\\\/www.facebook.com\\\/boztunagroup\",\"https:\\\/\\\/www.instagram.com\\\/boztuna.trading\\\/\"]}]}<\/script>\n<!-- \/ Yoast SEO plugin. -->","yoast_head_json":{"title":"REGAL BRAND RG3000 A+ 240LT - Boztuna Group","robots":{"index":"index","follow":"follow","max-snippet":"max-snippet:-1","max-image-preview":"max-image-preview:large","max-video-preview":"max-video-preview:-1"},"canonical":"https:\/\/boztuna.com\/en\/product\/regal-brand-rg3000-a-240lt-2\/","og_locale":"en_GB","og_type":"article","og_title":"REGAL BRAND RG3000 A+ 240LT - Boztuna Group","og_description":"Genel \u00d6zellikler \u00d6zellik De\u011fer \u00dcr\u00fcn Tipi \u00c7ift Kap\u0131l\u0131 Toplam Hacim 253 lt Kullan\u0131m \u015eekli Solo G\u00f6sterge Yok Wi-Fi Yok Ak\u0131ll\u0131 Ev Sistemleri Yok Tasar\u0131m \u00d6zellik De\u011fer Kap\u0131 Say\u0131s\u0131 2 adet Renk Beyaz Y\u00fckseklik 160 cm Geni\u015flik 64 cm Derinlik 54 cm Kap\u0131 Y\u00f6n\u00fc De\u011fi\u015ftirilebilir So\u011futucu \u00d6zellik De\u011fer So\u011futucu Net Hacmi 211 lt So\u011futucu Raf Adedi [&hellip;]","og_url":"https:\/\/boztuna.com\/en\/product\/regal-brand-rg3000-a-240lt-2\/","og_site_name":"Boztuna Group","article_publisher":"https:\/\/www.facebook.com\/boztunagroup","article_modified_time":"2026-04-20T13:18:23+00:00","og_image":[{"width":800,"height":800,"url":"https:\/\/boztuna.com\/wp-content\/uploads\/2025\/12\/REGALBRANDRG3000A_240LTBUZDOLABIBEYAZ_1.png","type":"image\/png"}],"twitter_card":"summary_large_image","twitter_misc":{"Estimated reading time":"1 minute"},"schema":{"@context":"https:\/\/schema.org","@graph":[{"@type":"WebPage","@id":"https:\/\/boztuna.com\/urun\/regal-brand-rg3000-a-240lt-2\/","url":"https:\/\/boztuna.com\/urun\/regal-brand-rg3000-a-240lt-2\/","name":"REGAL BRAND RG3000 A+ 240LT - Boztuna Group","isPartOf":{"@id":"https:\/\/boztuna.com\/#website"},"primaryImageOfPage":{"@id":"https:\/\/boztuna.com\/urun\/regal-brand-rg3000-a-240lt-2\/#primaryimage"},"image":{"@id":"https:\/\/boztuna.com\/urun\/regal-brand-rg3000-a-240lt-2\/#primaryimage"},"thumbnailUrl":"https:\/\/boztuna.com\/wp-content\/uploads\/2025\/12\/REGALBRANDRG3000A_240LTBUZDOLABIBEYAZ_1.png","datePublished":"2025-12-24T08:34:13+00:00","dateModified":"2026-04-20T13:18:23+00:00","breadcrumb":{"@id":"https:\/\/boztuna.com\/urun\/regal-brand-rg3000-a-240lt-2\/#breadcrumb"},"inLanguage":"en-GB","potentialAction":[{"@type":"ReadAction","target":["https:\/\/boztuna.com\/urun\/regal-brand-rg3000-a-240lt-2\/"]}]},{"@type":"ImageObject","inLanguage":"en-GB","@id":"https:\/\/boztuna.com\/urun\/regal-brand-rg3000-a-240lt-2\/#primaryimage","url":"https:\/\/boztuna.com\/wp-content\/uploads\/2025\/12\/REGALBRANDRG3000A_240LTBUZDOLABIBEYAZ_1.png","contentUrl":"https:\/\/boztuna.com\/wp-content\/uploads\/2025\/12\/REGALBRANDRG3000A_240LTBUZDOLABIBEYAZ_1.png","width":800,"height":800},{"@type":"BreadcrumbList","@id":"https:\/\/boztuna.com\/urun\/regal-brand-rg3000-a-240lt-2\/#breadcrumb","itemListElement":[{"@type":"ListItem","position":1,"name":"Home","item":"https:\/\/boztuna.com\/"},{"@type":"ListItem","position":2,"name":"Ma\u011faza","item":"https:\/\/boztuna.com\/shop\/"},{"@type":"ListItem","position":3,"name":"REGAL BRAND RG3000 A+ 240LT"}]},{"@type":"WebSite","@id":"https:\/\/boztuna.com\/#website","url":"https:\/\/boztuna.com\/","name":"Boztuna Group","description":"Boztuna Group Resmi Web Sitesi","publisher":{"@id":"https:\/\/boztuna.com\/#organization"},"potentialAction":[{"@type":"SearchAction","target":{"@type":"EntryPoint","urlTemplate":"https:\/\/boztuna.com\/?s={search_term_string}"},"query-input":{"@type":"PropertyValueSpecification","valueRequired":true,"valueName":"search_term_string"}}],"inLanguage":"en-GB"},{"@type":"Organization","@id":"https:\/\/boztuna.com\/#organization","name":"Boztuna Group","url":"https:\/\/boztuna.com\/","logo":{"@type":"ImageObject","inLanguage":"en-GB","@id":"https:\/\/boztuna.com\/#\/schema\/logo\/image\/","url":"https:\/\/boztuna.com\/wp-content\/uploads\/2023\/12\/Boztuna-Flash.png","contentUrl":"https:\/\/boztuna.com\/wp-content\/uploads\/2023\/12\/Boztuna-Flash.png","width":1080,"height":1080,"caption":"Boztuna Group"},"image":{"@id":"https:\/\/boztuna.com\/#\/schema\/logo\/image\/"},"sameAs":["https:\/\/www.facebook.com\/boztunagroup","https:\/\/www.instagram.com\/boztuna.trading\/"]}]}},"_links":{"self":[{"href":"https:\/\/boztuna.com\/en\/wp-json\/wp\/v2\/product\/9585","targetHints":{"allow":["GET"]}}],"collection":[{"href":"https:\/\/boztuna.com\/en\/wp-json\/wp\/v2\/product"}],"about":[{"href":"https:\/\/boztuna.com\/en\/wp-json\/wp\/v2\/types\/product"}],"replies":[{"embeddable":true,"href":"https:\/\/boztuna.com\/en\/wp-json\/wp\/v2\/comments?post=9585"}],"version-history":[{"count":1,"href":"https:\/\/boztuna.com\/en\/wp-json\/wp\/v2\/product\/9585\/revisions"}],"predecessor-version":[{"id":11387,"href":"https:\/\/boztuna.com\/en\/wp-json\/wp\/v2\/product\/9585\/revisions\/11387"}],"wp:featuredmedia":[{"embeddable":true,"href":"https:\/\/boztuna.com\/en\/wp-json\/wp\/v2\/media\/9914"}],"wp:attachment":[{"href":"https:\/\/boztuna.com\/en\/wp-json\/wp\/v2\/media?parent=9585"}],"wp:term":[{"taxonomy":"product_brand","embeddable":true,"href":"https:\/\/boztuna.com\/en\/wp-json\/wp\/v2\/product_brand?post=9585"},{"taxonomy":"product_cat","embeddable":true,"href":"https:\/\/boztuna.com\/en\/wp-json\/wp\/v2\/product_cat?post=9585"},{"taxonomy":"product_tag","embeddable":true,"href":"https:\/\/boztuna.com\/en\/wp-json\/wp\/v2\/product_tag?post=9585"}],"curies":[{"name":"wp","href":"https:\/\/api.w.org\/{rel}","templated":true}]}}