

{"id":9581,"date":"2025-12-24T08:34:09","date_gmt":"2025-12-24T08:34:09","guid":{"rendered":"https:\/\/boztuna.com\/product\/regal-af5365-x-firin-silver-2\/"},"modified":"2026-04-20T13:21:33","modified_gmt":"2026-04-20T13:21:33","slug":"regal-af5365-x-firin-silver-2","status":"publish","type":"product","link":"https:\/\/boztuna.com\/en\/product\/regal-af5365-x-firin-silver-2\/","title":{"rendered":"REGAL AF5365 X FIRIN SILVER"},"content":{"rendered":"<h3>\u00dcR\u00dcN HAKKINDA<\/h3>\n<div class=\"product-property\">\n<div class=\"boxes\"><a href=\"https:\/\/statik.vestel.com.tr\/webfiles\/20266483_e.pdf\" target=\"_blank\"><\/a><\/div>\n<div class=\"boxes\"><a href=\"https:\/\/statik.vestel.com.tr\/webfiles\/20266483_u.pdf\" target=\"_blank\"><\/a><\/div>\n<\/div>\n<div class=\"col-12\">\n<h3 class=\"title\">\u00dcR\u00dcN \u00d6ZELL\u0130KLER\u0130<\/h3>\n<div class=\"row\">\n<div class=\"col col-lg-4\">\n<div class=\"p-product__information__features\">\n<img decoding=\"async\" src=\"https:\/\/statics.vestel.com.tr\/contents\/images\/REGAL\/regalpicto\/TURBO.png\" alt=\"\"><\/p>\n<h3>ElektroTurbo<\/h3>\n<p>Fan sayesinde s\u0131cak hava f\u0131r\u0131n\u0131n her taraf\u0131na e\u015fit bir \u015fekilde yay\u0131larak hem zaman hem enerji tasarrufu sa\u011flar.<\/p>\n<\/div>\n<\/div>\n<div class=\"col col-lg-4\">\n<div class=\"p-product__information__features\">\n<img decoding=\"async\" src=\"https:\/\/statics.vestel.com.tr\/contents\/images\/REGAL\/regalpicto\/Meyve-Sebze-Kurutma-.png\" alt=\"\"><\/p>\n<h3>Meyve Sebze Kurutma<\/h3>\n<p>Biber kurutmak i\u00e7in art\u0131k yaz mevsimini beklemenize gerek yok, bu fonksiyon ile hem sebzelerinizi kurutabilir hem de sa\u011fl\u0131kl\u0131 at\u0131\u015ft\u0131rmal\u0131klar\u0131n\u0131z\u0131 kendiniz haz\u0131rlayabilirsiniz<\/p>\n<\/div>\n<\/div>\n<div class=\"col col-lg-4\">\n<div class=\"p-product__information__features\">\n<img decoding=\"async\" src=\"https:\/\/statics.vestel.com.tr\/contents\/images\/REGAL\/regalpicto\/Yourt-Yapma.png\" alt=\"\"><\/p>\n<h3>Yo\u011furt Yapma<\/h3>\n<p>Ev yo\u011furdunun lezzeti de faydas\u0131 da bir ba\u015fka! S\u00fct\u00fc kaynatman\u0131za gerek kalmadan k\u0131sa s\u00fcrede do\u011fal yo\u011furdunuz haz\u0131r.<\/p>\n<\/div>\n<\/div>\n<div class=\"col col-lg-4\">\n<div class=\"p-product__information__features\">\n<img decoding=\"async\" src=\"https:\/\/statics.vestel.com.tr\/contents\/images\/REGAL\/regalpicto\/Ekmek-Yapma.png\" alt=\"\"><\/p>\n<h3>Ekmek Yapma<\/h3>\n<p>\u0130\u00e7 malzemelerini kendiniz se\u00e7erek i\u00e7i yumu\u015fac\u0131k d\u0131\u015f\u0131 \u00e7\u0131t\u0131r ekmeklerinizi Regal f\u0131r\u0131n\u0131n\u0131z sizin i\u00e7in yaps\u0131n.<\/p>\n<\/div>\n<\/div>\n<\/div>\n<\/div>","protected":false},"excerpt":{"rendered":"<p>\u00dcR\u00dcN HAKKINDA \u00dcR\u00dcN \u00d6ZELL\u0130KLER\u0130 ElektroTurbo Fan sayesinde s\u0131cak hava f\u0131r\u0131n\u0131n her taraf\u0131na e\u015fit bir \u015fekilde yay\u0131larak hem zaman hem enerji tasarrufu sa\u011flar. Meyve Sebze Kurutma Biber kurutmak i\u00e7in art\u0131k yaz mevsimini beklemenize gerek yok, bu fonksiyon ile hem sebzelerinizi kurutabilir hem de sa\u011fl\u0131kl\u0131 at\u0131\u015ft\u0131rmal\u0131klar\u0131n\u0131z\u0131 kendiniz haz\u0131rlayabilirsiniz Yo\u011furt Yapma Ev yo\u011furdunun lezzeti de faydas\u0131 da bir [&hellip;]<\/p>","protected":false},"featured_media":9906,"comment_status":"open","ping_status":"closed","template":"","meta":{"_joinchat":[]},"product_brand":[],"product_cat":[298],"product_tag":[],"class_list":{"0":"post-9581","1":"product","2":"type-product","3":"status-publish","4":"has-post-thumbnail","6":"product_cat-beyaz-esya-ve-klimalar","8":"first","9":"instock","10":"sale","11":"shipping-taxable","12":"purchasable","13":"product-type-simple"},"yoast_head":"<!-- This site is optimized with the Yoast SEO plugin v27.4 - https:\/\/yoast.com\/product\/yoast-seo-wordpress\/ -->\n<title>REGAL AF5365 X FIRIN SILVER - Boztuna Group<\/title>\n<meta name=\"robots\" content=\"index, follow, max-snippet:-1, max-image-preview:large, max-video-preview:-1\" \/>\n<link rel=\"canonical\" href=\"https:\/\/boztuna.com\/en\/product\/regal-af5365-x-firin-silver-2\/\" \/>\n<meta property=\"og:locale\" content=\"en_GB\" \/>\n<meta property=\"og:type\" content=\"article\" \/>\n<meta property=\"og:title\" content=\"REGAL AF5365 X FIRIN SILVER - Boztuna Group\" \/>\n<meta property=\"og:description\" content=\"\u00dcR\u00dcN HAKKINDA \u00dcR\u00dcN \u00d6ZELL\u0130KLER\u0130 ElektroTurbo Fan sayesinde s\u0131cak hava f\u0131r\u0131n\u0131n her taraf\u0131na e\u015fit bir \u015fekilde yay\u0131larak hem zaman hem enerji tasarrufu sa\u011flar. Meyve Sebze Kurutma Biber kurutmak i\u00e7in art\u0131k yaz mevsimini beklemenize gerek yok, bu fonksiyon ile hem sebzelerinizi kurutabilir hem de sa\u011fl\u0131kl\u0131 at\u0131\u015ft\u0131rmal\u0131klar\u0131n\u0131z\u0131 kendiniz haz\u0131rlayabilirsiniz Yo\u011furt Yapma Ev yo\u011furdunun lezzeti de faydas\u0131 da bir [&hellip;]\" \/>\n<meta property=\"og:url\" content=\"https:\/\/boztuna.com\/en\/product\/regal-af5365-x-firin-silver-2\/\" \/>\n<meta property=\"og:site_name\" content=\"Boztuna Group\" \/>\n<meta property=\"article:publisher\" content=\"https:\/\/www.facebook.com\/boztunagroup\" \/>\n<meta property=\"article:modified_time\" content=\"2026-04-20T13:21:33+00:00\" \/>\n<meta property=\"og:image\" content=\"https:\/\/boztuna.com\/wp-content\/uploads\/2025\/12\/RegalAF5365XYAEnerjiSinifiElektroturboAnkastreFirin_2.png\" \/>\n\t<meta property=\"og:image:width\" content=\"800\" \/>\n\t<meta property=\"og:image:height\" content=\"800\" \/>\n\t<meta property=\"og:image:type\" content=\"image\/png\" \/>\n<meta name=\"twitter:card\" content=\"summary_large_image\" \/>\n<meta name=\"twitter:label1\" content=\"Estimated reading time\" \/>\n\t<meta name=\"twitter:data1\" content=\"1 minute\" \/>\n<script type=\"application\/ld+json\" class=\"yoast-schema-graph\">{\"@context\":\"https:\\\/\\\/schema.org\",\"@graph\":[{\"@type\":\"WebPage\",\"@id\":\"https:\\\/\\\/boztuna.com\\\/urun\\\/regal-af5365-x-firin-silver-2\\\/\",\"url\":\"https:\\\/\\\/boztuna.com\\\/urun\\\/regal-af5365-x-firin-silver-2\\\/\",\"name\":\"REGAL AF5365 X FIRIN SILVER - Boztuna Group\",\"isPartOf\":{\"@id\":\"https:\\\/\\\/boztuna.com\\\/#website\"},\"primaryImageOfPage\":{\"@id\":\"https:\\\/\\\/boztuna.com\\\/urun\\\/regal-af5365-x-firin-silver-2\\\/#primaryimage\"},\"image\":{\"@id\":\"https:\\\/\\\/boztuna.com\\\/urun\\\/regal-af5365-x-firin-silver-2\\\/#primaryimage\"},\"thumbnailUrl\":\"https:\\\/\\\/boztuna.com\\\/wp-content\\\/uploads\\\/2025\\\/12\\\/RegalAF5365XYAEnerjiSinifiElektroturboAnkastreFirin_2.png\",\"datePublished\":\"2025-12-24T08:34:09+00:00\",\"dateModified\":\"2026-04-20T13:21:33+00:00\",\"breadcrumb\":{\"@id\":\"https:\\\/\\\/boztuna.com\\\/urun\\\/regal-af5365-x-firin-silver-2\\\/#breadcrumb\"},\"inLanguage\":\"en-GB\",\"potentialAction\":[{\"@type\":\"ReadAction\",\"target\":[\"https:\\\/\\\/boztuna.com\\\/urun\\\/regal-af5365-x-firin-silver-2\\\/\"]}]},{\"@type\":\"ImageObject\",\"inLanguage\":\"en-GB\",\"@id\":\"https:\\\/\\\/boztuna.com\\\/urun\\\/regal-af5365-x-firin-silver-2\\\/#primaryimage\",\"url\":\"https:\\\/\\\/boztuna.com\\\/wp-content\\\/uploads\\\/2025\\\/12\\\/RegalAF5365XYAEnerjiSinifiElektroturboAnkastreFirin_2.png\",\"contentUrl\":\"https:\\\/\\\/boztuna.com\\\/wp-content\\\/uploads\\\/2025\\\/12\\\/RegalAF5365XYAEnerjiSinifiElektroturboAnkastreFirin_2.png\",\"width\":800,\"height\":800},{\"@type\":\"BreadcrumbList\",\"@id\":\"https:\\\/\\\/boztuna.com\\\/urun\\\/regal-af5365-x-firin-silver-2\\\/#breadcrumb\",\"itemListElement\":[{\"@type\":\"ListItem\",\"position\":1,\"name\":\"Home\",\"item\":\"https:\\\/\\\/boztuna.com\\\/\"},{\"@type\":\"ListItem\",\"position\":2,\"name\":\"Ma\u011faza\",\"item\":\"https:\\\/\\\/boztuna.com\\\/shop\\\/\"},{\"@type\":\"ListItem\",\"position\":3,\"name\":\"REGAL AF5365 X FIRIN SILVER\"}]},{\"@type\":\"WebSite\",\"@id\":\"https:\\\/\\\/boztuna.com\\\/#website\",\"url\":\"https:\\\/\\\/boztuna.com\\\/\",\"name\":\"Boztuna Group\",\"description\":\"Boztuna Group Resmi Web Sitesi\",\"publisher\":{\"@id\":\"https:\\\/\\\/boztuna.com\\\/#organization\"},\"potentialAction\":[{\"@type\":\"SearchAction\",\"target\":{\"@type\":\"EntryPoint\",\"urlTemplate\":\"https:\\\/\\\/boztuna.com\\\/?s={search_term_string}\"},\"query-input\":{\"@type\":\"PropertyValueSpecification\",\"valueRequired\":true,\"valueName\":\"search_term_string\"}}],\"inLanguage\":\"en-GB\"},{\"@type\":\"Organization\",\"@id\":\"https:\\\/\\\/boztuna.com\\\/#organization\",\"name\":\"Boztuna Group\",\"url\":\"https:\\\/\\\/boztuna.com\\\/\",\"logo\":{\"@type\":\"ImageObject\",\"inLanguage\":\"en-GB\",\"@id\":\"https:\\\/\\\/boztuna.com\\\/#\\\/schema\\\/logo\\\/image\\\/\",\"url\":\"https:\\\/\\\/boztuna.com\\\/wp-content\\\/uploads\\\/2023\\\/12\\\/Boztuna-Flash.png\",\"contentUrl\":\"https:\\\/\\\/boztuna.com\\\/wp-content\\\/uploads\\\/2023\\\/12\\\/Boztuna-Flash.png\",\"width\":1080,\"height\":1080,\"caption\":\"Boztuna Group\"},\"image\":{\"@id\":\"https:\\\/\\\/boztuna.com\\\/#\\\/schema\\\/logo\\\/image\\\/\"},\"sameAs\":[\"https:\\\/\\\/www.facebook.com\\\/boztunagroup\",\"https:\\\/\\\/www.instagram.com\\\/boztuna.trading\\\/\"]}]}<\/script>\n<!-- \/ Yoast SEO plugin. -->","yoast_head_json":{"title":"REGAL AF5365 X FIRIN SILVER - Boztuna Group","robots":{"index":"index","follow":"follow","max-snippet":"max-snippet:-1","max-image-preview":"max-image-preview:large","max-video-preview":"max-video-preview:-1"},"canonical":"https:\/\/boztuna.com\/en\/product\/regal-af5365-x-firin-silver-2\/","og_locale":"en_GB","og_type":"article","og_title":"REGAL AF5365 X FIRIN SILVER - Boztuna Group","og_description":"\u00dcR\u00dcN HAKKINDA \u00dcR\u00dcN \u00d6ZELL\u0130KLER\u0130 ElektroTurbo Fan sayesinde s\u0131cak hava f\u0131r\u0131n\u0131n her taraf\u0131na e\u015fit bir \u015fekilde yay\u0131larak hem zaman hem enerji tasarrufu sa\u011flar. Meyve Sebze Kurutma Biber kurutmak i\u00e7in art\u0131k yaz mevsimini beklemenize gerek yok, bu fonksiyon ile hem sebzelerinizi kurutabilir hem de sa\u011fl\u0131kl\u0131 at\u0131\u015ft\u0131rmal\u0131klar\u0131n\u0131z\u0131 kendiniz haz\u0131rlayabilirsiniz Yo\u011furt Yapma Ev yo\u011furdunun lezzeti de faydas\u0131 da bir [&hellip;]","og_url":"https:\/\/boztuna.com\/en\/product\/regal-af5365-x-firin-silver-2\/","og_site_name":"Boztuna Group","article_publisher":"https:\/\/www.facebook.com\/boztunagroup","article_modified_time":"2026-04-20T13:21:33+00:00","og_image":[{"width":800,"height":800,"url":"https:\/\/boztuna.com\/wp-content\/uploads\/2025\/12\/RegalAF5365XYAEnerjiSinifiElektroturboAnkastreFirin_2.png","type":"image\/png"}],"twitter_card":"summary_large_image","twitter_misc":{"Estimated reading time":"1 minute"},"schema":{"@context":"https:\/\/schema.org","@graph":[{"@type":"WebPage","@id":"https:\/\/boztuna.com\/urun\/regal-af5365-x-firin-silver-2\/","url":"https:\/\/boztuna.com\/urun\/regal-af5365-x-firin-silver-2\/","name":"REGAL AF5365 X FIRIN SILVER - Boztuna Group","isPartOf":{"@id":"https:\/\/boztuna.com\/#website"},"primaryImageOfPage":{"@id":"https:\/\/boztuna.com\/urun\/regal-af5365-x-firin-silver-2\/#primaryimage"},"image":{"@id":"https:\/\/boztuna.com\/urun\/regal-af5365-x-firin-silver-2\/#primaryimage"},"thumbnailUrl":"https:\/\/boztuna.com\/wp-content\/uploads\/2025\/12\/RegalAF5365XYAEnerjiSinifiElektroturboAnkastreFirin_2.png","datePublished":"2025-12-24T08:34:09+00:00","dateModified":"2026-04-20T13:21:33+00:00","breadcrumb":{"@id":"https:\/\/boztuna.com\/urun\/regal-af5365-x-firin-silver-2\/#breadcrumb"},"inLanguage":"en-GB","potentialAction":[{"@type":"ReadAction","target":["https:\/\/boztuna.com\/urun\/regal-af5365-x-firin-silver-2\/"]}]},{"@type":"ImageObject","inLanguage":"en-GB","@id":"https:\/\/boztuna.com\/urun\/regal-af5365-x-firin-silver-2\/#primaryimage","url":"https:\/\/boztuna.com\/wp-content\/uploads\/2025\/12\/RegalAF5365XYAEnerjiSinifiElektroturboAnkastreFirin_2.png","contentUrl":"https:\/\/boztuna.com\/wp-content\/uploads\/2025\/12\/RegalAF5365XYAEnerjiSinifiElektroturboAnkastreFirin_2.png","width":800,"height":800},{"@type":"BreadcrumbList","@id":"https:\/\/boztuna.com\/urun\/regal-af5365-x-firin-silver-2\/#breadcrumb","itemListElement":[{"@type":"ListItem","position":1,"name":"Home","item":"https:\/\/boztuna.com\/"},{"@type":"ListItem","position":2,"name":"Ma\u011faza","item":"https:\/\/boztuna.com\/shop\/"},{"@type":"ListItem","position":3,"name":"REGAL AF5365 X FIRIN SILVER"}]},{"@type":"WebSite","@id":"https:\/\/boztuna.com\/#website","url":"https:\/\/boztuna.com\/","name":"Boztuna Group","description":"Boztuna Group Resmi Web Sitesi","publisher":{"@id":"https:\/\/boztuna.com\/#organization"},"potentialAction":[{"@type":"SearchAction","target":{"@type":"EntryPoint","urlTemplate":"https:\/\/boztuna.com\/?s={search_term_string}"},"query-input":{"@type":"PropertyValueSpecification","valueRequired":true,"valueName":"search_term_string"}}],"inLanguage":"en-GB"},{"@type":"Organization","@id":"https:\/\/boztuna.com\/#organization","name":"Boztuna Group","url":"https:\/\/boztuna.com\/","logo":{"@type":"ImageObject","inLanguage":"en-GB","@id":"https:\/\/boztuna.com\/#\/schema\/logo\/image\/","url":"https:\/\/boztuna.com\/wp-content\/uploads\/2023\/12\/Boztuna-Flash.png","contentUrl":"https:\/\/boztuna.com\/wp-content\/uploads\/2023\/12\/Boztuna-Flash.png","width":1080,"height":1080,"caption":"Boztuna Group"},"image":{"@id":"https:\/\/boztuna.com\/#\/schema\/logo\/image\/"},"sameAs":["https:\/\/www.facebook.com\/boztunagroup","https:\/\/www.instagram.com\/boztuna.trading\/"]}]}},"_links":{"self":[{"href":"https:\/\/boztuna.com\/en\/wp-json\/wp\/v2\/product\/9581","targetHints":{"allow":["GET"]}}],"collection":[{"href":"https:\/\/boztuna.com\/en\/wp-json\/wp\/v2\/product"}],"about":[{"href":"https:\/\/boztuna.com\/en\/wp-json\/wp\/v2\/types\/product"}],"replies":[{"embeddable":true,"href":"https:\/\/boztuna.com\/en\/wp-json\/wp\/v2\/comments?post=9581"}],"version-history":[{"count":1,"href":"https:\/\/boztuna.com\/en\/wp-json\/wp\/v2\/product\/9581\/revisions"}],"predecessor-version":[{"id":11361,"href":"https:\/\/boztuna.com\/en\/wp-json\/wp\/v2\/product\/9581\/revisions\/11361"}],"wp:featuredmedia":[{"embeddable":true,"href":"https:\/\/boztuna.com\/en\/wp-json\/wp\/v2\/media\/9906"}],"wp:attachment":[{"href":"https:\/\/boztuna.com\/en\/wp-json\/wp\/v2\/media?parent=9581"}],"wp:term":[{"taxonomy":"product_brand","embeddable":true,"href":"https:\/\/boztuna.com\/en\/wp-json\/wp\/v2\/product_brand?post=9581"},{"taxonomy":"product_cat","embeddable":true,"href":"https:\/\/boztuna.com\/en\/wp-json\/wp\/v2\/product_cat?post=9581"},{"taxonomy":"product_tag","embeddable":true,"href":"https:\/\/boztuna.com\/en\/wp-json\/wp\/v2\/product_tag?post=9581"}],"curies":[{"name":"wp","href":"https:\/\/api.w.org\/{rel}","templated":true}]}}