

{"id":9575,"date":"2025-12-24T08:33:52","date_gmt":"2025-12-24T08:33:52","guid":{"rendered":"https:\/\/boztuna.com\/product\/regal-4820-nf-a-480lt-buzdolabi-2\/"},"modified":"2026-04-20T13:22:58","modified_gmt":"2026-04-20T13:22:58","slug":"regal-4820-nf-a-480lt-buzdolabi-2","status":"publish","type":"product","link":"https:\/\/boztuna.com\/en\/product\/regal-4820-nf-a-480lt-buzdolabi-2\/","title":{"rendered":"REGAL 4820 NF A+ 480LT BUZDOLABI"},"content":{"rendered":"<div class=\"column column-one-third\">\n<div>\n<h3>Genel \u00d6zellikler<\/h3>\n<p><span class=\"titleLine\"><\/span>\n<\/div>\n<div class=\"p-product__specification\">\n<div class=\"p-product__specification__item\">\n<span>So\u011futucu Net Hacim (LT):<\/span><span>335<\/span>\n<\/div>\n<div class=\"p-product__specification__item\">\n<span>Dondurma Kapasitesi (kg\/24 saat):<\/span><span>5<\/span>\n<\/div>\n<div class=\"p-product__specification__item\">\n<span>Boyutlar (YxGxD)-(Cm):<\/span><span>183*70*72<\/span>\n<\/div>\n<div class=\"p-product__specification__item\">\n<span>Enerji S\u0131n\u0131f\u0131:<\/span><span>F<\/span>\n<\/div>\n<div class=\"p-product__specification__item\">\n<span>Enerji T\u00fcketimi (kWh\/24 saat):<\/span><span>1.038<\/span>\n<\/div>\n<div class=\"p-product__specification__item\">\n<span>So\u011futma Sistemi:<\/span><span>No Frost<\/span>\n<\/div>\n<div class=\"p-product__specification__item\">\n<span>Toplam Br\u00fct Hacim (lt):<\/span><span>480<\/span>\n<\/div>\n<div class=\"p-product__specification__item\">\n<span>Renk:<\/span><span>Beyaz<\/span>\n<\/div>\n<\/div>\n<\/div>\n<div class=\"column column-one-third\">\n<div>\n<h3>So\u011futma Sistemi<\/h3>\n<p><span class=\"titleLine\"><\/span>\n<\/div>\n<div class=\"p-product__specification\">\n<div class=\"p-product__specification__item\">\n<span>Ak\u0131ll\u0131 Defrost Sistemi:<\/span><span>Var<\/span>\n<\/div>\n<div class=\"p-product__specification__item\">\n<span>\u00c7ok Y\u00f6nl\u00fc So\u011futma Sistemi:<\/span><span>Var<\/span>\n<\/div>\n<div class=\"p-product__specification__item\">\n<span>Kahvalt\u0131l\u0131k B\u00f6lmesi (0\u1d52C B\u00f6lmesi):<\/span><span>Var<\/span>\n<\/div>\n<div class=\"p-product__specification__item\">\n<span>Kokular\u0131 Kar\u0131\u015ft\u0131rmayan Ak\u0131ll\u0131 Hava Sistemi:<\/span><span>Var<\/span>\n<\/div>\n<\/div>\n<\/div>\n<div class=\"column column-one-third\">\n<div>\n<h3>So\u011futucu<\/h3>\n<p><span class=\"titleLine\"><\/span>\n<\/div>\n<div class=\"p-product__specification\">\n<div class=\"p-product__specification__item\">\n<span>So\u011futucu Raf Tipi:<\/span><span>Cam Raf<\/span>\n<\/div>\n<div class=\"p-product__specification__item\">\n<span>So\u011futucu Raf Say\u0131s\u0131:<\/span><span>3<\/span>\n<\/div>\n<div class=\"p-product__specification__item\">\n<span>Ayarlanabilir Cam Raf:<\/span><span>Var<\/span>\n<\/div>\n<\/div>\n<\/div>\n<div class=\"column column-one-third\">\n<div>\n<h3>Dondurucu<\/h3>\n<p><span class=\"titleLine\"><\/span>\n<\/div>\n<div class=\"p-product__specification\">\n<div class=\"p-product__specification__item\">\n<span>4 Y\u0131ld\u0131zl\u0131 Derin Dondurucu:<\/span><span>Var<\/span>\n<\/div>\n<div class=\"p-product__specification__item\">\n<span>Dondurucu Raf Say\u0131s\u0131:<\/span><span>1<\/span>\n<\/div>\n<div class=\"p-product__specification__item\">\n<span>Dondurucu Konumu:<\/span><span>Dondurucu \u00dcstte<\/span>\n<\/div>\n<\/div>\n<\/div>\n<div class=\"column column-one-third\">\n<div>\n<h3>Ayd\u0131nlatma<\/h3>\n<p><span class=\"titleLine\"><\/span>\n<\/div>\n<div class=\"p-product__specification\">\n<div class=\"p-product__specification__item\">\n<span>So\u011futucu Ayd\u0131nlatma Tipi:<\/span><span>LED (Yandan Ayd\u0131nlatma)<\/span>\n<\/div>\n<div class=\"p-product__specification__item\">\n<span>Dondurucu Ayd\u0131nlatma:<\/span><span>Yok<\/span>\n<\/div>\n<\/div>\n<\/div>\n<div class=\"column column-one-third\">\n<div>\n<h3>Kontrol Sistemi<\/h3>\n<p><span class=\"titleLine\"><\/span>\n<\/div>\n<div class=\"p-product__specification\">\n<div class=\"p-product__specification__item\">\n<span>Kontrol Paneli:<\/span><span>G\u00f6vde \u0130\u00e7i Elektronik<\/span>\n<\/div>\n<div class=\"p-product__specification__item\">\n<span>Elektrik Kesintisinde Saklama S\u00fcresi:<\/span><span>16 saat<\/span>\n<\/div>\n<\/div>\n<\/div>\n<div class=\"column column-one-third\">\n<div>\n<h3>Filtreler ve Nem Ayar\u0131<\/h3>\n<p><span class=\"titleLine\"><\/span>\n<\/div>\n<div class=\"p-product__specification\">\n<div class=\"p-product__specification__item\">\n<span>Nem Kontrol D\u00fc\u011fmesi:<\/span><span>Var<\/span>\n<\/div>\n<\/div>\n<\/div>\n<div class=\"column column-one-third\">\n<div>\n<h3>Di\u011fer \u00d6zellik ve Teknolojiler<\/h3>\n<p><span class=\"titleLine\"><\/span>\n<\/div>\n<div class=\"p-product__specification\">\n<div class=\"p-product__specification__item\">\n<span>De\u011fi\u015ftirilebilir Kap\u0131 A\u00e7\u0131l\u0131\u015f Y\u00f6n\u00fc:<\/span><span>Var<\/span>\n<\/div>\n<div class=\"p-product__specification__item\">\n<span>Dondurucu B\u00f6lme Net Hacmi (lt):<\/span><span>97<\/span>\n<\/div>\n<div class=\"p-product__specification__item\">\n<span>Temperli Cam Raflar (K\u0131r\u0131lmaya Dayan\u0131kl\u0131):<\/span><span>Var<\/span>\n<\/div>\n<div class=\"p-product__specification__item\">\n<span>Hareket Kolayl\u0131\u011f\u0131 Sa\u011flayan Tekerlekler:<\/span><span>Var<\/span>\n<\/div>\n<div class=\"p-product__specification__item\">\n<span>\u015e\u0131k Kap\u0131 Kolu:<\/span><span>Yok<\/span>\n<\/div>\n<\/div>\n<\/div>\n<div class=\"column column-one-third\">\n<div>\n<h3>Ek \u00d6zellikler<\/h3>\n<p><span class=\"titleLine\"><\/span>\n<\/div>\n<div class=\"p-product__specification\">\n<div class=\"p-product__specification__item\">\n<span>Buzluk:<\/span><span>2 adet<\/span>\n<\/div>\n<div class=\"p-product__specification__item\">\n<span>\u00dcr\u00fcn Kodu:<\/span><span>20262385<\/span>\n<\/div>\n<div class=\"p-product__specification__item\">\n<span>Genel Garanti:<\/span><span>3 Y\u0131l<\/span>\n<\/div>\n<div class=\"p-product__specification__item\">\n<span>Geni\u015flik (cm):<\/span><span>70<\/span>\n<\/div>\n<div class=\"p-product__specification__item\">\n<span>Toplam Br\u00fct Hacim Lt:<\/span><span>480<\/span>\n<\/div>\n<div class=\"p-product__specification__item\">\n<span>Y\u00fckseklik (cm):<\/span><span>183<\/span>\n<\/div>\n<\/div>\n<\/div>","protected":false},"excerpt":{"rendered":"<p>Genel \u00d6zellikler So\u011futucu Net Hacim (LT):335 Dondurma Kapasitesi (kg\/24 saat):5 Boyutlar (YxGxD)-(Cm):183*70*72 Enerji S\u0131n\u0131f\u0131:F Enerji T\u00fcketimi (kWh\/24 saat):1.038 So\u011futma Sistemi:No Frost Toplam Br\u00fct Hacim (lt):480 Renk:Beyaz So\u011futma Sistemi Ak\u0131ll\u0131 Defrost Sistemi:Var \u00c7ok Y\u00f6nl\u00fc So\u011futma Sistemi:Var Kahvalt\u0131l\u0131k B\u00f6lmesi (0\u1d52C B\u00f6lmesi):Var Kokular\u0131 Kar\u0131\u015ft\u0131rmayan Ak\u0131ll\u0131 Hava Sistemi:Var So\u011futucu So\u011futucu Raf Tipi:Cam Raf So\u011futucu Raf Say\u0131s\u0131:3 Ayarlanabilir Cam Raf:Var [&hellip;]<\/p>","protected":false},"featured_media":9897,"comment_status":"open","ping_status":"closed","template":"","meta":{"_joinchat":[]},"product_brand":[],"product_cat":[298],"product_tag":[],"class_list":{"0":"post-9575","1":"product","2":"type-product","3":"status-publish","4":"has-post-thumbnail","6":"product_cat-beyaz-esya-ve-klimalar","8":"first","9":"instock","10":"sale","11":"shipping-taxable","12":"purchasable","13":"product-type-simple"},"yoast_head":"<!-- This site is optimized with the Yoast SEO plugin v27.4 - https:\/\/yoast.com\/product\/yoast-seo-wordpress\/ -->\n<title>REGAL 4820 NF A+ 480LT BUZDOLABI - Boztuna Group<\/title>\n<meta name=\"robots\" content=\"index, follow, max-snippet:-1, max-image-preview:large, max-video-preview:-1\" \/>\n<link rel=\"canonical\" href=\"https:\/\/boztuna.com\/en\/product\/regal-4820-nf-a-480lt-buzdolabi-2\/\" \/>\n<meta property=\"og:locale\" content=\"en_GB\" \/>\n<meta property=\"og:type\" content=\"article\" \/>\n<meta property=\"og:title\" content=\"REGAL 4820 NF A+ 480LT BUZDOLABI - Boztuna Group\" \/>\n<meta property=\"og:description\" content=\"Genel \u00d6zellikler So\u011futucu Net Hacim (LT):335 Dondurma Kapasitesi (kg\/24 saat):5 Boyutlar (YxGxD)-(Cm):183*70*72 Enerji S\u0131n\u0131f\u0131:F Enerji T\u00fcketimi (kWh\/24 saat):1.038 So\u011futma Sistemi:No Frost Toplam Br\u00fct Hacim (lt):480 Renk:Beyaz So\u011futma Sistemi Ak\u0131ll\u0131 Defrost Sistemi:Var \u00c7ok Y\u00f6nl\u00fc So\u011futma Sistemi:Var Kahvalt\u0131l\u0131k B\u00f6lmesi (0\u1d52C B\u00f6lmesi):Var Kokular\u0131 Kar\u0131\u015ft\u0131rmayan Ak\u0131ll\u0131 Hava Sistemi:Var So\u011futucu So\u011futucu Raf Tipi:Cam Raf So\u011futucu Raf Say\u0131s\u0131:3 Ayarlanabilir Cam Raf:Var [&hellip;]\" \/>\n<meta property=\"og:url\" content=\"https:\/\/boztuna.com\/en\/product\/regal-4820-nf-a-480lt-buzdolabi-2\/\" \/>\n<meta property=\"og:site_name\" content=\"Boztuna Group\" \/>\n<meta property=\"article:publisher\" content=\"https:\/\/www.facebook.com\/boztunagroup\" \/>\n<meta property=\"article:modified_time\" content=\"2026-04-20T13:22:58+00:00\" \/>\n<meta property=\"og:image\" content=\"https:\/\/boztuna.com\/wp-content\/uploads\/2025\/12\/REGAL4820NFA_480LTBUZDOLABI_2.png\" \/>\n\t<meta property=\"og:image:width\" content=\"800\" \/>\n\t<meta property=\"og:image:height\" content=\"800\" \/>\n\t<meta property=\"og:image:type\" content=\"image\/png\" \/>\n<meta name=\"twitter:card\" content=\"summary_large_image\" \/>\n<meta name=\"twitter:label1\" content=\"Estimated reading time\" \/>\n\t<meta name=\"twitter:data1\" content=\"1 minute\" \/>\n<script type=\"application\/ld+json\" class=\"yoast-schema-graph\">{\"@context\":\"https:\\\/\\\/schema.org\",\"@graph\":[{\"@type\":\"WebPage\",\"@id\":\"https:\\\/\\\/boztuna.com\\\/urun\\\/regal-4820-nf-a-480lt-buzdolabi-2\\\/\",\"url\":\"https:\\\/\\\/boztuna.com\\\/urun\\\/regal-4820-nf-a-480lt-buzdolabi-2\\\/\",\"name\":\"REGAL 4820 NF A+ 480LT BUZDOLABI - Boztuna Group\",\"isPartOf\":{\"@id\":\"https:\\\/\\\/boztuna.com\\\/#website\"},\"primaryImageOfPage\":{\"@id\":\"https:\\\/\\\/boztuna.com\\\/urun\\\/regal-4820-nf-a-480lt-buzdolabi-2\\\/#primaryimage\"},\"image\":{\"@id\":\"https:\\\/\\\/boztuna.com\\\/urun\\\/regal-4820-nf-a-480lt-buzdolabi-2\\\/#primaryimage\"},\"thumbnailUrl\":\"https:\\\/\\\/boztuna.com\\\/wp-content\\\/uploads\\\/2025\\\/12\\\/REGAL4820NFA_480LTBUZDOLABI_2.png\",\"datePublished\":\"2025-12-24T08:33:52+00:00\",\"dateModified\":\"2026-04-20T13:22:58+00:00\",\"breadcrumb\":{\"@id\":\"https:\\\/\\\/boztuna.com\\\/urun\\\/regal-4820-nf-a-480lt-buzdolabi-2\\\/#breadcrumb\"},\"inLanguage\":\"en-GB\",\"potentialAction\":[{\"@type\":\"ReadAction\",\"target\":[\"https:\\\/\\\/boztuna.com\\\/urun\\\/regal-4820-nf-a-480lt-buzdolabi-2\\\/\"]}]},{\"@type\":\"ImageObject\",\"inLanguage\":\"en-GB\",\"@id\":\"https:\\\/\\\/boztuna.com\\\/urun\\\/regal-4820-nf-a-480lt-buzdolabi-2\\\/#primaryimage\",\"url\":\"https:\\\/\\\/boztuna.com\\\/wp-content\\\/uploads\\\/2025\\\/12\\\/REGAL4820NFA_480LTBUZDOLABI_2.png\",\"contentUrl\":\"https:\\\/\\\/boztuna.com\\\/wp-content\\\/uploads\\\/2025\\\/12\\\/REGAL4820NFA_480LTBUZDOLABI_2.png\",\"width\":800,\"height\":800},{\"@type\":\"BreadcrumbList\",\"@id\":\"https:\\\/\\\/boztuna.com\\\/urun\\\/regal-4820-nf-a-480lt-buzdolabi-2\\\/#breadcrumb\",\"itemListElement\":[{\"@type\":\"ListItem\",\"position\":1,\"name\":\"Home\",\"item\":\"https:\\\/\\\/boztuna.com\\\/\"},{\"@type\":\"ListItem\",\"position\":2,\"name\":\"Ma\u011faza\",\"item\":\"https:\\\/\\\/boztuna.com\\\/shop\\\/\"},{\"@type\":\"ListItem\",\"position\":3,\"name\":\"REGAL 4820 NF A+ 480LT BUZDOLABI\"}]},{\"@type\":\"WebSite\",\"@id\":\"https:\\\/\\\/boztuna.com\\\/#website\",\"url\":\"https:\\\/\\\/boztuna.com\\\/\",\"name\":\"Boztuna Group\",\"description\":\"Boztuna Group Resmi Web Sitesi\",\"publisher\":{\"@id\":\"https:\\\/\\\/boztuna.com\\\/#organization\"},\"potentialAction\":[{\"@type\":\"SearchAction\",\"target\":{\"@type\":\"EntryPoint\",\"urlTemplate\":\"https:\\\/\\\/boztuna.com\\\/?s={search_term_string}\"},\"query-input\":{\"@type\":\"PropertyValueSpecification\",\"valueRequired\":true,\"valueName\":\"search_term_string\"}}],\"inLanguage\":\"en-GB\"},{\"@type\":\"Organization\",\"@id\":\"https:\\\/\\\/boztuna.com\\\/#organization\",\"name\":\"Boztuna Group\",\"url\":\"https:\\\/\\\/boztuna.com\\\/\",\"logo\":{\"@type\":\"ImageObject\",\"inLanguage\":\"en-GB\",\"@id\":\"https:\\\/\\\/boztuna.com\\\/#\\\/schema\\\/logo\\\/image\\\/\",\"url\":\"https:\\\/\\\/boztuna.com\\\/wp-content\\\/uploads\\\/2023\\\/12\\\/Boztuna-Flash.png\",\"contentUrl\":\"https:\\\/\\\/boztuna.com\\\/wp-content\\\/uploads\\\/2023\\\/12\\\/Boztuna-Flash.png\",\"width\":1080,\"height\":1080,\"caption\":\"Boztuna Group\"},\"image\":{\"@id\":\"https:\\\/\\\/boztuna.com\\\/#\\\/schema\\\/logo\\\/image\\\/\"},\"sameAs\":[\"https:\\\/\\\/www.facebook.com\\\/boztunagroup\",\"https:\\\/\\\/www.instagram.com\\\/boztuna.trading\\\/\"]}]}<\/script>\n<!-- \/ Yoast SEO plugin. -->","yoast_head_json":{"title":"REGAL 4820 NF A+ 480LT BUZDOLABI - Boztuna Group","robots":{"index":"index","follow":"follow","max-snippet":"max-snippet:-1","max-image-preview":"max-image-preview:large","max-video-preview":"max-video-preview:-1"},"canonical":"https:\/\/boztuna.com\/en\/product\/regal-4820-nf-a-480lt-buzdolabi-2\/","og_locale":"en_GB","og_type":"article","og_title":"REGAL 4820 NF A+ 480LT BUZDOLABI - Boztuna Group","og_description":"Genel \u00d6zellikler So\u011futucu Net Hacim (LT):335 Dondurma Kapasitesi (kg\/24 saat):5 Boyutlar (YxGxD)-(Cm):183*70*72 Enerji S\u0131n\u0131f\u0131:F Enerji T\u00fcketimi (kWh\/24 saat):1.038 So\u011futma Sistemi:No Frost Toplam Br\u00fct Hacim (lt):480 Renk:Beyaz So\u011futma Sistemi Ak\u0131ll\u0131 Defrost Sistemi:Var \u00c7ok Y\u00f6nl\u00fc So\u011futma Sistemi:Var Kahvalt\u0131l\u0131k B\u00f6lmesi (0\u1d52C B\u00f6lmesi):Var Kokular\u0131 Kar\u0131\u015ft\u0131rmayan Ak\u0131ll\u0131 Hava Sistemi:Var So\u011futucu So\u011futucu Raf Tipi:Cam Raf So\u011futucu Raf Say\u0131s\u0131:3 Ayarlanabilir Cam Raf:Var [&hellip;]","og_url":"https:\/\/boztuna.com\/en\/product\/regal-4820-nf-a-480lt-buzdolabi-2\/","og_site_name":"Boztuna Group","article_publisher":"https:\/\/www.facebook.com\/boztunagroup","article_modified_time":"2026-04-20T13:22:58+00:00","og_image":[{"width":800,"height":800,"url":"https:\/\/boztuna.com\/wp-content\/uploads\/2025\/12\/REGAL4820NFA_480LTBUZDOLABI_2.png","type":"image\/png"}],"twitter_card":"summary_large_image","twitter_misc":{"Estimated reading time":"1 minute"},"schema":{"@context":"https:\/\/schema.org","@graph":[{"@type":"WebPage","@id":"https:\/\/boztuna.com\/urun\/regal-4820-nf-a-480lt-buzdolabi-2\/","url":"https:\/\/boztuna.com\/urun\/regal-4820-nf-a-480lt-buzdolabi-2\/","name":"REGAL 4820 NF A+ 480LT BUZDOLABI - Boztuna Group","isPartOf":{"@id":"https:\/\/boztuna.com\/#website"},"primaryImageOfPage":{"@id":"https:\/\/boztuna.com\/urun\/regal-4820-nf-a-480lt-buzdolabi-2\/#primaryimage"},"image":{"@id":"https:\/\/boztuna.com\/urun\/regal-4820-nf-a-480lt-buzdolabi-2\/#primaryimage"},"thumbnailUrl":"https:\/\/boztuna.com\/wp-content\/uploads\/2025\/12\/REGAL4820NFA_480LTBUZDOLABI_2.png","datePublished":"2025-12-24T08:33:52+00:00","dateModified":"2026-04-20T13:22:58+00:00","breadcrumb":{"@id":"https:\/\/boztuna.com\/urun\/regal-4820-nf-a-480lt-buzdolabi-2\/#breadcrumb"},"inLanguage":"en-GB","potentialAction":[{"@type":"ReadAction","target":["https:\/\/boztuna.com\/urun\/regal-4820-nf-a-480lt-buzdolabi-2\/"]}]},{"@type":"ImageObject","inLanguage":"en-GB","@id":"https:\/\/boztuna.com\/urun\/regal-4820-nf-a-480lt-buzdolabi-2\/#primaryimage","url":"https:\/\/boztuna.com\/wp-content\/uploads\/2025\/12\/REGAL4820NFA_480LTBUZDOLABI_2.png","contentUrl":"https:\/\/boztuna.com\/wp-content\/uploads\/2025\/12\/REGAL4820NFA_480LTBUZDOLABI_2.png","width":800,"height":800},{"@type":"BreadcrumbList","@id":"https:\/\/boztuna.com\/urun\/regal-4820-nf-a-480lt-buzdolabi-2\/#breadcrumb","itemListElement":[{"@type":"ListItem","position":1,"name":"Home","item":"https:\/\/boztuna.com\/"},{"@type":"ListItem","position":2,"name":"Ma\u011faza","item":"https:\/\/boztuna.com\/shop\/"},{"@type":"ListItem","position":3,"name":"REGAL 4820 NF A+ 480LT BUZDOLABI"}]},{"@type":"WebSite","@id":"https:\/\/boztuna.com\/#website","url":"https:\/\/boztuna.com\/","name":"Boztuna Group","description":"Boztuna Group Resmi Web Sitesi","publisher":{"@id":"https:\/\/boztuna.com\/#organization"},"potentialAction":[{"@type":"SearchAction","target":{"@type":"EntryPoint","urlTemplate":"https:\/\/boztuna.com\/?s={search_term_string}"},"query-input":{"@type":"PropertyValueSpecification","valueRequired":true,"valueName":"search_term_string"}}],"inLanguage":"en-GB"},{"@type":"Organization","@id":"https:\/\/boztuna.com\/#organization","name":"Boztuna Group","url":"https:\/\/boztuna.com\/","logo":{"@type":"ImageObject","inLanguage":"en-GB","@id":"https:\/\/boztuna.com\/#\/schema\/logo\/image\/","url":"https:\/\/boztuna.com\/wp-content\/uploads\/2023\/12\/Boztuna-Flash.png","contentUrl":"https:\/\/boztuna.com\/wp-content\/uploads\/2023\/12\/Boztuna-Flash.png","width":1080,"height":1080,"caption":"Boztuna Group"},"image":{"@id":"https:\/\/boztuna.com\/#\/schema\/logo\/image\/"},"sameAs":["https:\/\/www.facebook.com\/boztunagroup","https:\/\/www.instagram.com\/boztuna.trading\/"]}]}},"_links":{"self":[{"href":"https:\/\/boztuna.com\/en\/wp-json\/wp\/v2\/product\/9575","targetHints":{"allow":["GET"]}}],"collection":[{"href":"https:\/\/boztuna.com\/en\/wp-json\/wp\/v2\/product"}],"about":[{"href":"https:\/\/boztuna.com\/en\/wp-json\/wp\/v2\/types\/product"}],"replies":[{"embeddable":true,"href":"https:\/\/boztuna.com\/en\/wp-json\/wp\/v2\/comments?post=9575"}],"version-history":[{"count":1,"href":"https:\/\/boztuna.com\/en\/wp-json\/wp\/v2\/product\/9575\/revisions"}],"predecessor-version":[{"id":11386,"href":"https:\/\/boztuna.com\/en\/wp-json\/wp\/v2\/product\/9575\/revisions\/11386"}],"wp:featuredmedia":[{"embeddable":true,"href":"https:\/\/boztuna.com\/en\/wp-json\/wp\/v2\/media\/9897"}],"wp:attachment":[{"href":"https:\/\/boztuna.com\/en\/wp-json\/wp\/v2\/media?parent=9575"}],"wp:term":[{"taxonomy":"product_brand","embeddable":true,"href":"https:\/\/boztuna.com\/en\/wp-json\/wp\/v2\/product_brand?post=9575"},{"taxonomy":"product_cat","embeddable":true,"href":"https:\/\/boztuna.com\/en\/wp-json\/wp\/v2\/product_cat?post=9575"},{"taxonomy":"product_tag","embeddable":true,"href":"https:\/\/boztuna.com\/en\/wp-json\/wp\/v2\/product_tag?post=9575"}],"curies":[{"name":"wp","href":"https:\/\/api.w.org\/{rel}","templated":true}]}}