

{"id":9551,"date":"2025-12-24T08:33:13","date_gmt":"2025-12-24T08:33:13","guid":{"rendered":"https:\/\/boztuna.com\/product\/pera-poax-tg-64-ankastre-gazli-ocak-silver-2\/"},"modified":"2026-04-20T13:24:37","modified_gmt":"2026-04-20T13:24:37","slug":"pera-poax-tg-64-ankastre-gazli-ocak-silver-2","status":"publish","type":"product","link":"https:\/\/boztuna.com\/en\/product\/pera-poax-tg-64-ankastre-gazli-ocak-silver-2\/","title":{"rendered":"Pera POAX TG 64 Ankastre Gazl\u0131 Ocak Silver"},"content":{"rendered":"<h2>Pera POAX TG 64 Ankastre Gazl\u0131 Ocak \u00d6zellikleri<\/h2>\n<div id=\"bilgiler\" class=\"masonry\">\n<div id=\"grup\" class=\"masonry-brick\">\n<h3><span>GENEL \u00d6ZELL\u0130KLER<\/span><\/h3>\n<ul class=\"grup\">\n<li id=\"id2125\" class=\"cls0\">\n<strong id=\"cell\" class=\"ozellik2125\">Kullan\u0131m Tipi<\/strong><span class=\"cell cs1\"><span class=\"\"><a class=\"\" href=\"https:\/\/www.epey.com\/ocak\/kullanim-tipi\/ankastre\/\" title=\"Ankastre Ocak Fiyatlar\u0131\">Ankastre<\/a><\/span><\/span>\n<\/li>\n<li id=\"id2133\" class=\"cls0\">\n<strong id=\"cell\" class=\"ozellik2133\">\u00dcr\u00fcn Tipi<\/strong><span class=\"cell cs1\"><span class=\"\"><a class=\"\" href=\"https:\/\/www.epey.com\/ocak\/urun-tipi\/klasik-ocak\/\" title=\"Klasik Ocak Fiyatlar\u0131\">Klasik Ocak<\/a><\/span><\/span>\n<\/li>\n<li id=\"id2112\" class=\"cls0\">\n<strong id=\"cell\" class=\"ozellik2112\">Ocak Tipi<\/strong><span class=\"cell cs1\"><span class=\"\"><a class=\"\" href=\"https:\/\/www.epey.com\/ocak\/ocak-tipi\/gazli-ocak\/\" title=\"Gazl\u0131 Ocak Fiyatlar\u0131\">Gazl\u0131 Ocak<\/a><\/span><\/span>\n<\/li>\n<li id=\"id2126\" class=\"cls0\">\n<strong id=\"cell\" class=\"ozellik2126\">Ate\u015fleme Tipi<\/strong><span class=\"cell cs1\"><span class=\"\">D\u00fc\u011fmeden Ate\u015fleme<\/span><\/span>\n<\/li>\n<li id=\"id2127\" class=\"cls0\">\n<strong id=\"cell\" class=\"ozellik2127\">Gaz Emniyeti<\/strong><span class=\"cell cs1\"><span class=\"\"><a class=\"degerVar\" href=\"https:\/\/www.epey.com\/ocak\/gaz-emniyeti\/var\/\" title=\"Gaz Emniyetli Ocaklar\">Var<\/a><\/span><\/span>\n<\/li>\n<li id=\"id7819\" class=\"cls0\">\n<strong id=\"cell\" class=\"ozellik7819\">LPG Uyumu<\/strong><span class=\"cell cs1\"><span class=\"\"><a class=\"degerVar\" href=\"https:\/\/www.epey.com\/ocak\/lpg-uyumu\/var\/\" title=\"LPG Uyumlu Ocak Fiyatlar\u0131\">Var<\/a><\/span><\/span>\n<\/li>\n<\/ul>\n<\/div>\n<div id=\"grup\" class=\"masonry-brick\">\n<h3><span>\u00d6ZELL\u0130KLER<\/span><\/h3>\n<ul class=\"grup\">\n<li id=\"id7809\" class=\"cls0\">\n<strong id=\"cell\" class=\"ozellik7809\">Izgara Malzemesi<\/strong><span class=\"cell cs1\"><span class=\"\">Emaye Izgara<\/span><\/span>\n<\/li>\n<li id=\"id2144\" class=\"cls0\">\n<strong id=\"cell\" class=\"ozellik2144\">Gazl\u0131 G\u00f6z<\/strong><span class=\"cell cs1\"><span class=\"\"><a class=\"degerVar\" href=\"https:\/\/www.epey.com\/ocak\/gazli-goz\/var\/\" title=\"Gazl\u0131 G\u00f6ze Sahip Ocaklar\">Var<\/a><\/span><\/span>\n<\/li>\n<li id=\"id2123\" class=\"cls0\">\n<strong id=\"cell\" class=\"ozellik2123\">Elektrikli G\u00f6z<\/strong><span class=\"cell cs1\"><span class=\"degerYok\">Yok<\/span><\/span>\n<\/li>\n<li id=\"id2117\" class=\"cls0\">\n<strong id=\"cell\" class=\"ozellik2117\">Wok G\u00f6z\u00fc<\/strong><span class=\"cell cs1\"><span class=\"degerYok\">Yok<\/span><\/span>\n<\/li>\n<li id=\"id2114\" class=\"cls0\">\n<strong id=\"cell\" class=\"ozellik2114\">K\u00fc\u00e7\u00fck G\u00f6z Adedi<\/strong><span class=\"cell cs1\"><span class=\"\">1<\/span><\/span>\n<\/li>\n<li id=\"id2115\" class=\"cls0\">\n<strong id=\"cell\" class=\"ozellik2115\">Orta G\u00f6z Adedi<\/strong><span class=\"cell cs1\"><span class=\"\">2<\/span><\/span>\n<\/li>\n<li id=\"id2116\" class=\"cls0\">\n<strong id=\"cell\" class=\"ozellik2116\">B\u00fcy\u00fck G\u00f6z Adedi<\/strong><span class=\"cell cs1\"><span class=\"\">1<\/span><\/span>\n<\/li>\n<li id=\"id2113\" class=\"cls0\">\n<strong id=\"cell\" class=\"ozellik2113\">Toplam G\u00f6z Adedi<\/strong><span class=\"cell cs1\"><span class=\"\"><a class=\"\" href=\"https:\/\/www.epey.com\/ocak\/toplam-goz-adedi\/4\/\" title=\"4 G\u00f6zl\u00fc Ocaklar\">4<\/a><\/span><\/span>\n<\/li>\n<\/ul>\n<\/div>\n<div id=\"grup\" class=\"masonry-brick\">\n<h3><span>TASARIM<\/span><\/h3>\n<ul class=\"grup\">\n<li id=\"id7813\" class=\"cls0\">\n<strong id=\"cell\" class=\"ozellik7813\">D\u00fc\u011fme Tipi<\/strong><span class=\"cell cs1\"><span class=\"\">Dairesel D\u00fc\u011fme<\/span><\/span>\n<\/li>\n<li id=\"id7814\" class=\"cls0\">\n<strong id=\"cell\" class=\"ozellik7814\">D\u00fc\u011fme Konumu<\/strong><span class=\"cell cs1\"><span class=\"\">Yandan D\u00fc\u011fmeli<\/span><\/span>\n<\/li>\n<li id=\"id2132\" class=\"cls0\">\n<strong id=\"cell\" class=\"ozellik2132\">Ocak Y\u00fczeyi<\/strong><span class=\"cell cs1\"><span class=\"\"><a class=\"\" href=\"https:\/\/www.epey.com\/ocak\/ocak-yuzeyi\/metal\/\" title=\"Metal Y\u00fczeyli Ocak\">Metal<\/a><\/span><\/span>\n<\/li>\n<\/ul>\n<\/div>\n<\/div>","protected":false},"excerpt":{"rendered":"<p>Pera POAX TG 64 Ankastre Gazl\u0131 Ocak \u00d6zellikleri GENEL \u00d6ZELL\u0130KLER Kullan\u0131m TipiAnkastre \u00dcr\u00fcn TipiKlasik Ocak Ocak TipiGazl\u0131 Ocak Ate\u015fleme TipiD\u00fc\u011fmeden Ate\u015fleme Gaz EmniyetiVar LPG UyumuVar \u00d6ZELL\u0130KLER Izgara MalzemesiEmaye Izgara Gazl\u0131 G\u00f6zVar Elektrikli G\u00f6zYok Wok G\u00f6z\u00fcYok K\u00fc\u00e7\u00fck G\u00f6z Adedi1 Orta G\u00f6z Adedi2 B\u00fcy\u00fck G\u00f6z Adedi1 Toplam G\u00f6z Adedi4 TASARIM D\u00fc\u011fme TipiDairesel D\u00fc\u011fme D\u00fc\u011fme KonumuYandan D\u00fc\u011fmeli Ocak [&hellip;]<\/p>","protected":false},"featured_media":9890,"comment_status":"open","ping_status":"closed","template":"","meta":{"_joinchat":[]},"product_brand":[],"product_cat":[298],"product_tag":[],"class_list":{"0":"post-9551","1":"product","2":"type-product","3":"status-publish","4":"has-post-thumbnail","6":"product_cat-beyaz-esya-ve-klimalar","8":"first","9":"instock","10":"sale","11":"shipping-taxable","12":"purchasable","13":"product-type-simple"},"yoast_head":"<!-- This site is optimized with the Yoast SEO plugin v27.4 - https:\/\/yoast.com\/product\/yoast-seo-wordpress\/ -->\n<title>Pera POAX TG 64 Ankastre Gazl\u0131 Ocak Silver - Boztuna Group<\/title>\n<meta name=\"robots\" content=\"index, follow, max-snippet:-1, max-image-preview:large, max-video-preview:-1\" \/>\n<link rel=\"canonical\" href=\"https:\/\/boztuna.com\/en\/product\/pera-poax-tg-64-ankastre-gazli-ocak-silver-2\/\" \/>\n<meta property=\"og:locale\" content=\"en_GB\" \/>\n<meta property=\"og:type\" content=\"article\" \/>\n<meta property=\"og:title\" content=\"Pera POAX TG 64 Ankastre Gazl\u0131 Ocak Silver - Boztuna Group\" \/>\n<meta property=\"og:description\" content=\"Pera POAX TG 64 Ankastre Gazl\u0131 Ocak \u00d6zellikleri GENEL \u00d6ZELL\u0130KLER Kullan\u0131m TipiAnkastre \u00dcr\u00fcn TipiKlasik Ocak Ocak TipiGazl\u0131 Ocak Ate\u015fleme TipiD\u00fc\u011fmeden Ate\u015fleme Gaz EmniyetiVar LPG UyumuVar \u00d6ZELL\u0130KLER Izgara MalzemesiEmaye Izgara Gazl\u0131 G\u00f6zVar Elektrikli G\u00f6zYok Wok G\u00f6z\u00fcYok K\u00fc\u00e7\u00fck G\u00f6z Adedi1 Orta G\u00f6z Adedi2 B\u00fcy\u00fck G\u00f6z Adedi1 Toplam G\u00f6z Adedi4 TASARIM D\u00fc\u011fme TipiDairesel D\u00fc\u011fme D\u00fc\u011fme KonumuYandan D\u00fc\u011fmeli Ocak [&hellip;]\" \/>\n<meta property=\"og:url\" content=\"https:\/\/boztuna.com\/en\/product\/pera-poax-tg-64-ankastre-gazli-ocak-silver-2\/\" \/>\n<meta property=\"og:site_name\" content=\"Boztuna Group\" \/>\n<meta property=\"article:publisher\" content=\"https:\/\/www.facebook.com\/boztunagroup\" \/>\n<meta property=\"article:modified_time\" content=\"2026-04-20T13:24:37+00:00\" \/>\n<meta property=\"og:image\" content=\"https:\/\/boztuna.com\/wp-content\/uploads\/2025\/12\/peraock.png\" \/>\n\t<meta property=\"og:image:width\" content=\"800\" \/>\n\t<meta property=\"og:image:height\" content=\"800\" \/>\n\t<meta property=\"og:image:type\" content=\"image\/png\" \/>\n<meta name=\"twitter:card\" content=\"summary_large_image\" \/>\n<script type=\"application\/ld+json\" class=\"yoast-schema-graph\">{\"@context\":\"https:\\\/\\\/schema.org\",\"@graph\":[{\"@type\":\"WebPage\",\"@id\":\"https:\\\/\\\/boztuna.com\\\/urun\\\/pera-poax-tg-64-ankastre-gazli-ocak-silver-2\\\/\",\"url\":\"https:\\\/\\\/boztuna.com\\\/urun\\\/pera-poax-tg-64-ankastre-gazli-ocak-silver-2\\\/\",\"name\":\"Pera POAX TG 64 Ankastre Gazl\u0131 Ocak Silver - Boztuna Group\",\"isPartOf\":{\"@id\":\"https:\\\/\\\/boztuna.com\\\/#website\"},\"primaryImageOfPage\":{\"@id\":\"https:\\\/\\\/boztuna.com\\\/urun\\\/pera-poax-tg-64-ankastre-gazli-ocak-silver-2\\\/#primaryimage\"},\"image\":{\"@id\":\"https:\\\/\\\/boztuna.com\\\/urun\\\/pera-poax-tg-64-ankastre-gazli-ocak-silver-2\\\/#primaryimage\"},\"thumbnailUrl\":\"https:\\\/\\\/boztuna.com\\\/wp-content\\\/uploads\\\/2025\\\/12\\\/peraock.png\",\"datePublished\":\"2025-12-24T08:33:13+00:00\",\"dateModified\":\"2026-04-20T13:24:37+00:00\",\"breadcrumb\":{\"@id\":\"https:\\\/\\\/boztuna.com\\\/urun\\\/pera-poax-tg-64-ankastre-gazli-ocak-silver-2\\\/#breadcrumb\"},\"inLanguage\":\"en-GB\",\"potentialAction\":[{\"@type\":\"ReadAction\",\"target\":[\"https:\\\/\\\/boztuna.com\\\/urun\\\/pera-poax-tg-64-ankastre-gazli-ocak-silver-2\\\/\"]}]},{\"@type\":\"ImageObject\",\"inLanguage\":\"en-GB\",\"@id\":\"https:\\\/\\\/boztuna.com\\\/urun\\\/pera-poax-tg-64-ankastre-gazli-ocak-silver-2\\\/#primaryimage\",\"url\":\"https:\\\/\\\/boztuna.com\\\/wp-content\\\/uploads\\\/2025\\\/12\\\/peraock.png\",\"contentUrl\":\"https:\\\/\\\/boztuna.com\\\/wp-content\\\/uploads\\\/2025\\\/12\\\/peraock.png\",\"width\":800,\"height\":800},{\"@type\":\"BreadcrumbList\",\"@id\":\"https:\\\/\\\/boztuna.com\\\/urun\\\/pera-poax-tg-64-ankastre-gazli-ocak-silver-2\\\/#breadcrumb\",\"itemListElement\":[{\"@type\":\"ListItem\",\"position\":1,\"name\":\"Home\",\"item\":\"https:\\\/\\\/boztuna.com\\\/\"},{\"@type\":\"ListItem\",\"position\":2,\"name\":\"Ma\u011faza\",\"item\":\"https:\\\/\\\/boztuna.com\\\/shop\\\/\"},{\"@type\":\"ListItem\",\"position\":3,\"name\":\"Pera POAX TG 64 Ankastre Gazl\u0131 Ocak Silver\"}]},{\"@type\":\"WebSite\",\"@id\":\"https:\\\/\\\/boztuna.com\\\/#website\",\"url\":\"https:\\\/\\\/boztuna.com\\\/\",\"name\":\"Boztuna Group\",\"description\":\"Boztuna Group Resmi Web Sitesi\",\"publisher\":{\"@id\":\"https:\\\/\\\/boztuna.com\\\/#organization\"},\"potentialAction\":[{\"@type\":\"SearchAction\",\"target\":{\"@type\":\"EntryPoint\",\"urlTemplate\":\"https:\\\/\\\/boztuna.com\\\/?s={search_term_string}\"},\"query-input\":{\"@type\":\"PropertyValueSpecification\",\"valueRequired\":true,\"valueName\":\"search_term_string\"}}],\"inLanguage\":\"en-GB\"},{\"@type\":\"Organization\",\"@id\":\"https:\\\/\\\/boztuna.com\\\/#organization\",\"name\":\"Boztuna Group\",\"url\":\"https:\\\/\\\/boztuna.com\\\/\",\"logo\":{\"@type\":\"ImageObject\",\"inLanguage\":\"en-GB\",\"@id\":\"https:\\\/\\\/boztuna.com\\\/#\\\/schema\\\/logo\\\/image\\\/\",\"url\":\"https:\\\/\\\/boztuna.com\\\/wp-content\\\/uploads\\\/2023\\\/12\\\/Boztuna-Flash.png\",\"contentUrl\":\"https:\\\/\\\/boztuna.com\\\/wp-content\\\/uploads\\\/2023\\\/12\\\/Boztuna-Flash.png\",\"width\":1080,\"height\":1080,\"caption\":\"Boztuna Group\"},\"image\":{\"@id\":\"https:\\\/\\\/boztuna.com\\\/#\\\/schema\\\/logo\\\/image\\\/\"},\"sameAs\":[\"https:\\\/\\\/www.facebook.com\\\/boztunagroup\",\"https:\\\/\\\/www.instagram.com\\\/boztuna.trading\\\/\"]}]}<\/script>\n<!-- \/ Yoast SEO plugin. -->","yoast_head_json":{"title":"Pera POAX TG 64 Ankastre Gazl\u0131 Ocak Silver - Boztuna Group","robots":{"index":"index","follow":"follow","max-snippet":"max-snippet:-1","max-image-preview":"max-image-preview:large","max-video-preview":"max-video-preview:-1"},"canonical":"https:\/\/boztuna.com\/en\/product\/pera-poax-tg-64-ankastre-gazli-ocak-silver-2\/","og_locale":"en_GB","og_type":"article","og_title":"Pera POAX TG 64 Ankastre Gazl\u0131 Ocak Silver - Boztuna Group","og_description":"Pera POAX TG 64 Ankastre Gazl\u0131 Ocak \u00d6zellikleri GENEL \u00d6ZELL\u0130KLER Kullan\u0131m TipiAnkastre \u00dcr\u00fcn TipiKlasik Ocak Ocak TipiGazl\u0131 Ocak Ate\u015fleme TipiD\u00fc\u011fmeden Ate\u015fleme Gaz EmniyetiVar LPG UyumuVar \u00d6ZELL\u0130KLER Izgara MalzemesiEmaye Izgara Gazl\u0131 G\u00f6zVar Elektrikli G\u00f6zYok Wok G\u00f6z\u00fcYok K\u00fc\u00e7\u00fck G\u00f6z Adedi1 Orta G\u00f6z Adedi2 B\u00fcy\u00fck G\u00f6z Adedi1 Toplam G\u00f6z Adedi4 TASARIM D\u00fc\u011fme TipiDairesel D\u00fc\u011fme D\u00fc\u011fme KonumuYandan D\u00fc\u011fmeli Ocak [&hellip;]","og_url":"https:\/\/boztuna.com\/en\/product\/pera-poax-tg-64-ankastre-gazli-ocak-silver-2\/","og_site_name":"Boztuna Group","article_publisher":"https:\/\/www.facebook.com\/boztunagroup","article_modified_time":"2026-04-20T13:24:37+00:00","og_image":[{"width":800,"height":800,"url":"https:\/\/boztuna.com\/wp-content\/uploads\/2025\/12\/peraock.png","type":"image\/png"}],"twitter_card":"summary_large_image","schema":{"@context":"https:\/\/schema.org","@graph":[{"@type":"WebPage","@id":"https:\/\/boztuna.com\/urun\/pera-poax-tg-64-ankastre-gazli-ocak-silver-2\/","url":"https:\/\/boztuna.com\/urun\/pera-poax-tg-64-ankastre-gazli-ocak-silver-2\/","name":"Pera POAX TG 64 Ankastre Gazl\u0131 Ocak Silver - Boztuna Group","isPartOf":{"@id":"https:\/\/boztuna.com\/#website"},"primaryImageOfPage":{"@id":"https:\/\/boztuna.com\/urun\/pera-poax-tg-64-ankastre-gazli-ocak-silver-2\/#primaryimage"},"image":{"@id":"https:\/\/boztuna.com\/urun\/pera-poax-tg-64-ankastre-gazli-ocak-silver-2\/#primaryimage"},"thumbnailUrl":"https:\/\/boztuna.com\/wp-content\/uploads\/2025\/12\/peraock.png","datePublished":"2025-12-24T08:33:13+00:00","dateModified":"2026-04-20T13:24:37+00:00","breadcrumb":{"@id":"https:\/\/boztuna.com\/urun\/pera-poax-tg-64-ankastre-gazli-ocak-silver-2\/#breadcrumb"},"inLanguage":"en-GB","potentialAction":[{"@type":"ReadAction","target":["https:\/\/boztuna.com\/urun\/pera-poax-tg-64-ankastre-gazli-ocak-silver-2\/"]}]},{"@type":"ImageObject","inLanguage":"en-GB","@id":"https:\/\/boztuna.com\/urun\/pera-poax-tg-64-ankastre-gazli-ocak-silver-2\/#primaryimage","url":"https:\/\/boztuna.com\/wp-content\/uploads\/2025\/12\/peraock.png","contentUrl":"https:\/\/boztuna.com\/wp-content\/uploads\/2025\/12\/peraock.png","width":800,"height":800},{"@type":"BreadcrumbList","@id":"https:\/\/boztuna.com\/urun\/pera-poax-tg-64-ankastre-gazli-ocak-silver-2\/#breadcrumb","itemListElement":[{"@type":"ListItem","position":1,"name":"Home","item":"https:\/\/boztuna.com\/"},{"@type":"ListItem","position":2,"name":"Ma\u011faza","item":"https:\/\/boztuna.com\/shop\/"},{"@type":"ListItem","position":3,"name":"Pera POAX TG 64 Ankastre Gazl\u0131 Ocak Silver"}]},{"@type":"WebSite","@id":"https:\/\/boztuna.com\/#website","url":"https:\/\/boztuna.com\/","name":"Boztuna Group","description":"Boztuna Group Resmi Web Sitesi","publisher":{"@id":"https:\/\/boztuna.com\/#organization"},"potentialAction":[{"@type":"SearchAction","target":{"@type":"EntryPoint","urlTemplate":"https:\/\/boztuna.com\/?s={search_term_string}"},"query-input":{"@type":"PropertyValueSpecification","valueRequired":true,"valueName":"search_term_string"}}],"inLanguage":"en-GB"},{"@type":"Organization","@id":"https:\/\/boztuna.com\/#organization","name":"Boztuna Group","url":"https:\/\/boztuna.com\/","logo":{"@type":"ImageObject","inLanguage":"en-GB","@id":"https:\/\/boztuna.com\/#\/schema\/logo\/image\/","url":"https:\/\/boztuna.com\/wp-content\/uploads\/2023\/12\/Boztuna-Flash.png","contentUrl":"https:\/\/boztuna.com\/wp-content\/uploads\/2023\/12\/Boztuna-Flash.png","width":1080,"height":1080,"caption":"Boztuna Group"},"image":{"@id":"https:\/\/boztuna.com\/#\/schema\/logo\/image\/"},"sameAs":["https:\/\/www.facebook.com\/boztunagroup","https:\/\/www.instagram.com\/boztuna.trading\/"]}]}},"_links":{"self":[{"href":"https:\/\/boztuna.com\/en\/wp-json\/wp\/v2\/product\/9551","targetHints":{"allow":["GET"]}}],"collection":[{"href":"https:\/\/boztuna.com\/en\/wp-json\/wp\/v2\/product"}],"about":[{"href":"https:\/\/boztuna.com\/en\/wp-json\/wp\/v2\/types\/product"}],"replies":[{"embeddable":true,"href":"https:\/\/boztuna.com\/en\/wp-json\/wp\/v2\/comments?post=9551"}],"version-history":[{"count":1,"href":"https:\/\/boztuna.com\/en\/wp-json\/wp\/v2\/product\/9551\/revisions"}],"predecessor-version":[{"id":11371,"href":"https:\/\/boztuna.com\/en\/wp-json\/wp\/v2\/product\/9551\/revisions\/11371"}],"wp:featuredmedia":[{"embeddable":true,"href":"https:\/\/boztuna.com\/en\/wp-json\/wp\/v2\/media\/9890"}],"wp:attachment":[{"href":"https:\/\/boztuna.com\/en\/wp-json\/wp\/v2\/media?parent=9551"}],"wp:term":[{"taxonomy":"product_brand","embeddable":true,"href":"https:\/\/boztuna.com\/en\/wp-json\/wp\/v2\/product_brand?post=9551"},{"taxonomy":"product_cat","embeddable":true,"href":"https:\/\/boztuna.com\/en\/wp-json\/wp\/v2\/product_cat?post=9551"},{"taxonomy":"product_tag","embeddable":true,"href":"https:\/\/boztuna.com\/en\/wp-json\/wp\/v2\/product_tag?post=9551"}],"curies":[{"name":"wp","href":"https:\/\/api.w.org\/{rel}","templated":true}]}}