

{"id":9549,"date":"2025-12-24T08:33:09","date_gmt":"2025-12-24T08:33:09","guid":{"rendered":"https:\/\/boztuna.com\/product\/pera-poae-agd-r64-4-goz-gazli-ocak-siyah-2\/"},"modified":"2026-04-20T13:24:51","modified_gmt":"2026-04-20T13:24:51","slug":"pera-poae-agd-r64-4-goz-gazli-ocak-siyah-2","status":"publish","type":"product","link":"https:\/\/boztuna.com\/en\/product\/pera-poae-agd-r64-4-goz-gazli-ocak-siyah-2\/","title":{"rendered":"PERA POAE AGD R64 4 GOZ GAZLI OCAK SIYAH"},"content":{"rendered":"<h3 class=\"fusion-woocommerce-tab-title fusion-responsive-typography-calculated\" data-fontsize=\"14\" data-lineheight=\"18.2px\">A\u00e7\u0131klama<\/h3>\n<div class=\"fusion-fullwidth fullwidth-box fusion-builder-row-1 fusion-flex-container nonhundred-percent-fullwidth non-hundred-percent-height-scrolling\">\n<div class=\"fusion-builder-row fusion-row fusion-flex-align-items-flex-start fusion-flex-content-wrap\">\n<div class=\"fusion-layout-column fusion_builder_column fusion-builder-column-0 fusion_builder_column_1_1 1_1 fusion-flex-column\">\n<div class=\"fusion-column-wrapper fusion-column-has-shadow fusion-flex-justify-content-flex-start fusion-content-layout-column\">\n<div class=\"fusion-text fusion-text-1\">\n<div>4 g\u00f6z\u00fc gazl\u0131<\/div>\n<div>\n<div>60 cm<\/div>\n<div>Ankastre siyah cam y\u00fczey<\/div>\n<div>Do\u011falgaz \/ LPG d\u00f6n\u00fc\u015f\u00fcm olana\u011f\u0131<\/div>\n<div>D\u00fc\u011fmeden otomatik ate\u015fleme sistemi<\/div>\n<div>Emaye \u0131zgara<\/div>\n<div>Izgaralar aras\u0131 daha geni\u015f kullan\u0131m alan\u0131<\/div>\n<div>Otomatik gaz kesme emniyet sistemi<\/div>\n<div>Yandan d\u00fc\u011fme kontroll\u00fc<\/div>\n<\/div>\n<\/div>\n<\/div>\n<\/div>\n<\/div>\n<\/div>","protected":false},"excerpt":{"rendered":"<p>A\u00e7\u0131klama 4 g\u00f6z\u00fc gazl\u0131 60 cm Ankastre siyah cam y\u00fczey Do\u011falgaz \/ LPG d\u00f6n\u00fc\u015f\u00fcm olana\u011f\u0131 D\u00fc\u011fmeden otomatik ate\u015fleme sistemi Emaye \u0131zgara Izgaralar aras\u0131 daha geni\u015f kullan\u0131m alan\u0131 Otomatik gaz kesme emniyet sistemi Yandan d\u00fc\u011fme kontroll\u00fc<\/p>","protected":false},"featured_media":9888,"comment_status":"open","ping_status":"closed","template":"","meta":{"_joinchat":[]},"product_brand":[],"product_cat":[298],"product_tag":[],"class_list":{"0":"post-9549","1":"product","2":"type-product","3":"status-publish","4":"has-post-thumbnail","6":"product_cat-beyaz-esya-ve-klimalar","8":"first","9":"instock","10":"sale","11":"shipping-taxable","12":"purchasable","13":"product-type-simple"},"yoast_head":"<!-- This site is optimized with the Yoast SEO plugin v27.4 - https:\/\/yoast.com\/product\/yoast-seo-wordpress\/ -->\n<title>PERA POAE AGD R64 4 GOZ GAZLI OCAK SIYAH - Boztuna Group<\/title>\n<meta name=\"robots\" content=\"index, follow, max-snippet:-1, max-image-preview:large, max-video-preview:-1\" \/>\n<link rel=\"canonical\" href=\"https:\/\/boztuna.com\/en\/product\/pera-poae-agd-r64-4-goz-gazli-ocak-siyah-2\/\" \/>\n<meta property=\"og:locale\" content=\"en_GB\" \/>\n<meta property=\"og:type\" content=\"article\" \/>\n<meta property=\"og:title\" content=\"PERA POAE AGD R64 4 GOZ GAZLI OCAK SIYAH - Boztuna Group\" \/>\n<meta property=\"og:description\" content=\"A\u00e7\u0131klama 4 g\u00f6z\u00fc gazl\u0131 60 cm Ankastre siyah cam y\u00fczey Do\u011falgaz \/ LPG d\u00f6n\u00fc\u015f\u00fcm olana\u011f\u0131 D\u00fc\u011fmeden otomatik ate\u015fleme sistemi Emaye \u0131zgara Izgaralar aras\u0131 daha geni\u015f kullan\u0131m alan\u0131 Otomatik gaz kesme emniyet sistemi Yandan d\u00fc\u011fme kontroll\u00fc\" \/>\n<meta property=\"og:url\" content=\"https:\/\/boztuna.com\/en\/product\/pera-poae-agd-r64-4-goz-gazli-ocak-siyah-2\/\" \/>\n<meta property=\"og:site_name\" content=\"Boztuna Group\" \/>\n<meta property=\"article:publisher\" content=\"https:\/\/www.facebook.com\/boztunagroup\" \/>\n<meta property=\"article:modified_time\" content=\"2026-04-20T13:24:51+00:00\" \/>\n<meta property=\"og:image\" content=\"https:\/\/boztuna.com\/wp-content\/uploads\/2025\/12\/pera_ock_1.png\" \/>\n\t<meta property=\"og:image:width\" content=\"800\" \/>\n\t<meta property=\"og:image:height\" content=\"800\" \/>\n\t<meta property=\"og:image:type\" content=\"image\/png\" \/>\n<meta name=\"twitter:card\" content=\"summary_large_image\" \/>\n<script type=\"application\/ld+json\" class=\"yoast-schema-graph\">{\"@context\":\"https:\\\/\\\/schema.org\",\"@graph\":[{\"@type\":\"WebPage\",\"@id\":\"https:\\\/\\\/boztuna.com\\\/urun\\\/pera-poae-agd-r64-4-goz-gazli-ocak-siyah-2\\\/\",\"url\":\"https:\\\/\\\/boztuna.com\\\/urun\\\/pera-poae-agd-r64-4-goz-gazli-ocak-siyah-2\\\/\",\"name\":\"PERA POAE AGD R64 4 GOZ GAZLI OCAK SIYAH - Boztuna Group\",\"isPartOf\":{\"@id\":\"https:\\\/\\\/boztuna.com\\\/#website\"},\"primaryImageOfPage\":{\"@id\":\"https:\\\/\\\/boztuna.com\\\/urun\\\/pera-poae-agd-r64-4-goz-gazli-ocak-siyah-2\\\/#primaryimage\"},\"image\":{\"@id\":\"https:\\\/\\\/boztuna.com\\\/urun\\\/pera-poae-agd-r64-4-goz-gazli-ocak-siyah-2\\\/#primaryimage\"},\"thumbnailUrl\":\"https:\\\/\\\/boztuna.com\\\/wp-content\\\/uploads\\\/2025\\\/12\\\/pera_ock_1.png\",\"datePublished\":\"2025-12-24T08:33:09+00:00\",\"dateModified\":\"2026-04-20T13:24:51+00:00\",\"breadcrumb\":{\"@id\":\"https:\\\/\\\/boztuna.com\\\/urun\\\/pera-poae-agd-r64-4-goz-gazli-ocak-siyah-2\\\/#breadcrumb\"},\"inLanguage\":\"en-GB\",\"potentialAction\":[{\"@type\":\"ReadAction\",\"target\":[\"https:\\\/\\\/boztuna.com\\\/urun\\\/pera-poae-agd-r64-4-goz-gazli-ocak-siyah-2\\\/\"]}]},{\"@type\":\"ImageObject\",\"inLanguage\":\"en-GB\",\"@id\":\"https:\\\/\\\/boztuna.com\\\/urun\\\/pera-poae-agd-r64-4-goz-gazli-ocak-siyah-2\\\/#primaryimage\",\"url\":\"https:\\\/\\\/boztuna.com\\\/wp-content\\\/uploads\\\/2025\\\/12\\\/pera_ock_1.png\",\"contentUrl\":\"https:\\\/\\\/boztuna.com\\\/wp-content\\\/uploads\\\/2025\\\/12\\\/pera_ock_1.png\",\"width\":800,\"height\":800},{\"@type\":\"BreadcrumbList\",\"@id\":\"https:\\\/\\\/boztuna.com\\\/urun\\\/pera-poae-agd-r64-4-goz-gazli-ocak-siyah-2\\\/#breadcrumb\",\"itemListElement\":[{\"@type\":\"ListItem\",\"position\":1,\"name\":\"Home\",\"item\":\"https:\\\/\\\/boztuna.com\\\/\"},{\"@type\":\"ListItem\",\"position\":2,\"name\":\"Ma\u011faza\",\"item\":\"https:\\\/\\\/boztuna.com\\\/shop\\\/\"},{\"@type\":\"ListItem\",\"position\":3,\"name\":\"PERA POAE AGD R64 4 GOZ GAZLI OCAK SIYAH\"}]},{\"@type\":\"WebSite\",\"@id\":\"https:\\\/\\\/boztuna.com\\\/#website\",\"url\":\"https:\\\/\\\/boztuna.com\\\/\",\"name\":\"Boztuna Group\",\"description\":\"Boztuna Group Resmi Web Sitesi\",\"publisher\":{\"@id\":\"https:\\\/\\\/boztuna.com\\\/#organization\"},\"potentialAction\":[{\"@type\":\"SearchAction\",\"target\":{\"@type\":\"EntryPoint\",\"urlTemplate\":\"https:\\\/\\\/boztuna.com\\\/?s={search_term_string}\"},\"query-input\":{\"@type\":\"PropertyValueSpecification\",\"valueRequired\":true,\"valueName\":\"search_term_string\"}}],\"inLanguage\":\"en-GB\"},{\"@type\":\"Organization\",\"@id\":\"https:\\\/\\\/boztuna.com\\\/#organization\",\"name\":\"Boztuna Group\",\"url\":\"https:\\\/\\\/boztuna.com\\\/\",\"logo\":{\"@type\":\"ImageObject\",\"inLanguage\":\"en-GB\",\"@id\":\"https:\\\/\\\/boztuna.com\\\/#\\\/schema\\\/logo\\\/image\\\/\",\"url\":\"https:\\\/\\\/boztuna.com\\\/wp-content\\\/uploads\\\/2023\\\/12\\\/Boztuna-Flash.png\",\"contentUrl\":\"https:\\\/\\\/boztuna.com\\\/wp-content\\\/uploads\\\/2023\\\/12\\\/Boztuna-Flash.png\",\"width\":1080,\"height\":1080,\"caption\":\"Boztuna Group\"},\"image\":{\"@id\":\"https:\\\/\\\/boztuna.com\\\/#\\\/schema\\\/logo\\\/image\\\/\"},\"sameAs\":[\"https:\\\/\\\/www.facebook.com\\\/boztunagroup\",\"https:\\\/\\\/www.instagram.com\\\/boztuna.trading\\\/\"]}]}<\/script>\n<!-- \/ Yoast SEO plugin. -->","yoast_head_json":{"title":"PERA POAE AGD R64 4 GOZ GAZLI OCAK SIYAH - Boztuna Group","robots":{"index":"index","follow":"follow","max-snippet":"max-snippet:-1","max-image-preview":"max-image-preview:large","max-video-preview":"max-video-preview:-1"},"canonical":"https:\/\/boztuna.com\/en\/product\/pera-poae-agd-r64-4-goz-gazli-ocak-siyah-2\/","og_locale":"en_GB","og_type":"article","og_title":"PERA POAE AGD R64 4 GOZ GAZLI OCAK SIYAH - Boztuna Group","og_description":"A\u00e7\u0131klama 4 g\u00f6z\u00fc gazl\u0131 60 cm Ankastre siyah cam y\u00fczey Do\u011falgaz \/ LPG d\u00f6n\u00fc\u015f\u00fcm olana\u011f\u0131 D\u00fc\u011fmeden otomatik ate\u015fleme sistemi Emaye \u0131zgara Izgaralar aras\u0131 daha geni\u015f kullan\u0131m alan\u0131 Otomatik gaz kesme emniyet sistemi Yandan d\u00fc\u011fme kontroll\u00fc","og_url":"https:\/\/boztuna.com\/en\/product\/pera-poae-agd-r64-4-goz-gazli-ocak-siyah-2\/","og_site_name":"Boztuna Group","article_publisher":"https:\/\/www.facebook.com\/boztunagroup","article_modified_time":"2026-04-20T13:24:51+00:00","og_image":[{"width":800,"height":800,"url":"https:\/\/boztuna.com\/wp-content\/uploads\/2025\/12\/pera_ock_1.png","type":"image\/png"}],"twitter_card":"summary_large_image","schema":{"@context":"https:\/\/schema.org","@graph":[{"@type":"WebPage","@id":"https:\/\/boztuna.com\/urun\/pera-poae-agd-r64-4-goz-gazli-ocak-siyah-2\/","url":"https:\/\/boztuna.com\/urun\/pera-poae-agd-r64-4-goz-gazli-ocak-siyah-2\/","name":"PERA POAE AGD R64 4 GOZ GAZLI OCAK SIYAH - Boztuna Group","isPartOf":{"@id":"https:\/\/boztuna.com\/#website"},"primaryImageOfPage":{"@id":"https:\/\/boztuna.com\/urun\/pera-poae-agd-r64-4-goz-gazli-ocak-siyah-2\/#primaryimage"},"image":{"@id":"https:\/\/boztuna.com\/urun\/pera-poae-agd-r64-4-goz-gazli-ocak-siyah-2\/#primaryimage"},"thumbnailUrl":"https:\/\/boztuna.com\/wp-content\/uploads\/2025\/12\/pera_ock_1.png","datePublished":"2025-12-24T08:33:09+00:00","dateModified":"2026-04-20T13:24:51+00:00","breadcrumb":{"@id":"https:\/\/boztuna.com\/urun\/pera-poae-agd-r64-4-goz-gazli-ocak-siyah-2\/#breadcrumb"},"inLanguage":"en-GB","potentialAction":[{"@type":"ReadAction","target":["https:\/\/boztuna.com\/urun\/pera-poae-agd-r64-4-goz-gazli-ocak-siyah-2\/"]}]},{"@type":"ImageObject","inLanguage":"en-GB","@id":"https:\/\/boztuna.com\/urun\/pera-poae-agd-r64-4-goz-gazli-ocak-siyah-2\/#primaryimage","url":"https:\/\/boztuna.com\/wp-content\/uploads\/2025\/12\/pera_ock_1.png","contentUrl":"https:\/\/boztuna.com\/wp-content\/uploads\/2025\/12\/pera_ock_1.png","width":800,"height":800},{"@type":"BreadcrumbList","@id":"https:\/\/boztuna.com\/urun\/pera-poae-agd-r64-4-goz-gazli-ocak-siyah-2\/#breadcrumb","itemListElement":[{"@type":"ListItem","position":1,"name":"Home","item":"https:\/\/boztuna.com\/"},{"@type":"ListItem","position":2,"name":"Ma\u011faza","item":"https:\/\/boztuna.com\/shop\/"},{"@type":"ListItem","position":3,"name":"PERA POAE AGD R64 4 GOZ GAZLI OCAK SIYAH"}]},{"@type":"WebSite","@id":"https:\/\/boztuna.com\/#website","url":"https:\/\/boztuna.com\/","name":"Boztuna Group","description":"Boztuna Group Resmi Web Sitesi","publisher":{"@id":"https:\/\/boztuna.com\/#organization"},"potentialAction":[{"@type":"SearchAction","target":{"@type":"EntryPoint","urlTemplate":"https:\/\/boztuna.com\/?s={search_term_string}"},"query-input":{"@type":"PropertyValueSpecification","valueRequired":true,"valueName":"search_term_string"}}],"inLanguage":"en-GB"},{"@type":"Organization","@id":"https:\/\/boztuna.com\/#organization","name":"Boztuna Group","url":"https:\/\/boztuna.com\/","logo":{"@type":"ImageObject","inLanguage":"en-GB","@id":"https:\/\/boztuna.com\/#\/schema\/logo\/image\/","url":"https:\/\/boztuna.com\/wp-content\/uploads\/2023\/12\/Boztuna-Flash.png","contentUrl":"https:\/\/boztuna.com\/wp-content\/uploads\/2023\/12\/Boztuna-Flash.png","width":1080,"height":1080,"caption":"Boztuna Group"},"image":{"@id":"https:\/\/boztuna.com\/#\/schema\/logo\/image\/"},"sameAs":["https:\/\/www.facebook.com\/boztunagroup","https:\/\/www.instagram.com\/boztuna.trading\/"]}]}},"_links":{"self":[{"href":"https:\/\/boztuna.com\/en\/wp-json\/wp\/v2\/product\/9549","targetHints":{"allow":["GET"]}}],"collection":[{"href":"https:\/\/boztuna.com\/en\/wp-json\/wp\/v2\/product"}],"about":[{"href":"https:\/\/boztuna.com\/en\/wp-json\/wp\/v2\/types\/product"}],"replies":[{"embeddable":true,"href":"https:\/\/boztuna.com\/en\/wp-json\/wp\/v2\/comments?post=9549"}],"version-history":[{"count":1,"href":"https:\/\/boztuna.com\/en\/wp-json\/wp\/v2\/product\/9549\/revisions"}],"predecessor-version":[{"id":11359,"href":"https:\/\/boztuna.com\/en\/wp-json\/wp\/v2\/product\/9549\/revisions\/11359"}],"wp:featuredmedia":[{"embeddable":true,"href":"https:\/\/boztuna.com\/en\/wp-json\/wp\/v2\/media\/9888"}],"wp:attachment":[{"href":"https:\/\/boztuna.com\/en\/wp-json\/wp\/v2\/media?parent=9549"}],"wp:term":[{"taxonomy":"product_brand","embeddable":true,"href":"https:\/\/boztuna.com\/en\/wp-json\/wp\/v2\/product_brand?post=9549"},{"taxonomy":"product_cat","embeddable":true,"href":"https:\/\/boztuna.com\/en\/wp-json\/wp\/v2\/product_cat?post=9549"},{"taxonomy":"product_tag","embeddable":true,"href":"https:\/\/boztuna.com\/en\/wp-json\/wp\/v2\/product_tag?post=9549"}],"curies":[{"name":"wp","href":"https:\/\/api.w.org\/{rel}","templated":true}]}}