

{"id":12323,"date":"2026-03-23T17:56:59","date_gmt":"2026-03-23T17:56:59","guid":{"rendered":"https:\/\/boztuna.com\/?page_id=12323"},"modified":"2026-04-06T07:45:37","modified_gmt":"2026-04-06T07:45:37","slug":"boztuna-stok","status":"publish","type":"page","link":"https:\/\/boztuna.com\/en\/boztuna-stok\/","title":{"rendered":"Boztuna Stok"},"content":{"rendered":"<div class=\"passster-form\" id=\"ps-735\">\r\n    <form class=\"password-form\" method=\"post\" autocomplete=\"off\" target=\"_top\" action=\"\">\r\n        <h4 class=\"ps-form-headline\">G\u00fcvenli Alan<\/h4>\r\n        <div class=\"ps-form-instructions-wrap\">Bu i\u00e7erik \u015fifreyle korunmaktad\u0131r. \u0130\u00e7eri\u011fin kilidini a\u00e7mak i\u00e7in l\u00fctfen \u015fifrenizi girin.<\/div>\r\n        <fieldset>\r\n            <label for=\"input-ps-735\" style=\"display:none;\">Enter your password<\/label>\r\n            <input placeholder=\"\u015eifrenizi girin.\" type=\"password\" tabindex=\"1\" name=\"passster_password\"\r\n                   id=\"input-ps-735\" class=\"passster-password\" autocomplete=\"off\"\r\n                   data-protection-type=\"password\" data-list=\"[PASSSTER_LIST]\" data-lists=\"[PASSSTER_LISTS]\" data-area=\"[PASSSTER_AREA]\"\r\n                   data-protection=\"full\">\r\n            \r\n            <button name=\"submit\" type=\"submit\" class=\"passster-submit\" data-psid=\"ps-735\" data-post-id=\"12323\" \r\n                    data-submit=\"...Checking Password\" data-redirect=\"\">Kilidi a\u00e7\r\n            <\/button>\r\n            <div class=\"passster-error\"><\/div>\r\n        <\/fieldset>\r\n    <input type=\"hidden\" name=\"trp-form-language\" value=\"en\"\/><\/form>\r\n<\/div>","protected":false},"excerpt":{"rendered":"<div class=\"passster-form\" id=\"ps-735\">\n<form class=\"password-form\" method=\"post\" autocomplete=\"off\" target=\"_top\" action=\"\">\n<h4 class=\"ps-form-headline\">G\u00fcvenli Alan<\/h4>\n<div class=\"ps-form-instructions-wrap\">Bu i\u00e7erik \u015fifreyle korunmaktad\u0131r. \u0130\u00e7eri\u011fin kilidini a\u00e7mak i\u00e7in l\u00fctfen \u015fifrenizi girin.<\/div>\n<fieldset>\n            <label for=\"input-ps-735\" style=\"display:none;\">Enter your password<\/label><br \/>\n            <input placeholder=\"\u015eifrenizi girin.\" type=\"password\" tabindex=\"1\" name=\"passster_password\"\n                   id=\"input-ps-735\" class=\"passster-password\" autocomplete=\"off\"\n                   data-protection-type=\"password\" data-list=\"[PASSSTER_LIST]\" data-lists=\"[PASSSTER_LISTS]\" data-area=\"[PASSSTER_AREA]\"\n                   data-protection=\"full\"><\/p>\n<p>            <button name=\"submit\" type=\"submit\" class=\"passster-submit\" data-psid=\"ps-735\" data-post-id=\"12323\" \n                    data-submit=\"...Checking Password\" data-redirect=\"\">Kilidi a\u00e7<br \/>\n            <\/button><\/p>\n<div class=\"passster-error\"><\/div>\n<\/fieldset><input type=\"hidden\" name=\"trp-form-language\" value=\"en\"\/><\/form>\n<\/div>","protected":false},"author":1,"featured_media":0,"parent":0,"menu_order":0,"comment_status":"closed","ping_status":"closed","template":"","meta":{"_joinchat":[],"footnotes":""},"class_list":["post-12323","page","type-page","status-publish","hentry"],"yoast_head":"<!-- This site is optimized with the Yoast SEO plugin v27.4 - https:\/\/yoast.com\/product\/yoast-seo-wordpress\/ -->\n<title>Boztuna Stok - Boztuna Group<\/title>\n<meta name=\"robots\" content=\"index, follow, max-snippet:-1, max-image-preview:large, max-video-preview:-1\" \/>\n<link rel=\"canonical\" href=\"https:\/\/boztuna.com\/en\/boztuna-stok\/\" \/>\n<meta property=\"og:locale\" content=\"en_GB\" \/>\n<meta property=\"og:type\" content=\"article\" \/>\n<meta property=\"og:title\" content=\"Boztuna Stok - Boztuna Group\" \/>\n<meta property=\"og:description\" content=\"G\u00fcvenli Alan     Bu i\u00e7erik \u015fifreyle korunmaktad\u0131r. \u0130\u00e7eri\u011fin kilidini a\u00e7mak i\u00e7in l\u00fctfen \u015fifrenizi girin.            Enter your password                     Kilidi a\u00e7\" \/>\n<meta property=\"og:url\" content=\"https:\/\/boztuna.com\/en\/boztuna-stok\/\" \/>\n<meta property=\"og:site_name\" content=\"Boztuna Group\" \/>\n<meta property=\"article:publisher\" content=\"https:\/\/www.facebook.com\/boztunagroup\" \/>\n<meta property=\"article:modified_time\" content=\"2026-04-06T07:45:37+00:00\" \/>\n<meta property=\"og:image\" content=\"https:\/\/boztuna.com\/wp-content\/uploads\/2023\/12\/Boztuna-Flash.png\" \/>\n\t<meta property=\"og:image:width\" content=\"1080\" \/>\n\t<meta property=\"og:image:height\" content=\"1080\" \/>\n\t<meta property=\"og:image:type\" content=\"image\/png\" \/>\n<meta name=\"twitter:card\" content=\"summary_large_image\" \/>\n<meta name=\"twitter:label1\" content=\"Estimated reading time\" \/>\n\t<meta name=\"twitter:data1\" content=\"1 minute\" \/>\n<script type=\"application\/ld+json\" class=\"yoast-schema-graph\">{\"@context\":\"https:\\\/\\\/schema.org\",\"@graph\":[{\"@type\":\"WebPage\",\"@id\":\"https:\\\/\\\/boztuna.com\\\/boztuna-stok\\\/\",\"url\":\"https:\\\/\\\/boztuna.com\\\/boztuna-stok\\\/\",\"name\":\"Boztuna Stok - Boztuna Group\",\"isPartOf\":{\"@id\":\"https:\\\/\\\/boztuna.com\\\/#website\"},\"datePublished\":\"2026-03-23T17:56:59+00:00\",\"dateModified\":\"2026-04-06T07:45:37+00:00\",\"breadcrumb\":{\"@id\":\"https:\\\/\\\/boztuna.com\\\/boztuna-stok\\\/#breadcrumb\"},\"inLanguage\":\"en-GB\",\"potentialAction\":[{\"@type\":\"ReadAction\",\"target\":[\"https:\\\/\\\/boztuna.com\\\/boztuna-stok\\\/\"]}]},{\"@type\":\"BreadcrumbList\",\"@id\":\"https:\\\/\\\/boztuna.com\\\/boztuna-stok\\\/#breadcrumb\",\"itemListElement\":[{\"@type\":\"ListItem\",\"position\":1,\"name\":\"Home\",\"item\":\"https:\\\/\\\/boztuna.com\\\/\"},{\"@type\":\"ListItem\",\"position\":2,\"name\":\"Boztuna Stok\"}]},{\"@type\":\"WebSite\",\"@id\":\"https:\\\/\\\/boztuna.com\\\/#website\",\"url\":\"https:\\\/\\\/boztuna.com\\\/\",\"name\":\"Boztuna Group\",\"description\":\"Boztuna Group Resmi Web Sitesi\",\"publisher\":{\"@id\":\"https:\\\/\\\/boztuna.com\\\/#organization\"},\"potentialAction\":[{\"@type\":\"SearchAction\",\"target\":{\"@type\":\"EntryPoint\",\"urlTemplate\":\"https:\\\/\\\/boztuna.com\\\/?s={search_term_string}\"},\"query-input\":{\"@type\":\"PropertyValueSpecification\",\"valueRequired\":true,\"valueName\":\"search_term_string\"}}],\"inLanguage\":\"en-GB\"},{\"@type\":\"Organization\",\"@id\":\"https:\\\/\\\/boztuna.com\\\/#organization\",\"name\":\"Boztuna Group\",\"url\":\"https:\\\/\\\/boztuna.com\\\/\",\"logo\":{\"@type\":\"ImageObject\",\"inLanguage\":\"en-GB\",\"@id\":\"https:\\\/\\\/boztuna.com\\\/#\\\/schema\\\/logo\\\/image\\\/\",\"url\":\"https:\\\/\\\/boztuna.com\\\/wp-content\\\/uploads\\\/2023\\\/12\\\/Boztuna-Flash.png\",\"contentUrl\":\"https:\\\/\\\/boztuna.com\\\/wp-content\\\/uploads\\\/2023\\\/12\\\/Boztuna-Flash.png\",\"width\":1080,\"height\":1080,\"caption\":\"Boztuna Group\"},\"image\":{\"@id\":\"https:\\\/\\\/boztuna.com\\\/#\\\/schema\\\/logo\\\/image\\\/\"},\"sameAs\":[\"https:\\\/\\\/www.facebook.com\\\/boztunagroup\",\"https:\\\/\\\/www.instagram.com\\\/boztuna.trading\\\/\"]}]}<\/script>\n<!-- \/ Yoast SEO plugin. -->","yoast_head_json":{"title":"Boztuna Stok - Boztuna Group","robots":{"index":"index","follow":"follow","max-snippet":"max-snippet:-1","max-image-preview":"max-image-preview:large","max-video-preview":"max-video-preview:-1"},"canonical":"https:\/\/boztuna.com\/en\/boztuna-stok\/","og_locale":"en_GB","og_type":"article","og_title":"Boztuna Stok - Boztuna Group","og_description":"G\u00fcvenli Alan     Bu i\u00e7erik \u015fifreyle korunmaktad\u0131r. \u0130\u00e7eri\u011fin kilidini a\u00e7mak i\u00e7in l\u00fctfen \u015fifrenizi girin.            Enter your password                     Kilidi a\u00e7","og_url":"https:\/\/boztuna.com\/en\/boztuna-stok\/","og_site_name":"Boztuna Group","article_publisher":"https:\/\/www.facebook.com\/boztunagroup","article_modified_time":"2026-04-06T07:45:37+00:00","og_image":[{"width":1080,"height":1080,"url":"https:\/\/boztuna.com\/wp-content\/uploads\/2023\/12\/Boztuna-Flash.png","type":"image\/png"}],"twitter_card":"summary_large_image","twitter_misc":{"Estimated reading time":"1 minute"},"schema":{"@context":"https:\/\/schema.org","@graph":[{"@type":"WebPage","@id":"https:\/\/boztuna.com\/boztuna-stok\/","url":"https:\/\/boztuna.com\/boztuna-stok\/","name":"Boztuna Stok - Boztuna Group","isPartOf":{"@id":"https:\/\/boztuna.com\/#website"},"datePublished":"2026-03-23T17:56:59+00:00","dateModified":"2026-04-06T07:45:37+00:00","breadcrumb":{"@id":"https:\/\/boztuna.com\/boztuna-stok\/#breadcrumb"},"inLanguage":"en-GB","potentialAction":[{"@type":"ReadAction","target":["https:\/\/boztuna.com\/boztuna-stok\/"]}]},{"@type":"BreadcrumbList","@id":"https:\/\/boztuna.com\/boztuna-stok\/#breadcrumb","itemListElement":[{"@type":"ListItem","position":1,"name":"Home","item":"https:\/\/boztuna.com\/"},{"@type":"ListItem","position":2,"name":"Boztuna Stok"}]},{"@type":"WebSite","@id":"https:\/\/boztuna.com\/#website","url":"https:\/\/boztuna.com\/","name":"Boztuna Group","description":"Boztuna Group Resmi Web Sitesi","publisher":{"@id":"https:\/\/boztuna.com\/#organization"},"potentialAction":[{"@type":"SearchAction","target":{"@type":"EntryPoint","urlTemplate":"https:\/\/boztuna.com\/?s={search_term_string}"},"query-input":{"@type":"PropertyValueSpecification","valueRequired":true,"valueName":"search_term_string"}}],"inLanguage":"en-GB"},{"@type":"Organization","@id":"https:\/\/boztuna.com\/#organization","name":"Boztuna Group","url":"https:\/\/boztuna.com\/","logo":{"@type":"ImageObject","inLanguage":"en-GB","@id":"https:\/\/boztuna.com\/#\/schema\/logo\/image\/","url":"https:\/\/boztuna.com\/wp-content\/uploads\/2023\/12\/Boztuna-Flash.png","contentUrl":"https:\/\/boztuna.com\/wp-content\/uploads\/2023\/12\/Boztuna-Flash.png","width":1080,"height":1080,"caption":"Boztuna Group"},"image":{"@id":"https:\/\/boztuna.com\/#\/schema\/logo\/image\/"},"sameAs":["https:\/\/www.facebook.com\/boztunagroup","https:\/\/www.instagram.com\/boztuna.trading\/"]}]}},"_links":{"self":[{"href":"https:\/\/boztuna.com\/en\/wp-json\/wp\/v2\/pages\/12323","targetHints":{"allow":["GET"]}}],"collection":[{"href":"https:\/\/boztuna.com\/en\/wp-json\/wp\/v2\/pages"}],"about":[{"href":"https:\/\/boztuna.com\/en\/wp-json\/wp\/v2\/types\/page"}],"author":[{"embeddable":true,"href":"https:\/\/boztuna.com\/en\/wp-json\/wp\/v2\/users\/1"}],"replies":[{"embeddable":true,"href":"https:\/\/boztuna.com\/en\/wp-json\/wp\/v2\/comments?post=12323"}],"version-history":[{"count":2,"href":"https:\/\/boztuna.com\/en\/wp-json\/wp\/v2\/pages\/12323\/revisions"}],"predecessor-version":[{"id":12326,"href":"https:\/\/boztuna.com\/en\/wp-json\/wp\/v2\/pages\/12323\/revisions\/12326"}],"wp:attachment":[{"href":"https:\/\/boztuna.com\/en\/wp-json\/wp\/v2\/media?parent=12323"}],"curies":[{"name":"wp","href":"https:\/\/api.w.org\/{rel}","templated":true}]}}